{"id":735074,"date":"2025-08-27T22:40:45","date_gmt":"2025-08-27T19:40:45","guid":{"rendered":"https:\/\/roveyayinevi.com.tr\/index.php\/urun\/uzay-macerasi-canim-kitabim-3\/"},"modified":"2026-04-16T02:42:59","modified_gmt":"2026-04-15T23:42:59","slug":"uzay-macerasi-canim-kitabim-3","status":"publish","type":"product","link":"https:\/\/roveyayinevi.com.tr\/index.php\/urun\/uzay-macerasi-canim-kitabim-3\/","title":{"rendered":"Uzay Maceras\u0131 &#8211; Can\u0131m Kitab\u0131m 3"},"content":{"rendered":"<p>Okul \u00f6ncesi d\u00f6nemdeki \u00e7ocuklar\u0131n ince motor ve bili\u015fsel geli\u015fimlerini desteklemek amac\u0131yla haz\u0131rlanm\u0131\u015f  bu kitapta;- g\u00f6rsel dikkat- k\u0131sa s\u00fcreli haf\u0131za- say\u0131 tan\u0131ma-labirent- boyama egzersizleri bulunmaktad\u0131r.\u00c7ocuklar kitaptaki etkinlikleri yaparken hem e\u011flenecek hem de \u00f6\u011frenecekler.<\/p>\n","protected":false},"excerpt":{"rendered":"<p>Okul \u00f6ncesi d\u00f6nemdeki \u00e7ocuklar\u0131n ince motor ve bili\u015fsel geli\u015fimlerini desteklemek amac\u0131yla haz\u0131rlanm\u0131\u015f bu kitapta;- g\u00f6rsel dikkat- k\u0131sa s\u00fcreli haf\u0131za- say\u0131 tan\u0131ma-labirent- boyama egzersizleri bulunmaktad\u0131r.\u00c7ocuklar kitaptaki etkinlikleri<span class=\"excerpt-hellip\"> [\u2026]<\/span><\/p>\n","protected":false},"featured_media":0,"template":"","meta":{"_monsterinsights_skip_tracking":false,"_monsterinsights_sitenote_active":false,"_monsterinsights_sitenote_note":"","_monsterinsights_sitenote_category":0},"product_brand":[],"product_cat":[12274,24599],"product_tag":[],"class_list":{"0":"post-735074","1":"product","2":"type-product","3":"status-publish","5":"product_cat-cocuk-ve-genclik-kitaplari","6":"product_cat-zeka-gelisimi","7":"pa_cilt-ciltsiz","8":"pa_tur-kitap","9":"pa_yayinevi-cinar-yayinlari","10":"pa_yazar-kolektif","12":"first","13":"instock","14":"sale","15":"shipping-taxable","16":"purchasable","17":"product-type-simple"},"_links":{"self":[{"href":"https:\/\/roveyayinevi.com.tr\/index.php\/wp-json\/wp\/v2\/product\/735074","targetHints":{"allow":["GET"]}}],"collection":[{"href":"https:\/\/roveyayinevi.com.tr\/index.php\/wp-json\/wp\/v2\/product"}],"about":[{"href":"https:\/\/roveyayinevi.com.tr\/index.php\/wp-json\/wp\/v2\/types\/product"}],"wp:attachment":[{"href":"https:\/\/roveyayinevi.com.tr\/index.php\/wp-json\/wp\/v2\/media?parent=735074"}],"wp:term":[{"taxonomy":"product_brand","embeddable":true,"href":"https:\/\/roveyayinevi.com.tr\/index.php\/wp-json\/wp\/v2\/product_brand?post=735074"},{"taxonomy":"product_cat","embeddable":true,"href":"https:\/\/roveyayinevi.com.tr\/index.php\/wp-json\/wp\/v2\/product_cat?post=735074"},{"taxonomy":"product_tag","embeddable":true,"href":"https:\/\/roveyayinevi.com.tr\/index.php\/wp-json\/wp\/v2\/product_tag?post=735074"}],"curies":[{"name":"wp","href":"https:\/\/api.w.org\/{rel}","templated":true}]}}