{"id":735068,"date":"2025-08-27T22:40:39","date_gmt":"2025-08-27T19:40:39","guid":{"rendered":"https:\/\/roveyayinevi.com.tr\/index.php\/urun\/deniz-kizi-agladiginda-ciltli\/"},"modified":"2026-04-08T02:52:23","modified_gmt":"2026-04-07T23:52:23","slug":"deniz-kizi-agladiginda-ciltli","status":"publish","type":"product","link":"https:\/\/roveyayinevi.com.tr\/index.php\/urun\/deniz-kizi-agladiginda-ciltli\/","title":{"rendered":"Deniz K\u0131z\u0131 A\u011flad\u0131\u011f\u0131nda (Ciltli)"},"content":{"rendered":"<p>Erin serbest b\u0131rakt\u0131\u011f\u0131 g\u00fcc\u00fcn b\u00fcy\u00fckl\u00fc\u011f\u00fcnden bihaberdir. Asl\u0131na bak\u0131l\u0131rsa t\u00fcm cad\u0131lar neyle kar\u015f\u0131 kar\u015f\u0131ya olduklar\u0131n\u0131 ger\u00e7ekte bilmiyordur. Oysa baksalar tanr\u0131sal varl\u0131klar\u0131n tir tir titreyi\u015fine k\u0131yametin kopaca\u011f\u0131n\u0131 anlayabilirler.\u0130ki Titani\u00e7e, aralar\u0131ndaki sava\u015f\u0131 taraflar\u0131na ba\u015fka Tanr\u0131lar\u0131 \u00e7ekerek b\u00fcy\u00fctecektir. Bu art\u0131k sadece cad\u0131lar\u0131n de\u011fil, t\u00fcm d\u00fcnyalar\u0131n kaderini belirleyecek b\u00fcy\u00fckl\u00fckte bir m\u00fccadeledir.Deniz K\u0131z\u0131 A\u011flad\u0131\u011f\u0131nda g\u00f6k kar\u015f\u0131l\u0131k verir O\u2019na. Y\u0131rt\u0131l\u0131r cennet, cam k\u0131r\u0131klar\u0131 gibi ya\u011far insanl\u0131\u011f\u0131n \u00fcst\u00fcne. Tanr\u0131lar hayk\u0131r\u0131r \u00f6fkesini. Ve dillendirir Titani\u00e7e \u015fark\u0131s\u0131n\u0131, bo\u011faz\u0131ndaki t\u00fcm \u015felalelerle.Vhartlox Cad\u0131 Akademisi Serisi, Hekate&#8217;nin K\u0131zlar\u0131&#8217;ndan sonra Deniz K\u0131z\u0131 A\u011flad\u0131\u011f\u0131nda ile h\u0131z kesmeden devam ediyor.<\/p>\n","protected":false},"excerpt":{"rendered":"<p>Erin serbest b\u0131rakt\u0131\u011f\u0131 g\u00fcc\u00fcn b\u00fcy\u00fckl\u00fc\u011f\u00fcnden bihaberdir. Asl\u0131na bak\u0131l\u0131rsa t\u00fcm cad\u0131lar neyle kar\u015f\u0131 kar\u015f\u0131ya olduklar\u0131n\u0131 ger\u00e7ekte bilmiyordur. Oysa baksalar tanr\u0131sal varl\u0131klar\u0131n tir tir titreyi\u015fine k\u0131yametin kopaca\u011f\u0131n\u0131 anlayabilirler.\u0130ki<span class=\"excerpt-hellip\"> [\u2026]<\/span><\/p>\n","protected":false},"featured_media":0,"template":"","meta":{"_monsterinsights_skip_tracking":false,"_monsterinsights_sitenote_active":false,"_monsterinsights_sitenote_note":"","_monsterinsights_sitenote_category":0},"product_brand":[],"product_cat":[12291,12711],"product_tag":[],"class_list":{"0":"post-735068","1":"product","2":"type-product","3":"status-publish","5":"product_cat-edebiyat","6":"product_cat-roman-oyku","7":"pa_cilt-ciltli","8":"pa_tur-kitap","9":"pa_yayinevi-ephesus-yayinlari","10":"pa_yazar-ekin-s-koch","12":"first","13":"instock","14":"sale","15":"shipping-taxable","16":"purchasable","17":"product-type-simple"},"_links":{"self":[{"href":"https:\/\/roveyayinevi.com.tr\/index.php\/wp-json\/wp\/v2\/product\/735068","targetHints":{"allow":["GET"]}}],"collection":[{"href":"https:\/\/roveyayinevi.com.tr\/index.php\/wp-json\/wp\/v2\/product"}],"about":[{"href":"https:\/\/roveyayinevi.com.tr\/index.php\/wp-json\/wp\/v2\/types\/product"}],"wp:attachment":[{"href":"https:\/\/roveyayinevi.com.tr\/index.php\/wp-json\/wp\/v2\/media?parent=735068"}],"wp:term":[{"taxonomy":"product_brand","embeddable":true,"href":"https:\/\/roveyayinevi.com.tr\/index.php\/wp-json\/wp\/v2\/product_brand?post=735068"},{"taxonomy":"product_cat","embeddable":true,"href":"https:\/\/roveyayinevi.com.tr\/index.php\/wp-json\/wp\/v2\/product_cat?post=735068"},{"taxonomy":"product_tag","embeddable":true,"href":"https:\/\/roveyayinevi.com.tr\/index.php\/wp-json\/wp\/v2\/product_tag?post=735068"}],"curies":[{"name":"wp","href":"https:\/\/api.w.org\/{rel}","templated":true}]}}