{"id":735067,"date":"2025-08-27T22:40:38","date_gmt":"2025-08-27T19:40:38","guid":{"rendered":"https:\/\/roveyayinevi.com.tr\/index.php\/urun\/guney-amerika-ve-kuba\/"},"modified":"2026-04-16T02:42:58","modified_gmt":"2026-04-15T23:42:58","slug":"guney-amerika-ve-kuba","status":"publish","type":"product","link":"https:\/\/roveyayinevi.com.tr\/index.php\/urun\/guney-amerika-ve-kuba\/","title":{"rendered":"G\u00fcney Amerika ve K\u00fcba"},"content":{"rendered":"<p>T\u00fclin Uygur\u2019un G\u00fcney Amerika ve K\u00fcba (GeziYorum) kitab\u0131, benzeri \u00e7al\u0131\u015fmalardan, bu k\u0131tan\u0131n varl\u0131\u011f\u0131na damgas\u0131n\u0131 vuran s\u00f6m\u00fcr\u00fcy\u00fc, s\u00f6m\u00fcrgecilere ve emperyalizme kar\u015f\u0131 m\u00fccadeleyi de yans\u0131tan boyutuyla ayr\u0131l\u0131yor.\u201cD\u00fcnyadaki hangi \u00fclke co\u011frafyas\u0131, toplumu, tarihi olmaks\u0131z\u0131n anlat\u0131labilir ki? Biz, K\u00fcba, Peru, Bolivya, Uruguay, Brezilya, Arjantin\u2019de att\u0131\u011f\u0131m\u0131z her ad\u0131mda bu \u00fclkelerin verdi\u011fi m\u00fccadeleyi hissettik. Duvar resimlerinde, yol kenarlar\u0131ndaki panolarda, yerli halk\u0131n onurlu duru\u015funda bu m\u00fccadelenin izlerini g\u00f6rd\u00fck. Engizisyon fetih\u00e7isi Pizarro\u2019nun soyk\u0131r\u0131m\u0131ndan, Castro\u2019yu kitaplar\u0131yla etkileyen ba\u011f\u0131ms\u0131zl\u0131k tutkunu Jose Marti\u2019ye kadar hepsi bu co\u011frafyan\u0131n k\u0131lcal damarlar\u0131na i\u015flemi\u015f. M\u00fcthi\u015f bir renk c\u00fcmb\u00fc\u015f\u00fc ve do\u011fa e\u015fli\u011finde g\u00fcler y\u00fczl\u00fc insanlar\u0131n \u00fclkelerinde \u00e7ok keyifli zamanlar ge\u00e7irdik\u201d diyen Uygur, gezdi\u011fi \u015fehirlerdeki ayr\u0131nt\u0131l\u0131 g\u00f6zlemlerini, okudu\u011fu kitaplar kadar ki\u015fisel d\u00fc\u015f\u00fcnceleriyle ve duygular\u0131yla harmanl\u0131yor.Elinizdeki kitap, hem keyifle ve \u00e7ok \u015fey \u00f6\u011frenerek okuyaca\u011f\u0131n\u0131z gezi izlenimlerini hem de \u00f6zg\u00fcn bir inceleme-ara\u015ft\u0131rma notlar\u0131n\u0131 i\u00e7eriyor.\u201cYedi\u011fin i\u00e7ti\u011fin senin olsun, bize g\u00f6rd\u00fcklerin anlat derler ya ben de g\u00f6rd\u00fcklerimi ve okuduklar\u0131m\u0131, siyasi tarihin s\u00fczgecinden ge\u00e7irerek sizlerle payla\u015fmak istedim.\u201d(T\u00fclin Uygur)<\/p>\n","protected":false},"excerpt":{"rendered":"<p>T\u00fclin Uygur\u2019un G\u00fcney Amerika ve K\u00fcba (GeziYorum) kitab\u0131, benzeri \u00e7al\u0131\u015fmalardan, bu k\u0131tan\u0131n varl\u0131\u011f\u0131na damgas\u0131n\u0131 vuran s\u00f6m\u00fcr\u00fcy\u00fc, s\u00f6m\u00fcrgecilere ve emperyalizme kar\u015f\u0131 m\u00fccadeleyi de yans\u0131tan boyutuyla ayr\u0131l\u0131yor.\u201cD\u00fcnyadaki hangi<span class=\"excerpt-hellip\"> [\u2026]<\/span><\/p>\n","protected":false},"featured_media":0,"template":"","meta":{"_monsterinsights_skip_tracking":false,"_monsterinsights_sitenote_active":false,"_monsterinsights_sitenote_note":"","_monsterinsights_sitenote_category":0},"product_brand":[],"product_cat":[13055,13054],"product_tag":[],"class_list":{"0":"post-735067","1":"product","2":"type-product","3":"status-publish","5":"product_cat-gezi-rehberi","6":"product_cat-gezi-ve-rehber-kitaplari","7":"pa_cilt-ciltsiz","8":"pa_tur-kitap","9":"pa_yayinevi-kaynak-yayinlari","10":"pa_yazar-tulin-uygur","12":"first","13":"instock","14":"sale","15":"shipping-taxable","16":"purchasable","17":"product-type-simple"},"_links":{"self":[{"href":"https:\/\/roveyayinevi.com.tr\/index.php\/wp-json\/wp\/v2\/product\/735067","targetHints":{"allow":["GET"]}}],"collection":[{"href":"https:\/\/roveyayinevi.com.tr\/index.php\/wp-json\/wp\/v2\/product"}],"about":[{"href":"https:\/\/roveyayinevi.com.tr\/index.php\/wp-json\/wp\/v2\/types\/product"}],"wp:attachment":[{"href":"https:\/\/roveyayinevi.com.tr\/index.php\/wp-json\/wp\/v2\/media?parent=735067"}],"wp:term":[{"taxonomy":"product_brand","embeddable":true,"href":"https:\/\/roveyayinevi.com.tr\/index.php\/wp-json\/wp\/v2\/product_brand?post=735067"},{"taxonomy":"product_cat","embeddable":true,"href":"https:\/\/roveyayinevi.com.tr\/index.php\/wp-json\/wp\/v2\/product_cat?post=735067"},{"taxonomy":"product_tag","embeddable":true,"href":"https:\/\/roveyayinevi.com.tr\/index.php\/wp-json\/wp\/v2\/product_tag?post=735067"}],"curies":[{"name":"wp","href":"https:\/\/api.w.org\/{rel}","templated":true}]}}