{"id":735066,"date":"2025-08-27T22:40:37","date_gmt":"2025-08-27T19:40:37","guid":{"rendered":"https:\/\/roveyayinevi.com.tr\/index.php\/urun\/kucuk-gozlemciler-ciftlikte-ciltli\/"},"modified":"2026-04-16T02:42:58","modified_gmt":"2026-04-15T23:42:58","slug":"kucuk-gozlemciler-ciftlikte-ciltli","status":"publish","type":"product","link":"https:\/\/roveyayinevi.com.tr\/index.php\/urun\/kucuk-gozlemciler-ciftlikte-ciltli\/","title":{"rendered":"K\u00fc\u00e7\u00fck G\u00f6zlemciler &#8211; \u00c7iftlikte (Ciltli)"},"content":{"rendered":"<p>\u00c7iftlik, g\u00f6rmeye de\u011fer ilgin\u00e7 ve g\u00fczel \u015feylerle doludur. K\u00fc\u00e7\u00fck G\u00f6zlemciler, \u201cKukuriku!\u201d diye ortal\u0131\u011f\u0131 \u00e7\u0131nlatan horozlardan kuzulara ve yarasalara, ekim ve hasat zaman\u0131ndan trakt\u00f6rlerle s\u00fcr\u00fclen tarlalara var\u0131ncaya kadar, \u00e7evrelerindeki d\u00fcnyan\u0131n \u015fa\u015f\u0131rt\u0131c\u0131 g\u00fczelli\u011fini ke\u015ffetmeye bay\u0131lacaklar! <\/p>\n","protected":false},"excerpt":{"rendered":"<p>\u00c7iftlik, g\u00f6rmeye de\u011fer ilgin\u00e7 ve g\u00fczel \u015feylerle doludur. K\u00fc\u00e7\u00fck G\u00f6zlemciler, \u201cKukuriku!\u201d diye ortal\u0131\u011f\u0131 \u00e7\u0131nlatan horozlardan kuzulara ve yarasalara, ekim ve hasat zaman\u0131ndan trakt\u00f6rlerle s\u00fcr\u00fclen tarlalara var\u0131ncaya<span class=\"excerpt-hellip\"> [\u2026]<\/span><\/p>\n","protected":false},"featured_media":0,"template":"","meta":{"_monsterinsights_skip_tracking":false,"_monsterinsights_sitenote_active":false,"_monsterinsights_sitenote_note":"","_monsterinsights_sitenote_category":0},"product_brand":[],"product_cat":[12274,12518],"product_tag":[],"class_list":{"0":"post-735066","1":"product","2":"type-product","3":"status-publish","5":"product_cat-cocuk-ve-genclik-kitaplari","6":"product_cat-okul-oncesi-kitaplar","7":"pa_cilt-ciltli","8":"pa_tur-kitap","9":"pa_yayinevi-is-bankasi-kultur-yayinlari","10":"pa_yazar-clare-beaton","12":"first","13":"instock","14":"sale","15":"shipping-taxable","16":"purchasable","17":"product-type-simple"},"_links":{"self":[{"href":"https:\/\/roveyayinevi.com.tr\/index.php\/wp-json\/wp\/v2\/product\/735066","targetHints":{"allow":["GET"]}}],"collection":[{"href":"https:\/\/roveyayinevi.com.tr\/index.php\/wp-json\/wp\/v2\/product"}],"about":[{"href":"https:\/\/roveyayinevi.com.tr\/index.php\/wp-json\/wp\/v2\/types\/product"}],"wp:attachment":[{"href":"https:\/\/roveyayinevi.com.tr\/index.php\/wp-json\/wp\/v2\/media?parent=735066"}],"wp:term":[{"taxonomy":"product_brand","embeddable":true,"href":"https:\/\/roveyayinevi.com.tr\/index.php\/wp-json\/wp\/v2\/product_brand?post=735066"},{"taxonomy":"product_cat","embeddable":true,"href":"https:\/\/roveyayinevi.com.tr\/index.php\/wp-json\/wp\/v2\/product_cat?post=735066"},{"taxonomy":"product_tag","embeddable":true,"href":"https:\/\/roveyayinevi.com.tr\/index.php\/wp-json\/wp\/v2\/product_tag?post=735066"}],"curies":[{"name":"wp","href":"https:\/\/api.w.org\/{rel}","templated":true}]}}