{"id":735065,"date":"2025-08-27T22:40:37","date_gmt":"2025-08-27T19:40:37","guid":{"rendered":"https:\/\/roveyayinevi.com.tr\/index.php\/urun\/analitik-felsefe-nedir\/"},"modified":"2026-04-16T02:42:58","modified_gmt":"2026-04-15T23:42:58","slug":"analitik-felsefe-nedir","status":"publish","type":"product","link":"https:\/\/roveyayinevi.com.tr\/index.php\/urun\/analitik-felsefe-nedir\/","title":{"rendered":"Analitik Felsefe Nedir?"},"content":{"rendered":"<p>Analitik felsefe yakla\u015f\u0131k y\u00fcz ya\u015f\u0131ndad\u0131r ve \u015fu anda Bat\u0131 felsefesindeki bask\u0131n g\u00fc\u00e7t\u00fcr. Tarihsel tek\u00e2m\u00fcl\u00fcne olan ilgi artmas\u0131na ra\u011fmen, \u015fimdiye dek analitik felsefenin h\u00e2lihaz\u0131rda neye kar\u015f\u0131l\u0131k geldi\u011fini ve \u201ck\u0131ta\u201d felsefesi denen \u015feyden hangi a\u00e7\u0131lardan ayr\u0131\u015ft\u0131\u011f\u0131n\u0131 a\u00e7\u0131kl\u0131\u011fa kavu\u015fturma ad\u0131na soluksuz bir te\u015febb\u00fcs vaki de\u011fildir. Bu zengin ve kapsaml\u0131 kitapta Hans-Johann Glock, analitik felsefenin [kar\u015f\u0131l\u0131kl\u0131] etki ba\u011flar\u0131 ve \u00e7e\u015fitli \u201caile benzerlikleri\u201d vas\u0131tas\u0131yla bir arada tutturulan serbest bir hareket oldu\u011funu savunuyor. Analitik felsefenin \u00e7e\u015fitli tan\u0131mlar\u0131n\u0131n art\u0131 ve eksilerini g\u00f6z \u00f6n\u00fcnde bulunduran Glock, bu tan\u0131mlar\u0131n neden oldu\u011fu y\u00f6ntembilimsel, tarihsel ve felsefi meseleleri ele al\u0131yor. Son olarak Glock, analitik felsefe ile k\u0131ta felsefesinin art\u0131k dillere d\u00fc\u015fen ayr\u0131l\u0131\u011f\u0131n\u0131n d\u00fc\u015f\u00fcnsel ve k\u00fclt\u00fcrel neticelerini etrafl\u0131ca ara\u015ft\u0131r\u0131yor. Glock\u2019un bu kitab\u0131, analitik felsefe ile onun nas\u0131l yap\u0131ld\u0131\u011f\u0131n\u0131 anlamak isteyenler i\u00e7in \u00e7ok de\u011ferli bir k\u0131lavuz olacakt\u0131r.<\/p>\n","protected":false},"excerpt":{"rendered":"<p>Analitik felsefe yakla\u015f\u0131k y\u00fcz ya\u015f\u0131ndad\u0131r ve \u015fu anda Bat\u0131 felsefesindeki bask\u0131n g\u00fc\u00e7t\u00fcr. Tarihsel tek\u00e2m\u00fcl\u00fcne olan ilgi artmas\u0131na ra\u011fmen, \u015fimdiye dek analitik felsefenin h\u00e2lihaz\u0131rda neye kar\u015f\u0131l\u0131k geldi\u011fini<span class=\"excerpt-hellip\"> [\u2026]<\/span><\/p>\n","protected":false},"featured_media":0,"template":"","meta":{"_monsterinsights_skip_tracking":false,"_monsterinsights_sitenote_active":false,"_monsterinsights_sitenote_note":"","_monsterinsights_sitenote_category":0},"product_brand":[],"product_cat":[12388,13555],"product_tag":[],"class_list":{"0":"post-735065","1":"product","2":"type-product","3":"status-publish","5":"product_cat-felsefe","6":"product_cat-genel-felsefe","7":"pa_cilt-ciltsiz","8":"pa_tur-kitap","9":"pa_yayinevi-albaraka-yayinlari","10":"pa_yazar-hans-johann-glock","12":"first","13":"instock","14":"sale","15":"shipping-taxable","16":"purchasable","17":"product-type-simple"},"_links":{"self":[{"href":"https:\/\/roveyayinevi.com.tr\/index.php\/wp-json\/wp\/v2\/product\/735065","targetHints":{"allow":["GET"]}}],"collection":[{"href":"https:\/\/roveyayinevi.com.tr\/index.php\/wp-json\/wp\/v2\/product"}],"about":[{"href":"https:\/\/roveyayinevi.com.tr\/index.php\/wp-json\/wp\/v2\/types\/product"}],"wp:attachment":[{"href":"https:\/\/roveyayinevi.com.tr\/index.php\/wp-json\/wp\/v2\/media?parent=735065"}],"wp:term":[{"taxonomy":"product_brand","embeddable":true,"href":"https:\/\/roveyayinevi.com.tr\/index.php\/wp-json\/wp\/v2\/product_brand?post=735065"},{"taxonomy":"product_cat","embeddable":true,"href":"https:\/\/roveyayinevi.com.tr\/index.php\/wp-json\/wp\/v2\/product_cat?post=735065"},{"taxonomy":"product_tag","embeddable":true,"href":"https:\/\/roveyayinevi.com.tr\/index.php\/wp-json\/wp\/v2\/product_tag?post=735065"}],"curies":[{"name":"wp","href":"https:\/\/api.w.org\/{rel}","templated":true}]}}