{"id":735064,"date":"2025-08-27T22:40:36","date_gmt":"2025-08-27T19:40:36","guid":{"rendered":"https:\/\/roveyayinevi.com.tr\/index.php\/urun\/muthis-hayvanlar-boyama-kitabim\/"},"modified":"2026-04-16T02:42:58","modified_gmt":"2026-04-15T23:42:58","slug":"muthis-hayvanlar-boyama-kitabim","status":"publish","type":"product","link":"https:\/\/roveyayinevi.com.tr\/index.php\/urun\/muthis-hayvanlar-boyama-kitabim\/","title":{"rendered":"M\u00fcthi\u015f Hayvanlar  Boyama Kitab\u0131m"},"content":{"rendered":"<p>Boyalar\u0131n\u0131 al ve harika do\u011fa maceralar\u0131na haz\u0131rlan. Evcil hayvanlardan ya\u011fmur orman\u0131 hayvanlar\u0131na, \u00e7iftlik sakinlerinden deniz canl\u0131lar\u0131na kadar bir\u00e7ok arkada\u015f canl\u0131s\u0131 hayvanla tan\u0131\u015f\u0131p, harika manzaralar yarat. <\/p>\n","protected":false},"excerpt":{"rendered":"<p>Boyalar\u0131n\u0131 al ve harika do\u011fa maceralar\u0131na haz\u0131rlan. Evcil hayvanlardan ya\u011fmur orman\u0131 hayvanlar\u0131na, \u00e7iftlik sakinlerinden deniz canl\u0131lar\u0131na kadar bir\u00e7ok arkada\u015f canl\u0131s\u0131 hayvanla tan\u0131\u015f\u0131p, harika manzaralar yarat.<\/p>\n","protected":false},"featured_media":0,"template":"","meta":{"_monsterinsights_skip_tracking":false,"_monsterinsights_sitenote_active":false,"_monsterinsights_sitenote_note":"","_monsterinsights_sitenote_category":0},"product_brand":[],"product_cat":[12644,12274],"product_tag":[],"class_list":{"0":"post-735064","1":"product","2":"type-product","3":"status-publish","5":"product_cat-boyama-kitaplari","6":"product_cat-cocuk-ve-genclik-kitaplari","7":"pa_cilt-ciltsiz","8":"pa_tur-kitap","9":"pa_yayinevi-is-bankasi-kultur-yayinlari","10":"pa_yazar-is-bankasi-kultur-yayinlari-kolektif","12":"first","13":"instock","14":"sale","15":"shipping-taxable","16":"purchasable","17":"product-type-simple"},"_links":{"self":[{"href":"https:\/\/roveyayinevi.com.tr\/index.php\/wp-json\/wp\/v2\/product\/735064","targetHints":{"allow":["GET"]}}],"collection":[{"href":"https:\/\/roveyayinevi.com.tr\/index.php\/wp-json\/wp\/v2\/product"}],"about":[{"href":"https:\/\/roveyayinevi.com.tr\/index.php\/wp-json\/wp\/v2\/types\/product"}],"wp:attachment":[{"href":"https:\/\/roveyayinevi.com.tr\/index.php\/wp-json\/wp\/v2\/media?parent=735064"}],"wp:term":[{"taxonomy":"product_brand","embeddable":true,"href":"https:\/\/roveyayinevi.com.tr\/index.php\/wp-json\/wp\/v2\/product_brand?post=735064"},{"taxonomy":"product_cat","embeddable":true,"href":"https:\/\/roveyayinevi.com.tr\/index.php\/wp-json\/wp\/v2\/product_cat?post=735064"},{"taxonomy":"product_tag","embeddable":true,"href":"https:\/\/roveyayinevi.com.tr\/index.php\/wp-json\/wp\/v2\/product_tag?post=735064"}],"curies":[{"name":"wp","href":"https:\/\/api.w.org\/{rel}","templated":true}]}}