{"id":735062,"date":"2025-08-27T22:40:34","date_gmt":"2025-08-27T19:40:34","guid":{"rendered":"https:\/\/roveyayinevi.com.tr\/index.php\/urun\/dinozor-boyama-kitabim\/"},"modified":"2026-04-16T02:42:58","modified_gmt":"2026-04-15T23:42:58","slug":"dinozor-boyama-kitabim","status":"publish","type":"product","link":"https:\/\/roveyayinevi.com.tr\/index.php\/urun\/dinozor-boyama-kitabim\/","title":{"rendered":"Dinozor Boyama Kitab\u0131m"},"content":{"rendered":"<p>Zamanda e\u011flenceli bir yolculuk yapmaya ne dersin? K\u00fckreyen T-rexler, g\u00f6klerde h\u00fck\u00fcm s\u00fcren Pterosaurlar, sular\u0131n hakimi Plesiosauruslar, g\u00f6rkemli Triceratopslar ve dost canl\u0131s\u0131 Sauropodlar seni bekliyor. Boyalar\u0131n\u0131 al ve dinozorlar \u00e7a\u011f\u0131n\u0131n e\u011flenceli maceralar\u0131na sen de kat\u0131l. <\/p>\n","protected":false},"excerpt":{"rendered":"<p>Zamanda e\u011flenceli bir yolculuk yapmaya ne dersin? K\u00fckreyen T-rexler, g\u00f6klerde h\u00fck\u00fcm s\u00fcren Pterosaurlar, sular\u0131n hakimi Plesiosauruslar, g\u00f6rkemli Triceratopslar ve dost canl\u0131s\u0131 Sauropodlar seni bekliyor. Boyalar\u0131n\u0131 al<span class=\"excerpt-hellip\"> [\u2026]<\/span><\/p>\n","protected":false},"featured_media":0,"template":"","meta":{"_monsterinsights_skip_tracking":false,"_monsterinsights_sitenote_active":false,"_monsterinsights_sitenote_note":"","_monsterinsights_sitenote_category":0},"product_brand":[],"product_cat":[12644,12274],"product_tag":[],"class_list":{"0":"post-735062","1":"product","2":"type-product","3":"status-publish","5":"product_cat-boyama-kitaplari","6":"product_cat-cocuk-ve-genclik-kitaplari","7":"pa_cilt-ciltsiz","8":"pa_tur-kitap","9":"pa_yayinevi-is-bankasi-kultur-yayinlari","10":"pa_yazar-is-bankasi-kultur-yayinlari-kolektif","12":"first","13":"instock","14":"sale","15":"shipping-taxable","16":"purchasable","17":"product-type-simple"},"_links":{"self":[{"href":"https:\/\/roveyayinevi.com.tr\/index.php\/wp-json\/wp\/v2\/product\/735062","targetHints":{"allow":["GET"]}}],"collection":[{"href":"https:\/\/roveyayinevi.com.tr\/index.php\/wp-json\/wp\/v2\/product"}],"about":[{"href":"https:\/\/roveyayinevi.com.tr\/index.php\/wp-json\/wp\/v2\/types\/product"}],"wp:attachment":[{"href":"https:\/\/roveyayinevi.com.tr\/index.php\/wp-json\/wp\/v2\/media?parent=735062"}],"wp:term":[{"taxonomy":"product_brand","embeddable":true,"href":"https:\/\/roveyayinevi.com.tr\/index.php\/wp-json\/wp\/v2\/product_brand?post=735062"},{"taxonomy":"product_cat","embeddable":true,"href":"https:\/\/roveyayinevi.com.tr\/index.php\/wp-json\/wp\/v2\/product_cat?post=735062"},{"taxonomy":"product_tag","embeddable":true,"href":"https:\/\/roveyayinevi.com.tr\/index.php\/wp-json\/wp\/v2\/product_tag?post=735062"}],"curies":[{"name":"wp","href":"https:\/\/api.w.org\/{rel}","templated":true}]}}