{"id":735059,"date":"2025-08-27T22:40:31","date_gmt":"2025-08-27T19:40:31","guid":{"rendered":"https:\/\/roveyayinevi.com.tr\/index.php\/urun\/en-guzel-hediye\/"},"modified":"2026-04-16T02:42:58","modified_gmt":"2026-04-15T23:42:58","slug":"en-guzel-hediye","status":"publish","type":"product","link":"https:\/\/roveyayinevi.com.tr\/index.php\/urun\/en-guzel-hediye\/","title":{"rendered":"En G\u00fczel Hediye"},"content":{"rendered":"<p>Minik ay\u0131 Bozi ile babas\u0131, babaanne ay\u0131y\u0131 ziyaret edecekler. Bozi,babaannesine bir hediye g\u00f6t\u00fcrmek istedi. Her yere bakt\u0131. \u00d6nce bir \u00e7i\u00e7ek buldu, sonra mavi bir t\u00fcy, sonra muhte\u015fem bir kar tanesi&#8230; Bozi, her seferinde en g\u00fczel hediyeyi buldu\u011funa emindi. Peki, babaannesi i\u00e7in hediyelerin en g\u00fczeli neydi dersiniz? Bu sevgi dolu \u00f6yk\u00fcy\u00fc \u00e7ok seveceksiniz.<\/p>\n","protected":false},"excerpt":{"rendered":"<p>Minik ay\u0131 Bozi ile babas\u0131, babaanne ay\u0131y\u0131 ziyaret edecekler. Bozi,babaannesine bir hediye g\u00f6t\u00fcrmek istedi. Her yere bakt\u0131. \u00d6nce bir \u00e7i\u00e7ek buldu, sonra mavi bir t\u00fcy, sonra<span class=\"excerpt-hellip\"> [\u2026]<\/span><\/p>\n","protected":false},"featured_media":0,"template":"","meta":{"_monsterinsights_skip_tracking":false,"_monsterinsights_sitenote_active":false,"_monsterinsights_sitenote_note":"","_monsterinsights_sitenote_category":0},"product_brand":[],"product_cat":[12274,12518],"product_tag":[],"class_list":{"0":"post-735059","1":"product","2":"type-product","3":"status-publish","5":"product_cat-cocuk-ve-genclik-kitaplari","6":"product_cat-okul-oncesi-kitaplar","7":"pa_cilt-ciltsiz","8":"pa_tur-kitap","9":"pa_yayinevi-is-bankasi-kultur-yayinlari","10":"pa_yazar-janet-bingham","12":"first","13":"instock","14":"sale","15":"shipping-taxable","16":"purchasable","17":"product-type-simple"},"_links":{"self":[{"href":"https:\/\/roveyayinevi.com.tr\/index.php\/wp-json\/wp\/v2\/product\/735059","targetHints":{"allow":["GET"]}}],"collection":[{"href":"https:\/\/roveyayinevi.com.tr\/index.php\/wp-json\/wp\/v2\/product"}],"about":[{"href":"https:\/\/roveyayinevi.com.tr\/index.php\/wp-json\/wp\/v2\/types\/product"}],"wp:attachment":[{"href":"https:\/\/roveyayinevi.com.tr\/index.php\/wp-json\/wp\/v2\/media?parent=735059"}],"wp:term":[{"taxonomy":"product_brand","embeddable":true,"href":"https:\/\/roveyayinevi.com.tr\/index.php\/wp-json\/wp\/v2\/product_brand?post=735059"},{"taxonomy":"product_cat","embeddable":true,"href":"https:\/\/roveyayinevi.com.tr\/index.php\/wp-json\/wp\/v2\/product_cat?post=735059"},{"taxonomy":"product_tag","embeddable":true,"href":"https:\/\/roveyayinevi.com.tr\/index.php\/wp-json\/wp\/v2\/product_tag?post=735059"}],"curies":[{"name":"wp","href":"https:\/\/api.w.org\/{rel}","templated":true}]}}