{"id":735058,"date":"2025-08-27T22:40:30","date_gmt":"2025-08-27T19:40:30","guid":{"rendered":"https:\/\/roveyayinevi.com.tr\/index.php\/urun\/kendin-kesfet-doga-tehlikede\/"},"modified":"2026-04-16T02:42:58","modified_gmt":"2026-04-15T23:42:58","slug":"kendin-kesfet-doga-tehlikede","status":"publish","type":"product","link":"https:\/\/roveyayinevi.com.tr\/index.php\/urun\/kendin-kesfet-doga-tehlikede\/","title":{"rendered":"Kendin Ke\u015ffet &#8211; Do\u011fa Tehlikede"},"content":{"rendered":"<p>E\u011flendirerek \u00f6\u011freten bu heyecan verici seride, kendi ellerinle yapaca\u011f\u0131n deneyler sayesinde bilime pratik bir yakla\u015f\u0131m geli\u015ftirmeni sa\u011flayacak \u00e7ok say\u0131da etkinlik yer al\u0131yor. Do\u011fa Tehlikede kitab\u0131nda ke\u015ffedeceklerin aras\u0131nda: \u2022 Bir besin zincirini kendi g\u00f6zlerinle g\u00f6rme \u2022 Su kirlili\u011fi testleri \u2022 Bir do\u011fal koruma alan\u0131 in\u015fa etme \u2022 Ve daha neler neler var! <\/p>\n","protected":false},"excerpt":{"rendered":"<p>E\u011flendirerek \u00f6\u011freten bu heyecan verici seride, kendi ellerinle yapaca\u011f\u0131n deneyler sayesinde bilime pratik bir yakla\u015f\u0131m geli\u015ftirmeni sa\u011flayacak \u00e7ok say\u0131da etkinlik yer al\u0131yor. Do\u011fa Tehlikede kitab\u0131nda ke\u015ffedeceklerin<span class=\"excerpt-hellip\"> [\u2026]<\/span><\/p>\n","protected":false},"featured_media":0,"template":"","meta":{"_monsterinsights_skip_tracking":false,"_monsterinsights_sitenote_active":false,"_monsterinsights_sitenote_note":"","_monsterinsights_sitenote_category":0},"product_brand":[],"product_cat":[12275,12274],"product_tag":[],"class_list":{"0":"post-735058","1":"product","2":"type-product","3":"status-publish","5":"product_cat-6-12-yas-kitaplari","6":"product_cat-cocuk-ve-genclik-kitaplari","7":"pa_cilt-ciltsiz","8":"pa_tur-kitap","9":"pa_yayinevi-is-bankasi-kultur-yayinlari","10":"pa_yazar-sally-morgan","12":"first","13":"instock","14":"sale","15":"shipping-taxable","16":"purchasable","17":"product-type-simple"},"_links":{"self":[{"href":"https:\/\/roveyayinevi.com.tr\/index.php\/wp-json\/wp\/v2\/product\/735058","targetHints":{"allow":["GET"]}}],"collection":[{"href":"https:\/\/roveyayinevi.com.tr\/index.php\/wp-json\/wp\/v2\/product"}],"about":[{"href":"https:\/\/roveyayinevi.com.tr\/index.php\/wp-json\/wp\/v2\/types\/product"}],"wp:attachment":[{"href":"https:\/\/roveyayinevi.com.tr\/index.php\/wp-json\/wp\/v2\/media?parent=735058"}],"wp:term":[{"taxonomy":"product_brand","embeddable":true,"href":"https:\/\/roveyayinevi.com.tr\/index.php\/wp-json\/wp\/v2\/product_brand?post=735058"},{"taxonomy":"product_cat","embeddable":true,"href":"https:\/\/roveyayinevi.com.tr\/index.php\/wp-json\/wp\/v2\/product_cat?post=735058"},{"taxonomy":"product_tag","embeddable":true,"href":"https:\/\/roveyayinevi.com.tr\/index.php\/wp-json\/wp\/v2\/product_tag?post=735058"}],"curies":[{"name":"wp","href":"https:\/\/api.w.org\/{rel}","templated":true}]}}