{"id":735057,"date":"2025-08-27T22:40:29","date_gmt":"2025-08-27T19:40:29","guid":{"rendered":"https:\/\/roveyayinevi.com.tr\/index.php\/urun\/devlet-akli\/"},"modified":"2026-04-16T02:42:58","modified_gmt":"2026-04-15T23:42:58","slug":"devlet-akli","status":"publish","type":"product","link":"https:\/\/roveyayinevi.com.tr\/index.php\/urun\/devlet-akli\/","title":{"rendered":"Devlet Akl\u0131"},"content":{"rendered":"<p>Y\u00f6netimin merkezine ka\u00e7\u0131n\u0131lmaz olarak g\u00fc\u00e7 unsurunu koyan Meinecke, Devlet Akl\u0131 eserinde bu kavram\u0131 modern \u00e7a\u011f \u00f6ncesi d\u00fc\u015f\u00fcnce tarihindeki izlerine de temas ederek ele al\u0131rken Machiavelli\u2019yi milat olarak belirler. \u00c7\u00fcnk\u00fc ilk kez Machiavelli\u2019yle beraber, olan ve olmas\u0131 gereken aras\u0131ndaki ayr\u0131mda ilkinin lehine bir tav\u0131r al\u0131nmaktad\u0131r. B\u00f6ylelikle Machiavelli, kendinden sonraki t\u00fcm siyaset d\u00fc\u015f\u00fcncesini de u\u011fra\u015ft\u0131ran bir tart\u0131\u015fmay\u0131 fitillemi\u015ftir. Temeli kamu yarar\u0131 ve \u00e7\u0131kar olan \u201cdevlet akl\u0131\u201d ahlaki gereklerle teraziye konmu\u015f, olan\u2019\u0131 tespit etme cesaretini g\u00f6steren Machiavelli de s\u0131rf bu tavr\u0131ndan \u00f6t\u00fcr\u00fc ele\u015ftiri oklar\u0131n\u0131 \u00fcst\u00fcne \u00e7ekmi\u015ftir. Makyavelizmin Fransa, \u0130talya ve Almanya\u2019da al\u0131mlan\u0131\u015f\u0131ndaki ele\u015ftirilerden B\u00fcy\u00fck Friedrich\u2019e etkisine; Hobbes, Hegel ve Fichte gibi filozoflardan Ranke ve Treitschke gibi tarihbiliminde \u00e7\u0131\u011f\u0131r a\u00e7m\u0131\u015f bilginlere kadar uzanan bir \u00e7izgide, d\u00fc\u015f\u00fcnce tarihi yakla\u015f\u0131m\u0131n\u0131n mimarlar\u0131ndan Meinecke devlet akl\u0131 kavram\u0131n\u0131n tarihini, alan\u0131n k\u00f6\u015fe ta\u015flar\u0131ndan say\u0131lan bu \u00e7al\u0131\u015fmas\u0131nda ola\u011fan\u00fcst\u00fc bir \u00fcslupla okuyucuya aktar\u0131yor.<\/p>\n","protected":false},"excerpt":{"rendered":"<p>Y\u00f6netimin merkezine ka\u00e7\u0131n\u0131lmaz olarak g\u00fc\u00e7 unsurunu koyan Meinecke, Devlet Akl\u0131 eserinde bu kavram\u0131 modern \u00e7a\u011f \u00f6ncesi d\u00fc\u015f\u00fcnce tarihindeki izlerine de temas ederek ele al\u0131rken Machiavelli\u2019yi milat<span class=\"excerpt-hellip\"> [\u2026]<\/span><\/p>\n","protected":false},"featured_media":0,"template":"","meta":{"_monsterinsights_skip_tracking":false,"_monsterinsights_sitenote_active":false,"_monsterinsights_sitenote_note":"","_monsterinsights_sitenote_category":0},"product_brand":[],"product_cat":[13059,12337],"product_tag":[],"class_list":{"0":"post-735057","1":"product","2":"type-product","3":"status-publish","5":"product_cat-diger-politika-siyaset","6":"product_cat-politika-siyaset","7":"pa_cilt-ciltsiz","8":"pa_tur-kitap","9":"pa_yayinevi-albaraka-yayinlari","10":"pa_yazar-friedrich-meinecke","12":"first","13":"instock","14":"sale","15":"shipping-taxable","16":"purchasable","17":"product-type-simple"},"_links":{"self":[{"href":"https:\/\/roveyayinevi.com.tr\/index.php\/wp-json\/wp\/v2\/product\/735057","targetHints":{"allow":["GET"]}}],"collection":[{"href":"https:\/\/roveyayinevi.com.tr\/index.php\/wp-json\/wp\/v2\/product"}],"about":[{"href":"https:\/\/roveyayinevi.com.tr\/index.php\/wp-json\/wp\/v2\/types\/product"}],"wp:attachment":[{"href":"https:\/\/roveyayinevi.com.tr\/index.php\/wp-json\/wp\/v2\/media?parent=735057"}],"wp:term":[{"taxonomy":"product_brand","embeddable":true,"href":"https:\/\/roveyayinevi.com.tr\/index.php\/wp-json\/wp\/v2\/product_brand?post=735057"},{"taxonomy":"product_cat","embeddable":true,"href":"https:\/\/roveyayinevi.com.tr\/index.php\/wp-json\/wp\/v2\/product_cat?post=735057"},{"taxonomy":"product_tag","embeddable":true,"href":"https:\/\/roveyayinevi.com.tr\/index.php\/wp-json\/wp\/v2\/product_tag?post=735057"}],"curies":[{"name":"wp","href":"https:\/\/api.w.org\/{rel}","templated":true}]}}