{"id":735052,"date":"2025-08-27T22:40:23","date_gmt":"2025-08-27T19:40:23","guid":{"rendered":"https:\/\/roveyayinevi.com.tr\/index.php\/urun\/cocuk-edebiyati-ve-felsefe\/"},"modified":"2026-04-16T02:42:58","modified_gmt":"2026-04-15T23:42:58","slug":"cocuk-edebiyati-ve-felsefe","status":"publish","type":"product","link":"https:\/\/roveyayinevi.com.tr\/index.php\/urun\/cocuk-edebiyati-ve-felsefe\/","title":{"rendered":"\u00c7ocuk Edebiyat\u0131 ve Felsefe"},"content":{"rendered":"<p>\u00c7ocuklar\u0131n hayata dair sorular\u0131 ve mant\u0131k y\u00fcr\u00fctmeleri, anlamland\u0131rma \u00e7abalar\u0131 sonsuzdur. Dikkatli zihinlerin radar\u0131na tak\u0131ld\u0131\u011f\u0131nda yeti\u015fkin d\u00fcnyas\u0131na yeni kap\u0131lar a\u00e7an \u00e7abalard\u0131r bunlar. \u00d6te yandan son y\u0131llarda olduk\u00e7a ilgi g\u00f6ren \u00e7ocuklar i\u00e7in felsefe \u00e7al\u0131\u015fmalar\u0131, \u00e7ocuklar\u0131n bu yarat\u0131c\u0131 anlamland\u0131rma \u00e7al\u0131\u015fmalar\u0131na de\u011ferli katk\u0131lar sunarak, sorular\u0131n ve ak\u0131l y\u00fcr\u00fctmelerin \u00e7ocuk zihninde kal\u0131c\u0131 ve zevkli bir i\u015fleme girmesini sa\u011fl\u0131yor.Y\u0131lmaz Murat Bilican ve Nur\u015fah Y\u0131lmaz\u2019\u0131n haz\u0131rlad\u0131\u011f\u0131 \u00c7ocuk Edebiyat\u0131 ve Felsefe ba\u015fl\u0131kl\u0131 bu \u00e7al\u0131\u015fma i\u00e7inde bar\u0131nd\u0131rd\u0131\u011f\u0131 40 \u00e7ocuk edebiyat\u0131 kitab\u0131n\u0131 felsefe \u00e7al\u0131\u015fmalar\u0131 penceresinden ele al\u0131yor ve alanda \u00e7al\u0131\u015fma yapan P4C e\u011fitmenlerine ve uzmanlar\u0131na de\u011ferli bir kaynak sunuyor.\u00c7ocuklar \u0130\u00e7in Felsefe \u00e7al\u0131\u015fmalar\u0131n\u0131 y\u00fcr\u00fctmek i\u00e7in T\u00fcrk\u00e7ede h\u00e2len kaynak ihtiyac\u0131 var. Elinizde bulunan bu kitap bu ihtiyaca cevap vermek \u00fczere haz\u0131rlanm\u0131\u015f bir \u00e7al\u0131\u015fma. \u201c\u00c7ocuk Edebiyat\u0131 ve Felsefe\u201d birlikte d\u00fc\u015f\u00fcnmeye, sorgulamaya ve ele\u015ftirel d\u00fc\u015f\u00fcnmeye alan a\u00e7acak, bu ortam\u0131 besleyecek bir kaynak. \u00d6\u011fretmenlerin derslerini soru\u015fturma temelli bir zihniyetle y\u00fcr\u00fctmelerine yard\u0131mc\u0131 olaca\u011f\u0131n\u0131 d\u00fc\u015f\u00fcn\u00fcyorum.Umar\u0131m \u00f6\u011fretmenlerin s\u0131n\u0131flar\u0131nda P4C (\u00c7ocuklar i\u00e7in Felsefe), uygulamalar\u0131 i\u00e7in te\u015fvik edici ve ilham verici bir kaynak olur.<\/p>\n","protected":false},"excerpt":{"rendered":"<p>\u00c7ocuklar\u0131n hayata dair sorular\u0131 ve mant\u0131k y\u00fcr\u00fctmeleri, anlamland\u0131rma \u00e7abalar\u0131 sonsuzdur. Dikkatli zihinlerin radar\u0131na tak\u0131ld\u0131\u011f\u0131nda yeti\u015fkin d\u00fcnyas\u0131na yeni kap\u0131lar a\u00e7an \u00e7abalard\u0131r bunlar. \u00d6te yandan son y\u0131llarda olduk\u00e7a<span class=\"excerpt-hellip\"> [\u2026]<\/span><\/p>\n","protected":false},"featured_media":0,"template":"","meta":{"_monsterinsights_skip_tracking":false,"_monsterinsights_sitenote_active":false,"_monsterinsights_sitenote_note":"","_monsterinsights_sitenote_category":0},"product_brand":[],"product_cat":[12274,12631],"product_tag":[],"class_list":{"0":"post-735052","1":"product","2":"type-product","3":"status-publish","5":"product_cat-cocuk-ve-genclik-kitaplari","6":"product_cat-diger-cocuk-ve-genclik-kitaplari","7":"pa_cilt-ciltsiz","8":"pa_tur-kitap","9":"pa_yayinevi-dinozor-cocuk","10":"pa_yazar-nursah-yilmaz","11":"pa_yazar-yilmaz-murat-bilican","13":"first","14":"instock","15":"sale","16":"shipping-taxable","17":"purchasable","18":"product-type-simple"},"_links":{"self":[{"href":"https:\/\/roveyayinevi.com.tr\/index.php\/wp-json\/wp\/v2\/product\/735052","targetHints":{"allow":["GET"]}}],"collection":[{"href":"https:\/\/roveyayinevi.com.tr\/index.php\/wp-json\/wp\/v2\/product"}],"about":[{"href":"https:\/\/roveyayinevi.com.tr\/index.php\/wp-json\/wp\/v2\/types\/product"}],"wp:attachment":[{"href":"https:\/\/roveyayinevi.com.tr\/index.php\/wp-json\/wp\/v2\/media?parent=735052"}],"wp:term":[{"taxonomy":"product_brand","embeddable":true,"href":"https:\/\/roveyayinevi.com.tr\/index.php\/wp-json\/wp\/v2\/product_brand?post=735052"},{"taxonomy":"product_cat","embeddable":true,"href":"https:\/\/roveyayinevi.com.tr\/index.php\/wp-json\/wp\/v2\/product_cat?post=735052"},{"taxonomy":"product_tag","embeddable":true,"href":"https:\/\/roveyayinevi.com.tr\/index.php\/wp-json\/wp\/v2\/product_tag?post=735052"}],"curies":[{"name":"wp","href":"https:\/\/api.w.org\/{rel}","templated":true}]}}