{"id":735051,"date":"2025-08-27T22:40:21","date_gmt":"2025-08-27T19:40:21","guid":{"rendered":"https:\/\/roveyayinevi.com.tr\/index.php\/urun\/elanko\/"},"modified":"2026-04-16T02:42:58","modified_gmt":"2026-04-15T23:42:58","slug":"elanko","status":"publish","type":"product","link":"https:\/\/roveyayinevi.com.tr\/index.php\/urun\/elanko\/","title":{"rendered":"Elanko"},"content":{"rendered":"<p>Baz\u0131 tan\u0131\u015fmalar farkl\u0131d\u0131r.Ya\u011fmurun dinmesini beklerken, hi\u00e7 akl\u0131nda yokken, g\u00f6zleri usul usul kapanmaya haz\u0131rlan\u0131rken bir ses duyar Elanko. Biri a\u011fa\u00e7tan, yapraklar\u0131n aras\u0131ndan ona seslenmektedir. Derken gizemli sesin sahibi ve Elanko sohbet etmeye ba\u015flar, birbirlerini tan\u0131maya \u00e7al\u0131\u015f\u0131rlar. A\u011fa\u00e7taki ses, ilgin\u00e7 sorular\u0131yla Elanko\u2019yu \u015fa\u015f\u0131rt\u0131r. Acaba \u201ckimdir\u201d bu sesin sahibi?Kendini tan\u0131mak \u00fczerine, Elanko gibi minicik, a\u011fa\u00e7taki ses gibi merakl\u0131, sorular\u0131 seven bir hik\u00e2ye\u2026***Minik fil Elanko\u2019dan yeti\u015fkin okurlara:Ad\u0131n\u0131, gitti\u011fi okullar\u0131, mesle\u011fini bildi\u011fimiz ama en sevdi\u011fi rengi, kokuyu, \u015fark\u0131y\u0131, oynad\u0131\u011f\u0131 oyunlar\u0131 bilmedi\u011fimiz birini tan\u0131d\u0131\u011f\u0131m\u0131z\u0131 s\u00f6yleyebilir miyiz?Kendimizi tarif ederken toplumsal roller, bi\u00e7im ve hedeflerden s\u0131yr\u0131lmak m\u00fcmk\u00fcn m\u00fc?E\u011fer s\u0131yr\u0131labilirsek geriye ne kal\u0131yor?Kendini bilme yolculu\u011fu, kendine soru sormakla ba\u015fl\u0131yor\u2026\u201cF\u0131st\u0131k yer misin?\u201d diye sordu bir ses.Koca a\u011fac\u0131n o kadar \u00e7ok yapra\u011f\u0131 vard\u0131 ki Elanko sesin kimden geldi\u011fini anlayamad\u0131.G\u00f6zlerini yapraklar\u0131n aras\u0131nda dola\u015ft\u0131r\u0131rken, \u201cHay\u0131r, te\u015fekk\u00fcr ederim\u201d diye yan\u0131t verdi.Bu kez de \u201cAd\u0131n ne?\u201d diye sordu ses.\u201cElanko\u2026\u201d\u201cAnlatsana Elanko, kimsin sen?\u201d\u201cAfrika filiyim.\u201d\u201cNerelisin diye sormad\u0131m ki\u201d dedi a\u011fa\u00e7taki ses g\u00fclerek.\u201cA\u015fa\u011f\u0131 g\u00f6l\u00fcn kenar\u0131nda ya\u015fayan fil s\u00fcr\u00fcs\u00fc var ya, i\u015fte onlar\u0131n en k\u00fc\u00e7\u00fck yavrusuyum.\u201d\u201cBu kadar m\u0131?\u201d\u201cHay\u0131r\u201d dedi gururla Elanko. \u201cDimya\u2019y\u0131 tan\u0131yor musun? Onu buralarda herkes tan\u0131r. Ben Dimya\u2019n\u0131n karde\u015fiyim.\u201d\u201cPeki, ya sen? Seni tan\u0131rlar m\u0131?\u201d *** \u201cFiller b\u00f6yle yapar\u201d dedi Elanko s\u0131k\u0131larak. \u201cPeki, sen ne yapars\u0131n?\u201d diye sordu a\u011faca do\u011fru.\u201cT\u0131rmanabildi\u011fim en y\u00fcksek dala sar\u0131l\u0131r\u0131m her sabah. \u00d6nce a\u015fa\u011f\u0131y\u0131 izlerim uzun uzun, sonra g\u00f6rd\u00fcklerimle ilgili d\u00fc\u015f\u00fcn\u00fcr\u00fcm. Beni bir dalda durup d\u00fc\u015f\u00fcn\u00fcrken g\u00f6renler, etraf\u0131 izliyorum zannederler ama asl\u0131nda \u00f6yle de\u011fildir. D\u00fc\u015f\u00fcn\u00fcrken yaln\u0131zca d\u00fc\u015f\u00fcn\u00fcr\u00fcm, ba\u015fka bir i\u015f yapmam.\u201d\u201cD\u00fc\u015f\u00fcnmek i\u015f midir?\u201d diye \u015fa\u015fk\u0131nl\u0131kla sordu Elanko.\u201cSen ne d\u00fc\u015f\u00fcn\u00fcyorsun? \u0130\u015f midir?\u201dTembelhayvan yan\u0131t verirken bile soru soruyor, akl\u0131n\u0131 kar\u0131\u015ft\u0131r\u0131yordu.<\/p>\n","protected":false},"excerpt":{"rendered":"<p>Baz\u0131 tan\u0131\u015fmalar farkl\u0131d\u0131r.Ya\u011fmurun dinmesini beklerken, hi\u00e7 akl\u0131nda yokken, g\u00f6zleri usul usul kapanmaya haz\u0131rlan\u0131rken bir ses duyar Elanko. Biri a\u011fa\u00e7tan, yapraklar\u0131n aras\u0131ndan ona seslenmektedir. Derken gizemli sesin<span class=\"excerpt-hellip\"> [\u2026]<\/span><\/p>\n","protected":false},"featured_media":0,"template":"","meta":{"_monsterinsights_skip_tracking":false,"_monsterinsights_sitenote_active":false,"_monsterinsights_sitenote_note":"","_monsterinsights_sitenote_category":0},"product_brand":[],"product_cat":[12274,12284],"product_tag":[],"class_list":{"0":"post-735051","1":"product","2":"type-product","3":"status-publish","5":"product_cat-cocuk-ve-genclik-kitaplari","6":"product_cat-hikayeler","7":"pa_cilt-ciltsiz","8":"pa_tur-kitap","9":"pa_yayinevi-elma-cocuk","10":"pa_yazar-sabiha-gurdemir","12":"first","13":"instock","14":"sale","15":"shipping-taxable","16":"purchasable","17":"product-type-simple"},"_links":{"self":[{"href":"https:\/\/roveyayinevi.com.tr\/index.php\/wp-json\/wp\/v2\/product\/735051","targetHints":{"allow":["GET"]}}],"collection":[{"href":"https:\/\/roveyayinevi.com.tr\/index.php\/wp-json\/wp\/v2\/product"}],"about":[{"href":"https:\/\/roveyayinevi.com.tr\/index.php\/wp-json\/wp\/v2\/types\/product"}],"wp:attachment":[{"href":"https:\/\/roveyayinevi.com.tr\/index.php\/wp-json\/wp\/v2\/media?parent=735051"}],"wp:term":[{"taxonomy":"product_brand","embeddable":true,"href":"https:\/\/roveyayinevi.com.tr\/index.php\/wp-json\/wp\/v2\/product_brand?post=735051"},{"taxonomy":"product_cat","embeddable":true,"href":"https:\/\/roveyayinevi.com.tr\/index.php\/wp-json\/wp\/v2\/product_cat?post=735051"},{"taxonomy":"product_tag","embeddable":true,"href":"https:\/\/roveyayinevi.com.tr\/index.php\/wp-json\/wp\/v2\/product_tag?post=735051"}],"curies":[{"name":"wp","href":"https:\/\/api.w.org\/{rel}","templated":true}]}}