{"id":735050,"date":"2025-08-27T22:40:21","date_gmt":"2025-08-27T19:40:21","guid":{"rendered":"https:\/\/roveyayinevi.com.tr\/index.php\/urun\/tanriya-mektuplar\/"},"modified":"2026-04-16T02:42:58","modified_gmt":"2026-04-15T23:42:58","slug":"tanriya-mektuplar","status":"publish","type":"product","link":"https:\/\/roveyayinevi.com.tr\/index.php\/urun\/tanriya-mektuplar\/","title":{"rendered":"Tanr\u0131ya Mektuplar"},"content":{"rendered":"<p>Bu kitap 1932 y\u0131l\u0131nda Malatya\u2019n\u0131n P\u00f6t\u00fcrge kasabas\u0131nda do\u011fan ve k\u00f6y\u00fcnde ilkokul olmad\u0131\u011f\u0131 i\u00e7in 16 ya\u015f\u0131ndayken ilkokulu hari\u00e7ten bitirerek \u00f6\u011frenimine devam eden sosyalist \u00f6\u011fretmen Hasan Basri Ayd\u0131n\u2019\u0131n m\u00fccadelesini anlat\u0131yor.Tanr\u0131n\u0131n, kullar\u0131n\u0131n iyili\u011fini d\u00fc\u015f\u00fcnd\u00fc\u011f\u00fcne h\u00fckmedip, ba\u015f\u0131na gelen s\u00fcrg\u00fcn, a\u00e7\u0131\u011fa al\u0131nma ve hapis gibi cezaland\u0131r\u0131lmalar\u0131 anlamaya \u00e7al\u0131\u015f\u0131yor. Sonunda tanr\u0131ya yazd\u0131\u011f\u0131 altm\u0131\u015f \u00fc\u00e7 mektupta ba\u015f\u0131na gelenlerin nedenlerini ve tanr\u0131n\u0131n k\u00f6t\u00fcleri neden cezaland\u0131rmad\u0131\u011f\u0131n\u0131 sorguluyor.\u201cTanr\u0131 k\u00f6t\u00fcc\u00fcl kullar\u0131n\u0131 \u00f6b\u00fcr d\u00fcnyada cezalad\u0131r\u0131rken iyi ve yoksul kullar\u0131na neden bu d\u00fcnyada yard\u0131m etmiyor?\u201d Mizahi bir dille aktar\u0131lan bu ve benzeri sorular\u0131n kar\u015f\u0131l\u0131\u011f\u0131n\u0131 alamasa da yazar yeni yeni sorular sormaya devam ediyor.<\/p>\n","protected":false},"excerpt":{"rendered":"<p>Bu kitap 1932 y\u0131l\u0131nda Malatya\u2019n\u0131n P\u00f6t\u00fcrge kasabas\u0131nda do\u011fan ve k\u00f6y\u00fcnde ilkokul olmad\u0131\u011f\u0131 i\u00e7in 16 ya\u015f\u0131ndayken ilkokulu hari\u00e7ten bitirerek \u00f6\u011frenimine devam eden sosyalist \u00f6\u011fretmen Hasan Basri Ayd\u0131n\u2019\u0131n<span class=\"excerpt-hellip\"> [\u2026]<\/span><\/p>\n","protected":false},"featured_media":0,"template":"","meta":{"_monsterinsights_skip_tracking":false,"_monsterinsights_sitenote_active":false,"_monsterinsights_sitenote_note":"","_monsterinsights_sitenote_category":0},"product_brand":[],"product_cat":[12304,14128],"product_tag":[],"class_list":{"0":"post-735050","1":"product","2":"type-product","3":"status-publish","5":"product_cat-tarih","6":"product_cat-yakin-tarih","7":"pa_cilt-ciltsiz","8":"pa_tur-kitap","9":"pa_yayinevi-ayrinti-yayinlari","10":"pa_yazar-hasan-basri-aydin","12":"first","13":"instock","14":"sale","15":"shipping-taxable","16":"purchasable","17":"product-type-simple"},"_links":{"self":[{"href":"https:\/\/roveyayinevi.com.tr\/index.php\/wp-json\/wp\/v2\/product\/735050","targetHints":{"allow":["GET"]}}],"collection":[{"href":"https:\/\/roveyayinevi.com.tr\/index.php\/wp-json\/wp\/v2\/product"}],"about":[{"href":"https:\/\/roveyayinevi.com.tr\/index.php\/wp-json\/wp\/v2\/types\/product"}],"wp:attachment":[{"href":"https:\/\/roveyayinevi.com.tr\/index.php\/wp-json\/wp\/v2\/media?parent=735050"}],"wp:term":[{"taxonomy":"product_brand","embeddable":true,"href":"https:\/\/roveyayinevi.com.tr\/index.php\/wp-json\/wp\/v2\/product_brand?post=735050"},{"taxonomy":"product_cat","embeddable":true,"href":"https:\/\/roveyayinevi.com.tr\/index.php\/wp-json\/wp\/v2\/product_cat?post=735050"},{"taxonomy":"product_tag","embeddable":true,"href":"https:\/\/roveyayinevi.com.tr\/index.php\/wp-json\/wp\/v2\/product_tag?post=735050"}],"curies":[{"name":"wp","href":"https:\/\/api.w.org\/{rel}","templated":true}]}}