{"id":735047,"date":"2025-08-27T22:40:17","date_gmt":"2025-08-27T19:40:17","guid":{"rendered":"https:\/\/roveyayinevi.com.tr\/index.php\/urun\/kahreden-ve-yaratan-ki-onlardir-anilar\/"},"modified":"2026-04-16T02:42:58","modified_gmt":"2026-04-15T23:42:58","slug":"kahreden-ve-yaratan-ki-onlardir-anilar","status":"publish","type":"product","link":"https:\/\/roveyayinevi.com.tr\/index.php\/urun\/kahreden-ve-yaratan-ki-onlardir-anilar\/","title":{"rendered":"Kahreden ve Yaratan ki Onlard\u0131r An\u0131lar"},"content":{"rendered":"<p>K\u00f6yden ziraat teknisyenli\u011fine, oradan k\u00f6y \u00f6\u011fretmenli\u011fine, oradan astsubayl\u0131\u011fa, oradan maden i\u015f\u00e7ili\u011fine, oradan temizlik i\u015f\u00e7ili\u011fine, oradan T\u00fcrkiye Sosyalist \u0130\u015f\u00e7i Partisi (TS\u0130P) y\u00f6neticili\u011fine&#8230; Sonra Ka\u00e7akl\u0131k&#8230; \u00dclke d\u0131\u015f\u0131&#8230; Yine i\u015f\u00e7ilik&#8230;Ali Kar, Cem Karaca\u2019n\u0131n \u015fark\u0131s\u0131ndaki \u201ci\u015f\u00e7isin sen, i\u015f\u00e7i kal\u201d \u00e7a\u011fr\u0131s\u0131na uymu\u015f gibi sanki b\u00fct\u00fcn hayat\u0131 boyunca. Ama o i\u015f\u00e7i \u201ckalmakla\u201d yetinmemi\u015f, nerede olursa olsun boyun e\u011fmez bir i\u015f\u00e7i olarak kalm\u0131\u015ft\u0131r. N\u00e2z\u0131m Hikmet\u2019in dizeleriyle \u201ckahreden ve yaratan\u201d bir s\u0131n\u0131f\u0131n kendi i\u00e7inden \u00e7\u0131kard\u0131\u011f\u0131 bir i\u015f\u00e7i \u00f6nderinin \u00f6zya\u015fam\u00f6yk\u00fcs\u00fc.<\/p>\n","protected":false},"excerpt":{"rendered":"<p>K\u00f6yden ziraat teknisyenli\u011fine, oradan k\u00f6y \u00f6\u011fretmenli\u011fine, oradan astsubayl\u0131\u011fa, oradan maden i\u015f\u00e7ili\u011fine, oradan temizlik i\u015f\u00e7ili\u011fine, oradan T\u00fcrkiye Sosyalist \u0130\u015f\u00e7i Partisi (TS\u0130P) y\u00f6neticili\u011fine&#8230; Sonra Ka\u00e7akl\u0131k&#8230; \u00dclke d\u0131\u015f\u0131&#8230; Yine<span class=\"excerpt-hellip\"> [\u2026]<\/span><\/p>\n","protected":false},"featured_media":0,"template":"","meta":{"_monsterinsights_skip_tracking":false,"_monsterinsights_sitenote_active":false,"_monsterinsights_sitenote_note":"","_monsterinsights_sitenote_category":0},"product_brand":[],"product_cat":[12304,14128],"product_tag":[],"class_list":{"0":"post-735047","1":"product","2":"type-product","3":"status-publish","5":"product_cat-tarih","6":"product_cat-yakin-tarih","7":"pa_cilt-ciltsiz","8":"pa_tur-kitap","9":"pa_yayinevi-ayrinti-yayinlari","10":"pa_yazar-ali-kara","12":"first","13":"instock","14":"sale","15":"shipping-taxable","16":"purchasable","17":"product-type-simple"},"_links":{"self":[{"href":"https:\/\/roveyayinevi.com.tr\/index.php\/wp-json\/wp\/v2\/product\/735047","targetHints":{"allow":["GET"]}}],"collection":[{"href":"https:\/\/roveyayinevi.com.tr\/index.php\/wp-json\/wp\/v2\/product"}],"about":[{"href":"https:\/\/roveyayinevi.com.tr\/index.php\/wp-json\/wp\/v2\/types\/product"}],"wp:attachment":[{"href":"https:\/\/roveyayinevi.com.tr\/index.php\/wp-json\/wp\/v2\/media?parent=735047"}],"wp:term":[{"taxonomy":"product_brand","embeddable":true,"href":"https:\/\/roveyayinevi.com.tr\/index.php\/wp-json\/wp\/v2\/product_brand?post=735047"},{"taxonomy":"product_cat","embeddable":true,"href":"https:\/\/roveyayinevi.com.tr\/index.php\/wp-json\/wp\/v2\/product_cat?post=735047"},{"taxonomy":"product_tag","embeddable":true,"href":"https:\/\/roveyayinevi.com.tr\/index.php\/wp-json\/wp\/v2\/product_tag?post=735047"}],"curies":[{"name":"wp","href":"https:\/\/api.w.org\/{rel}","templated":true}]}}