{"id":735041,"date":"2025-08-27T22:40:09","date_gmt":"2025-08-27T19:40:09","guid":{"rendered":"https:\/\/roveyayinevi.com.tr\/index.php\/urun\/ataturk-gibi\/"},"modified":"2026-04-16T02:42:57","modified_gmt":"2026-04-15T23:42:57","slug":"ataturk-gibi","status":"publish","type":"product","link":"https:\/\/roveyayinevi.com.tr\/index.php\/urun\/ataturk-gibi\/","title":{"rendered":"Atat\u00fcrk Gibi"},"content":{"rendered":"<p>Mustafa Kemal Atat\u00fcrk, \u015f\u00fcphesiz son y\u00fczy\u0131l\u0131n en b\u00fcy\u00fck dehas\u0131. Atat\u00fcrk, b\u00fcy\u00fck bir komutan ve devlet adam\u0131 olman\u0131n yan\u0131 s\u0131ra; sanat, spor, hukuk ve pek \u00e7ok alana h\u00e2kim bir ayd\u0131nd\u0131. Ama o bir zamanlar benim ve senin gibi bir \u00e7ocuktu. Kimi zaman \u00e7imlere uzan\u0131p bulutlara bak\u0131p hayaller kurar, kimi zaman en sevdi\u011fi dondurman\u0131n pe\u015fine d\u00fc\u015ferdi.  B\u00fcy\u00fcd\u00fc\u011f\u00fcnde merak\u0131, azmi ve m\u00fccadelesi bir \u00fclkenin kaderini de\u011fi\u015ftirdi. \u015eimdi sen de onun gibi hayallerinin pe\u015finden gitmeye, \u00f6\u011frenmeye ve m\u00fccadele etmeye var m\u0131s\u0131n? <\/p>\n","protected":false},"excerpt":{"rendered":"<p>Mustafa Kemal Atat\u00fcrk, \u015f\u00fcphesiz son y\u00fczy\u0131l\u0131n en b\u00fcy\u00fck dehas\u0131. Atat\u00fcrk, b\u00fcy\u00fck bir komutan ve devlet adam\u0131 olman\u0131n yan\u0131 s\u0131ra; sanat, spor, hukuk ve pek \u00e7ok alana<span class=\"excerpt-hellip\"> [\u2026]<\/span><\/p>\n","protected":false},"featured_media":0,"template":"","meta":{"_monsterinsights_skip_tracking":false,"_monsterinsights_sitenote_active":false,"_monsterinsights_sitenote_note":"","_monsterinsights_sitenote_category":0},"product_brand":[],"product_cat":[12274,12284],"product_tag":[],"class_list":{"0":"post-735041","1":"product","2":"type-product","3":"status-publish","5":"product_cat-cocuk-ve-genclik-kitaplari","6":"product_cat-hikayeler","7":"pa_cilt-ciltsiz","8":"pa_tur-kitap","9":"pa_yayinevi-dinozor-cocuk","10":"pa_yazar-hafize-cinar-guner","12":"first","13":"instock","14":"sale","15":"shipping-taxable","16":"purchasable","17":"product-type-simple"},"_links":{"self":[{"href":"https:\/\/roveyayinevi.com.tr\/index.php\/wp-json\/wp\/v2\/product\/735041","targetHints":{"allow":["GET"]}}],"collection":[{"href":"https:\/\/roveyayinevi.com.tr\/index.php\/wp-json\/wp\/v2\/product"}],"about":[{"href":"https:\/\/roveyayinevi.com.tr\/index.php\/wp-json\/wp\/v2\/types\/product"}],"wp:attachment":[{"href":"https:\/\/roveyayinevi.com.tr\/index.php\/wp-json\/wp\/v2\/media?parent=735041"}],"wp:term":[{"taxonomy":"product_brand","embeddable":true,"href":"https:\/\/roveyayinevi.com.tr\/index.php\/wp-json\/wp\/v2\/product_brand?post=735041"},{"taxonomy":"product_cat","embeddable":true,"href":"https:\/\/roveyayinevi.com.tr\/index.php\/wp-json\/wp\/v2\/product_cat?post=735041"},{"taxonomy":"product_tag","embeddable":true,"href":"https:\/\/roveyayinevi.com.tr\/index.php\/wp-json\/wp\/v2\/product_tag?post=735041"}],"curies":[{"name":"wp","href":"https:\/\/api.w.org\/{rel}","templated":true}]}}