{"id":735040,"date":"2025-08-27T22:40:08","date_gmt":"2025-08-27T19:40:08","guid":{"rendered":"https:\/\/roveyayinevi.com.tr\/index.php\/urun\/surgun-gunlukleri\/"},"modified":"2026-04-16T02:42:57","modified_gmt":"2026-04-15T23:42:57","slug":"surgun-gunlukleri","status":"publish","type":"product","link":"https:\/\/roveyayinevi.com.tr\/index.php\/urun\/surgun-gunlukleri\/","title":{"rendered":"S\u00fcrg\u00fcn G\u00fcnl\u00fckleri"},"content":{"rendered":"<p>\u00c7a\u011fda\u015f d\u00fcnya edebiyat\u0131n\u0131n en \u00f6nemli \u015fairlerinden Yannis Ritsos S\u00fcrg\u00fcn G\u00fcnl\u00fckleri\u2019ni yazmaya \u0130\u00e7 Sava\u015f\u2019tan sonra 1948 sonbahar\u0131nda toplumcu siyasal g\u00f6r\u00fc\u015fleri y\u00fcz\u00fcnden g\u00f6nderildi\u011fi Limnos Adas\u0131\u2019ndaki Kondopuli Kamp\u0131\u2019nda ba\u015flad\u0131, 1949 y\u0131l\u0131n\u0131n sonlar\u0131nda aktar\u0131ld\u0131\u011f\u0131 Makronisos Kamp\u0131\u2019nda devam etti. Zorlu kamp ko\u015fullar\u0131nda hayat\u0131n kayd\u0131n\u0131 tutmak \u00fczere yazd\u0131\u011f\u0131 \u015fiirler bu d\u00f6nemde ya\u015fananlar\u0131 b\u00fct\u00fcn d\u00fcnyaya ilan eden bir g\u00fcnl\u00fc\u011fe d\u00f6n\u00fc\u015ft\u00fc. Kamplarda dayat\u0131lan pi\u015fmanl\u0131k dilek\u00e7esini inatla imzalamayan Ritsos S\u00fcrg\u00fcn G\u00fcnl\u00fckleri ile sadece yol arkada\u015flar\u0131n\u0131n de\u011fil, umudunun ve inanc\u0131n\u0131n da sesini y\u0131llar \u00f6tesine ta\u015f\u0131d\u0131. <\/p>\n","protected":false},"excerpt":{"rendered":"<p>\u00c7a\u011fda\u015f d\u00fcnya edebiyat\u0131n\u0131n en \u00f6nemli \u015fairlerinden Yannis Ritsos S\u00fcrg\u00fcn G\u00fcnl\u00fckleri\u2019ni yazmaya \u0130\u00e7 Sava\u015f\u2019tan sonra 1948 sonbahar\u0131nda toplumcu siyasal g\u00f6r\u00fc\u015fleri y\u00fcz\u00fcnden g\u00f6nderildi\u011fi Limnos Adas\u0131\u2019ndaki Kondopuli Kamp\u0131\u2019nda ba\u015flad\u0131,<span class=\"excerpt-hellip\"> [\u2026]<\/span><\/p>\n","protected":false},"featured_media":0,"template":"","meta":{"_monsterinsights_skip_tracking":false,"_monsterinsights_sitenote_active":false,"_monsterinsights_sitenote_note":"","_monsterinsights_sitenote_category":0},"product_brand":[],"product_cat":[12291,26797],"product_tag":[],"class_list":{"0":"post-735040","1":"product","2":"type-product","3":"status-publish","5":"product_cat-edebiyat","6":"product_cat-modern-klasikler","7":"pa_cilt-ciltsiz","8":"pa_tur-kitap","9":"pa_yayinevi-is-bankasi-kultur-yayinlari","10":"pa_yazar-yannis-ritsos","12":"first","13":"instock","14":"sale","15":"shipping-taxable","16":"purchasable","17":"product-type-simple"},"_links":{"self":[{"href":"https:\/\/roveyayinevi.com.tr\/index.php\/wp-json\/wp\/v2\/product\/735040","targetHints":{"allow":["GET"]}}],"collection":[{"href":"https:\/\/roveyayinevi.com.tr\/index.php\/wp-json\/wp\/v2\/product"}],"about":[{"href":"https:\/\/roveyayinevi.com.tr\/index.php\/wp-json\/wp\/v2\/types\/product"}],"wp:attachment":[{"href":"https:\/\/roveyayinevi.com.tr\/index.php\/wp-json\/wp\/v2\/media?parent=735040"}],"wp:term":[{"taxonomy":"product_brand","embeddable":true,"href":"https:\/\/roveyayinevi.com.tr\/index.php\/wp-json\/wp\/v2\/product_brand?post=735040"},{"taxonomy":"product_cat","embeddable":true,"href":"https:\/\/roveyayinevi.com.tr\/index.php\/wp-json\/wp\/v2\/product_cat?post=735040"},{"taxonomy":"product_tag","embeddable":true,"href":"https:\/\/roveyayinevi.com.tr\/index.php\/wp-json\/wp\/v2\/product_tag?post=735040"}],"curies":[{"name":"wp","href":"https:\/\/api.w.org\/{rel}","templated":true}]}}