{"id":735036,"date":"2025-08-27T22:40:04","date_gmt":"2025-08-27T19:40:04","guid":{"rendered":"https:\/\/roveyayinevi.com.tr\/index.php\/urun\/pilot-akademisi\/"},"modified":"2026-04-16T02:42:57","modified_gmt":"2026-04-15T23:42:57","slug":"pilot-akademisi","status":"publish","type":"product","link":"https:\/\/roveyayinevi.com.tr\/index.php\/urun\/pilot-akademisi\/","title":{"rendered":"Pilot Akademisi"},"content":{"rendered":"<p>\u00c7ocuklar\u0131n helikopter, jet ve ticari u\u00e7ak u\u00e7urmay\u0131 \u00f6\u011frendi\u011fi Pilot Akademisi\u2019nde s\u0131n\u0131r g\u00f6ky\u00fcz\u00fcd\u00fcr! Harika resimler, e\u011flenceli bilgiler ve zorlay\u0131c\u0131 aktivitelerle dolu kitapta \u00e7ocuklar u\u00e7akla kalk\u0131\u015f yapt\u0131klar\u0131, y\u00f6n verdikleri ve ini\u015f yapt\u0131klar\u0131 b\u00fcy\u00fcleyici bir yolculu\u011fa \u00e7\u0131kacaklar. Pratik projeler okuyucular\u0131n temel bilgileri e\u011flenceli ve uygulamal\u0131 olarak \u00f6\u011frenmelerine yard\u0131mc\u0131 olacakt\u0131r. Rotokopter, telsiz ve u\u00e7urtma yapmaktan u\u00e7u\u015f g\u00fcvertesini bilmek ve u\u00e7u\u015f rotas\u0131n\u0131 haz\u0131rlamaya kadar bir\u00e7ok \u015fey i\u00e7eren bu kitap gen\u00e7 u\u00e7ak merakl\u0131lar\u0131 i\u00e7in olmazsa olmazd\u0131r!<\/p>\n","protected":false},"excerpt":{"rendered":"<p>\u00c7ocuklar\u0131n helikopter, jet ve ticari u\u00e7ak u\u00e7urmay\u0131 \u00f6\u011frendi\u011fi Pilot Akademisi\u2019nde s\u0131n\u0131r g\u00f6ky\u00fcz\u00fcd\u00fcr! Harika resimler, e\u011flenceli bilgiler ve zorlay\u0131c\u0131 aktivitelerle dolu kitapta \u00e7ocuklar u\u00e7akla kalk\u0131\u015f yapt\u0131klar\u0131, y\u00f6n<span class=\"excerpt-hellip\"> [\u2026]<\/span><\/p>\n","protected":false},"featured_media":0,"template":"","meta":{"_monsterinsights_skip_tracking":false,"_monsterinsights_sitenote_active":false,"_monsterinsights_sitenote_note":"","_monsterinsights_sitenote_category":0},"product_brand":[],"product_cat":[12275,12274],"product_tag":[],"class_list":{"0":"post-735036","1":"product","2":"type-product","3":"status-publish","5":"product_cat-6-12-yas-kitaplari","6":"product_cat-cocuk-ve-genclik-kitaplari","7":"pa_cilt-ciltsiz","8":"pa_tur-kitap","9":"pa_yayinevi-eksik-parca-yayinlari","10":"pa_yazar-steve-martin","12":"first","13":"instock","14":"sale","15":"shipping-taxable","16":"purchasable","17":"product-type-simple"},"_links":{"self":[{"href":"https:\/\/roveyayinevi.com.tr\/index.php\/wp-json\/wp\/v2\/product\/735036","targetHints":{"allow":["GET"]}}],"collection":[{"href":"https:\/\/roveyayinevi.com.tr\/index.php\/wp-json\/wp\/v2\/product"}],"about":[{"href":"https:\/\/roveyayinevi.com.tr\/index.php\/wp-json\/wp\/v2\/types\/product"}],"wp:attachment":[{"href":"https:\/\/roveyayinevi.com.tr\/index.php\/wp-json\/wp\/v2\/media?parent=735036"}],"wp:term":[{"taxonomy":"product_brand","embeddable":true,"href":"https:\/\/roveyayinevi.com.tr\/index.php\/wp-json\/wp\/v2\/product_brand?post=735036"},{"taxonomy":"product_cat","embeddable":true,"href":"https:\/\/roveyayinevi.com.tr\/index.php\/wp-json\/wp\/v2\/product_cat?post=735036"},{"taxonomy":"product_tag","embeddable":true,"href":"https:\/\/roveyayinevi.com.tr\/index.php\/wp-json\/wp\/v2\/product_tag?post=735036"}],"curies":[{"name":"wp","href":"https:\/\/api.w.org\/{rel}","templated":true}]}}