{"id":735035,"date":"2025-08-27T22:40:03","date_gmt":"2025-08-27T19:40:03","guid":{"rendered":"https:\/\/roveyayinevi.com.tr\/index.php\/urun\/kodlama-akademisi\/"},"modified":"2026-04-16T02:42:57","modified_gmt":"2026-04-15T23:42:57","slug":"kodlama-akademisi","status":"publish","type":"product","link":"https:\/\/roveyayinevi.com.tr\/index.php\/urun\/kodlama-akademisi\/","title":{"rendered":"Kodlama Akademisi"},"content":{"rendered":"<p>Yaz\u0131l\u0131mc\u0131lar\u0131n robotlar\u0131 kontrol edebildi\u011fini, \u015fof\u00f6rs\u00fcz araba programlad\u0131\u011f\u0131n\u0131 ve uzaya roket g\u00f6nderebildi\u011fini biliyor muydun? Programlama akademisinde, ba\u015far\u0131l\u0131 bir yaz\u0131l\u0131mc\u0131 olmak i\u00e7in ilk ad\u0131mlar\u0131n\u0131 atacaks\u0131n. M\u00fczik, oyunlar, internet siteleri ve animasyon yaratmay\u0131 \u00f6\u011freneceksin. Bilgisayarlar\u0131n nas\u0131l d\u00fc\u015f\u00fcnd\u00fcklerini, onlara nas\u0131l talimatlar verece\u011fini, Scratch\u2019i nas\u0131l kullanaca\u011f\u0131n\u0131, HTML yazmay\u0131 ve daha pek \u00e7ok fazlas\u0131n\u0131 \u00f6\u011frenmeye haz\u0131r m\u0131s\u0131n? O zaman, bilgisayar\u0131n\u0131 a\u00e7 ve programlamaya ba\u015fla!<\/p>\n","protected":false},"excerpt":{"rendered":"<p>Yaz\u0131l\u0131mc\u0131lar\u0131n robotlar\u0131 kontrol edebildi\u011fini, \u015fof\u00f6rs\u00fcz araba programlad\u0131\u011f\u0131n\u0131 ve uzaya roket g\u00f6nderebildi\u011fini biliyor muydun? Programlama akademisinde, ba\u015far\u0131l\u0131 bir yaz\u0131l\u0131mc\u0131 olmak i\u00e7in ilk ad\u0131mlar\u0131n\u0131 atacaks\u0131n. M\u00fczik, oyunlar, internet<span class=\"excerpt-hellip\"> [\u2026]<\/span><\/p>\n","protected":false},"featured_media":0,"template":"","meta":{"_monsterinsights_skip_tracking":false,"_monsterinsights_sitenote_active":false,"_monsterinsights_sitenote_note":"","_monsterinsights_sitenote_category":0},"product_brand":[],"product_cat":[12274,15842],"product_tag":[],"class_list":{"0":"post-735035","1":"product","2":"type-product","3":"status-publish","5":"product_cat-cocuk-ve-genclik-kitaplari","6":"product_cat-egitici-kitaplar","7":"pa_cilt-ciltsiz","8":"pa_tur-kitap","9":"pa_yayinevi-eksik-parca-yayinlari","10":"pa_yazar-sean-mcmanus","12":"first","13":"instock","14":"sale","15":"shipping-taxable","16":"purchasable","17":"product-type-simple"},"_links":{"self":[{"href":"https:\/\/roveyayinevi.com.tr\/index.php\/wp-json\/wp\/v2\/product\/735035","targetHints":{"allow":["GET"]}}],"collection":[{"href":"https:\/\/roveyayinevi.com.tr\/index.php\/wp-json\/wp\/v2\/product"}],"about":[{"href":"https:\/\/roveyayinevi.com.tr\/index.php\/wp-json\/wp\/v2\/types\/product"}],"wp:attachment":[{"href":"https:\/\/roveyayinevi.com.tr\/index.php\/wp-json\/wp\/v2\/media?parent=735035"}],"wp:term":[{"taxonomy":"product_brand","embeddable":true,"href":"https:\/\/roveyayinevi.com.tr\/index.php\/wp-json\/wp\/v2\/product_brand?post=735035"},{"taxonomy":"product_cat","embeddable":true,"href":"https:\/\/roveyayinevi.com.tr\/index.php\/wp-json\/wp\/v2\/product_cat?post=735035"},{"taxonomy":"product_tag","embeddable":true,"href":"https:\/\/roveyayinevi.com.tr\/index.php\/wp-json\/wp\/v2\/product_tag?post=735035"}],"curies":[{"name":"wp","href":"https:\/\/api.w.org\/{rel}","templated":true}]}}