{"id":735030,"date":"2025-08-27T22:39:57","date_gmt":"2025-08-27T19:39:57","guid":{"rendered":"https:\/\/roveyayinevi.com.tr\/index.php\/urun\/biyosfer\/"},"modified":"2026-04-16T02:42:57","modified_gmt":"2026-04-15T23:42:57","slug":"biyosfer","status":"publish","type":"product","link":"https:\/\/roveyayinevi.com.tr\/index.php\/urun\/biyosfer\/","title":{"rendered":"Biyosfer"},"content":{"rendered":"<p>B\u00fcy\u00fck Sovyet bilim insan\u0131 Vladimir \u0130vanovi\u00e7 Vernadski\u2019nin temel eseri Biyosfer, yay\u0131nlan\u0131\u015f\u0131n\u0131n 95. y\u0131l\u0131nda ilk kez T\u00fcrk\u00e7ede! Bug\u00fcn bilim tarihi a\u00e7\u0131s\u0131ndan \u00f6nemi rahatl\u0131kla Darwin ile k\u0131yaslanan ve modern mineraloji, jeokimya ve ekoloji bilimlerinin kurucusu say\u0131lan Vernadski\u2019nin az tan\u0131nm\u0131\u015fl\u0131\u011f\u0131, antikom\u00fcnizmin bilim d\u00fcnyas\u0131 \u00fczerindeki sans\u00fcr\u00fcn\u00fcn \u00fcz\u00fcc\u00fc \u00f6rneklerinden biridir. Fakat Vernadski\u2019nin fikirleri de, kendisine atfedilmese dahi farkl\u0131 kanallardan yayg\u0131nla\u015fm\u0131\u015f ve kabul g\u00f6rm\u00fc\u015ft\u00fcr. Biyosfer terimi farkl\u0131 bilim insanlar\u0131 taraf\u0131ndan farkl\u0131 anlamlarda kullan\u0131lm\u0131\u015f olsa da, terimin bug\u00fcn kabul edilen tan\u0131m\u0131 Vernadski\u2019nin Biyosfer kitab\u0131nda in\u015fa edilmi\u015ftir. Vernadski, bilim, teknoloji ve enerjinin evrensel, bar\u0131\u015f\u00e7\u0131 ve uygarla\u015ft\u0131r\u0131c\u0131 g\u00fcc\u00fcne vurgu yaparken materyalizmi savunmu\u015f, insan merkezci biyosfer tasar\u0131lar\u0131na kar\u015f\u0131, do\u011fan\u0131n i\u015fleyi\u015finde ya\u015fam merkezci ve holistik bir y\u00f6nelimi temsil etmi\u015ftir. \u0130lk olarak Biyosfer\u2019de ifadesini bulan pek \u00e7ok bilimsel kavram ve y\u00f6ntem, insanl\u0131\u011f\u0131n ve misafiri oldu\u011fu gezegenin ortak gelece\u011fini anlamland\u0131rmak i\u00e7in h\u00e2l\u00e2 temel bilimsel kaynak niteli\u011findedir. \u0130klim krizinin ve ekolojik y\u0131k\u0131m\u0131n giderek derinle\u015fti\u011fi d\u00fcnyam\u0131zda ya\u015fam\u0131n ili\u015fkiselli\u011fine, canl\u0131lar\u0131n b\u00fct\u00fcnselli\u011fine, ekolojik ba\u011flara dair yeniden d\u00fc\u015f\u00fcnmeye \u00e7a\u011f\u0131ran bu kitap, tarihsel \u00f6neminin yan\u0131 s\u0131ra g\u00fcncele de s\u0131k\u0131 s\u0131k\u0131ya ba\u011flan\u0131yor. Son k\u0131sm\u0131nda Vernadski\u2019nin ya\u015fam\u0131na dair bir kronoloji de sunan Biyosfer, yaln\u0131zca ekoloji, jeoloji, bilim tarihi ve felsefesi ile ilgilenenler i\u00e7in de\u011fil, gezegenimizin g\u00fcncel ve yak\u0131c\u0131 sorunlar\u0131na y\u00f6nelik politik bir aray\u0131\u015f i\u00e7erisinde olanlar i\u00e7in de temel bir kaynak niteli\u011fi ta\u015f\u0131yor. <\/p>\n","protected":false},"excerpt":{"rendered":"<p>B\u00fcy\u00fck Sovyet bilim insan\u0131 Vladimir \u0130vanovi\u00e7 Vernadski\u2019nin temel eseri Biyosfer, yay\u0131nlan\u0131\u015f\u0131n\u0131n 95. y\u0131l\u0131nda ilk kez T\u00fcrk\u00e7ede! Bug\u00fcn bilim tarihi a\u00e7\u0131s\u0131ndan \u00f6nemi rahatl\u0131kla Darwin ile k\u0131yaslanan ve<span class=\"excerpt-hellip\"> [\u2026]<\/span><\/p>\n","protected":false},"featured_media":0,"template":"","meta":{"_monsterinsights_skip_tracking":false,"_monsterinsights_sitenote_active":false,"_monsterinsights_sitenote_note":"","_monsterinsights_sitenote_category":0},"product_brand":[],"product_cat":[13005,37328],"product_tag":[],"class_list":{"0":"post-735030","1":"product","2":"type-product","3":"status-publish","5":"product_cat-bilim-muhendislik","6":"product_cat-diger-bilim-muhendislik","7":"pa_cilt-ciltsiz","8":"pa_tur-kitap","9":"pa_yayinevi-yordam-kitap","10":"pa_yazar-vladimir-vernadski","12":"first","13":"instock","14":"sale","15":"shipping-taxable","16":"purchasable","17":"product-type-simple"},"_links":{"self":[{"href":"https:\/\/roveyayinevi.com.tr\/index.php\/wp-json\/wp\/v2\/product\/735030","targetHints":{"allow":["GET"]}}],"collection":[{"href":"https:\/\/roveyayinevi.com.tr\/index.php\/wp-json\/wp\/v2\/product"}],"about":[{"href":"https:\/\/roveyayinevi.com.tr\/index.php\/wp-json\/wp\/v2\/types\/product"}],"wp:attachment":[{"href":"https:\/\/roveyayinevi.com.tr\/index.php\/wp-json\/wp\/v2\/media?parent=735030"}],"wp:term":[{"taxonomy":"product_brand","embeddable":true,"href":"https:\/\/roveyayinevi.com.tr\/index.php\/wp-json\/wp\/v2\/product_brand?post=735030"},{"taxonomy":"product_cat","embeddable":true,"href":"https:\/\/roveyayinevi.com.tr\/index.php\/wp-json\/wp\/v2\/product_cat?post=735030"},{"taxonomy":"product_tag","embeddable":true,"href":"https:\/\/roveyayinevi.com.tr\/index.php\/wp-json\/wp\/v2\/product_tag?post=735030"}],"curies":[{"name":"wp","href":"https:\/\/api.w.org\/{rel}","templated":true}]}}