{"id":735029,"date":"2025-08-27T22:39:04","date_gmt":"2025-08-27T19:39:04","guid":{"rendered":"https:\/\/roveyayinevi.com.tr\/index.php\/urun\/umudun-pedagojisi\/"},"modified":"2026-04-06T02:58:40","modified_gmt":"2026-04-05T23:58:40","slug":"umudun-pedagojisi","status":"publish","type":"product","link":"https:\/\/roveyayinevi.com.tr\/index.php\/urun\/umudun-pedagojisi\/","title":{"rendered":"Umudun Pedagojisi"},"content":{"rendered":"<p>Ezilenlerin Pedagojisi, \u00d6zg\u00fcrl\u00fc\u011f\u00fcn Pedagojisi ve K\u00fclt\u00fcr \u0130\u015f\u00e7ileri Olarak \u00d6\u011fretmenler gibi eserleriyle e\u011fitim yaz\u0131n\u0131na damgas\u0131n\u0131 vuran Paulo Freire, Umudun Pedagojisi\u2019nde bir e\u011fitimci olarak kendi ser\u00fcvenine ve ba\u015fyap\u0131t\u0131 olarak kabul edilen Ezilenlerin Pedagojisi\u2019nin yaz\u0131l\u0131\u015f s\u00fcrecine odaklan\u0131yor. Avukatl\u0131k mesle\u011fini b\u0131rak\u0131p bir e\u011fitimci olmaya karar vermesiyle ba\u015flayan ve Brezilya\u2019n\u0131n i\u00e7inden ge\u00e7ti\u011fi politik \u00e7alkant\u0131larla birlikte \u015eili ve \u0130svi\u00e7re gibi \u00fclkelerde bir g\u00f6\u00e7men olarak devam eden mesleki ya\u015fam\u0131n\u0131 keskin g\u00f6zlem g\u00fcc\u00fc ve canl\u0131 anekdotlarla okurla bulu\u015fturan Freire, Umudun Pedagojisi\u2019nde bizi \u2018\u2018halk e\u011fitimi\u2019\u2019 m\u00fccadelesinin yirminci y\u00fczy\u0131ldaki parlak ba\u015far\u0131lar ve ac\u0131 yenilgilerle dolu tarihine g\u00f6t\u00fcr\u00fcyor. Freire yer kendisiyle de s\u00f6yle\u015fti\u011fi bu kitab\u0131nda, bir yandan Ezilenlerin Pedagojisi ba\u015fta olmak \u00fczere \u00e7al\u0131\u015fmalar\u0131n\u0131n yaratt\u0131\u011f\u0131 tart\u0131\u015fmalara d\u00f6nerek kendisine y\u00f6neltilen ele\u015ftirileri yan\u0131tlama f\u0131rsat\u0131 bulurken, di\u011fer yandan da yine kendi deyi\u015fiyle Ezilenlerin Pedagojisi\u2019ni yeniden ya\u015f\u0131yor. Ontolojik bir ihtiya\u00e7 olarak umudun m\u00fccadele ve pratikle ili\u015fkisine yapt\u0131\u011f\u0131 \u00f6zel vurguyla Umudun Pedagojisi sadece Freire\u2019yi ve onun e\u011fitim anlay\u0131\u015f\u0131n\u0131 daha derinden kavramak isteyenler i\u00e7in de\u011fil, daha e\u015fit ve \u00f6zg\u00fcr bir toplum m\u00fccadelesinin etik boyutlar\u0131n\u0131n ne denli tayin edici oldu\u011funu fark edenler i\u00e7in de vazge\u00e7ilmez bir rehber niteli\u011fi ta\u015f\u0131yor. <\/p>\n","protected":false},"excerpt":{"rendered":"<p>Ezilenlerin Pedagojisi, \u00d6zg\u00fcrl\u00fc\u011f\u00fcn Pedagojisi ve K\u00fclt\u00fcr \u0130\u015f\u00e7ileri Olarak \u00d6\u011fretmenler gibi eserleriyle e\u011fitim yaz\u0131n\u0131na damgas\u0131n\u0131 vuran Paulo Freire, Umudun Pedagojisi\u2019nde bir e\u011fitimci olarak kendi ser\u00fcvenine ve ba\u015fyap\u0131t\u0131<span class=\"excerpt-hellip\"> [\u2026]<\/span><\/p>\n","protected":false},"featured_media":0,"template":"","meta":{"_monsterinsights_skip_tracking":false,"_monsterinsights_sitenote_active":false,"_monsterinsights_sitenote_note":"","_monsterinsights_sitenote_category":0},"product_brand":[],"product_cat":[12567,12566],"product_tag":[],"class_list":{"0":"post-735029","1":"product","2":"type-product","3":"status-publish","5":"product_cat-diger-egitim","6":"product_cat-egitim","7":"pa_cilt-ciltsiz","8":"pa_tur-kitap","9":"pa_yayinevi-yordam-kitap","10":"pa_yazar-paulo-freire","12":"first","13":"instock","14":"sale","15":"shipping-taxable","16":"purchasable","17":"product-type-simple"},"_links":{"self":[{"href":"https:\/\/roveyayinevi.com.tr\/index.php\/wp-json\/wp\/v2\/product\/735029","targetHints":{"allow":["GET"]}}],"collection":[{"href":"https:\/\/roveyayinevi.com.tr\/index.php\/wp-json\/wp\/v2\/product"}],"about":[{"href":"https:\/\/roveyayinevi.com.tr\/index.php\/wp-json\/wp\/v2\/types\/product"}],"wp:attachment":[{"href":"https:\/\/roveyayinevi.com.tr\/index.php\/wp-json\/wp\/v2\/media?parent=735029"}],"wp:term":[{"taxonomy":"product_brand","embeddable":true,"href":"https:\/\/roveyayinevi.com.tr\/index.php\/wp-json\/wp\/v2\/product_brand?post=735029"},{"taxonomy":"product_cat","embeddable":true,"href":"https:\/\/roveyayinevi.com.tr\/index.php\/wp-json\/wp\/v2\/product_cat?post=735029"},{"taxonomy":"product_tag","embeddable":true,"href":"https:\/\/roveyayinevi.com.tr\/index.php\/wp-json\/wp\/v2\/product_tag?post=735029"}],"curies":[{"name":"wp","href":"https:\/\/api.w.org\/{rel}","templated":true}]}}