{"id":735028,"date":"2025-08-27T22:39:03","date_gmt":"2025-08-27T19:39:03","guid":{"rendered":"https:\/\/roveyayinevi.com.tr\/index.php\/urun\/komintern-donemi-tkp-tarihi-2-turkiye-komunist-partisinin-bolseviklesmesi\/"},"modified":"2026-04-16T02:42:57","modified_gmt":"2026-04-15T23:42:57","slug":"komintern-donemi-tkp-tarihi-2-turkiye-komunist-partisinin-bolseviklesmesi","status":"publish","type":"product","link":"https:\/\/roveyayinevi.com.tr\/index.php\/urun\/komintern-donemi-tkp-tarihi-2-turkiye-komunist-partisinin-bolseviklesmesi\/","title":{"rendered":"Komintern D\u00f6nemi TKP Tarihi 2 &#8211; T\u00fcrkiye Kom\u00fcnist Partisi&#8217;nin Bol\u015fevikle\u015fmesi"},"content":{"rendered":"<p>T\u00fcrkiye\u2019nin en eski partisinin belgelere dayal\u0131 kapsaml\u0131 tarihi&#8230; Ge\u00e7mi\u015ften bug\u00fcne d\u00fc\u015f\u00fcr\u00fclen e\u015fitlik ve \u00f6zg\u00fcrl\u00fck \u0131\u015f\u0131\u011f\u0131yla g\u00fcn\u00fcm\u00fcz\u00fc ve gelece\u011fimizi ayd\u0131nlatan bir tarih yolculu\u011fu\u2026 T\u00fcrkiye Kom\u00fcnist Partisi\u2019nin (TKP) kurulu\u015f s\u00fcreci, Birinci D\u00fcnya Sava\u015f\u0131\u2019n\u0131n y\u0131k\u0131nt\u0131lar\u0131 i\u00e7inde ba\u015flar ve 1925 \u015eubat\u2019\u0131nda Akaretler\u2019de toplanan kongreyle tamamlan\u0131r. Modern T\u00fcrkiye\u2019nin bi\u00e7imleni\u015fi s\u0131ras\u0131nda ortaya \u00e7\u0131kan \u00e7eli\u015fkiler, \u00e7at\u0131\u015fmalar, sanc\u0131lar ve ak\u0131p giden siyasal olaylar\u0131n izlerini ta\u015f\u0131yan bir s\u00fcre\u00e7tir bu.  D\u00fcnyan\u0131n de\u011fi\u015fen dengeleri, dengeler olu\u015furken meydana gelen devrimler ve kar\u015f\u0131devrimler, yeni ba\u015ftan kurulan bir \u00fclkenin ya\u015fad\u0131\u011f\u0131 sars\u0131nt\u0131lar, etnik ve dinsel yap\u0131s\u0131 h\u0131zla de\u011fi\u015fen bir co\u011frafyada s\u0131n\u0131f m\u00fccadelesinin ve sosyalizmin taban\u0131n\u0131 olu\u015fturan kitlelerin \u00fclkeden ayr\u0131l\u0131\u015f\u0131 TKP\u2019nin olu\u015fumunun i\u00e7sel ili\u015fkileridir. TKP\u2019nin kurulu\u015f s\u00fcrecinin tamamland\u0131\u011f\u0131 1925 Akaretler Kongresi, \u015eeyh Sait \u0130syan\u0131\u2019n\u0131n patlak vermesiyle \u201culusal mesele\u201dnin \u00e7etrefil hale geldi\u011fi g\u00fcnlerde toplanm\u0131\u015f, Mart 1925\u2019te ba\u015flayan Takrir-i S\u00fck\u00fbn d\u00f6nemi TKP \u00fczerinde b\u00fcy\u00fck bir bask\u0131 yaratm\u0131\u015f, bu bask\u0131c\u0131 ortam TKP raporlar\u0131nda \u201cter\u00f6rc\u00fc diktat\u00f6rl\u00fck\u201d olarak nitelendirilmi\u015ftir. TKP, kavurucu bir tarihsel kesitte kurulur ve yurdunda a\u011f\u0131r bir bask\u0131 alt\u0131nda tutulurken Komintern \u00e7at\u0131s\u0131 alt\u0131nda ona ili\u015fkin tart\u0131\u015fmalar ya\u015fanmaktad\u0131r. Bu tart\u0131\u015fmalar, Komintern\u2019in Temmuz 1924 tarihli 5. Kongresi\u2019nde benimsenen ve t\u00fcm kom\u00fcnist partilere \u00f6nerilen Bol\u015fevikle\u015fme y\u00f6neliminin yans\u0131malar\u0131d\u0131r. TKP\u2019nin 1919-1925 d\u00f6nemi, T\u00fcrkiye Kom\u00fcnist Partisi\u2019nin Kurulu\u015fu ba\u015fl\u0131kl\u0131 birinci ciltte ele al\u0131nm\u0131\u015ft\u0131. Bu cilde konu olan 1925-1928 d\u00f6neminde, TKP, bir i\u00e7 tart\u0131\u015fmalar ve fikir ayr\u0131l\u0131klar\u0131 s\u00fcrecinden ge\u00e7mektedir. TKP i\u00e7indeki tart\u0131\u015fmalar\u0131n oda\u011f\u0131nda onun Komintern \u00e7izgisiyle uyumlu bir kitle partisine d\u00f6n\u00fc\u015fmesi ve Kemalizm ile kuraca\u011f\u0131 ili\u015fkinin niteli\u011fi yatar. T\u00fcrkiye Kom\u00fcnist Partisi\u2019nin Bol\u015fevikle\u015fmesi, 1925-1928\u2019de \u00f6nemli simalara, olaylara, toplant\u0131lara, eylemlere, yay\u0131nlara ve yarg\u0131lamalara ili\u015fkin tarihsel belgeler ve mektuplar bulacaks\u0131n\u0131z. Kitab\u0131n \u00f6nemli y\u00f6nlerinden biri de TKP\u2019nin karma\u015f\u0131k tarihini anlamay\u0131 kolayla\u015ft\u0131racak bir yol haritas\u0131 ve kronoloji i\u00e7ermesi. <\/p>\n","protected":false},"excerpt":{"rendered":"<p>T\u00fcrkiye\u2019nin en eski partisinin belgelere dayal\u0131 kapsaml\u0131 tarihi&#8230; Ge\u00e7mi\u015ften bug\u00fcne d\u00fc\u015f\u00fcr\u00fclen e\u015fitlik ve \u00f6zg\u00fcrl\u00fck \u0131\u015f\u0131\u011f\u0131yla g\u00fcn\u00fcm\u00fcz\u00fc ve gelece\u011fimizi ayd\u0131nlatan bir tarih yolculu\u011fu\u2026 T\u00fcrkiye Kom\u00fcnist Partisi\u2019nin (TKP)<span class=\"excerpt-hellip\"> [\u2026]<\/span><\/p>\n","protected":false},"featured_media":0,"template":"","meta":{"_monsterinsights_skip_tracking":false,"_monsterinsights_sitenote_active":false,"_monsterinsights_sitenote_note":"","_monsterinsights_sitenote_category":0},"product_brand":[],"product_cat":[13590,12337],"product_tag":[],"class_list":{"0":"post-735028","1":"product","2":"type-product","3":"status-publish","5":"product_cat-arastirma-inceleme-politika-siyaset","6":"product_cat-politika-siyaset","7":"pa_cilt-ciltsiz","8":"pa_tur-kitap","9":"pa_yayinevi-yordam-kitap","10":"pa_yazar-erden-akbulut-erol-ulker","12":"first","13":"instock","14":"sale","15":"shipping-taxable","16":"purchasable","17":"product-type-simple"},"_links":{"self":[{"href":"https:\/\/roveyayinevi.com.tr\/index.php\/wp-json\/wp\/v2\/product\/735028","targetHints":{"allow":["GET"]}}],"collection":[{"href":"https:\/\/roveyayinevi.com.tr\/index.php\/wp-json\/wp\/v2\/product"}],"about":[{"href":"https:\/\/roveyayinevi.com.tr\/index.php\/wp-json\/wp\/v2\/types\/product"}],"wp:attachment":[{"href":"https:\/\/roveyayinevi.com.tr\/index.php\/wp-json\/wp\/v2\/media?parent=735028"}],"wp:term":[{"taxonomy":"product_brand","embeddable":true,"href":"https:\/\/roveyayinevi.com.tr\/index.php\/wp-json\/wp\/v2\/product_brand?post=735028"},{"taxonomy":"product_cat","embeddable":true,"href":"https:\/\/roveyayinevi.com.tr\/index.php\/wp-json\/wp\/v2\/product_cat?post=735028"},{"taxonomy":"product_tag","embeddable":true,"href":"https:\/\/roveyayinevi.com.tr\/index.php\/wp-json\/wp\/v2\/product_tag?post=735028"}],"curies":[{"name":"wp","href":"https:\/\/api.w.org\/{rel}","templated":true}]}}