{"id":735027,"date":"2025-08-27T22:39:02","date_gmt":"2025-08-27T19:39:02","guid":{"rendered":"https:\/\/roveyayinevi.com.tr\/index.php\/urun\/2022-astrolojisi\/"},"modified":"2026-04-16T02:42:57","modified_gmt":"2026-04-15T23:42:57","slug":"2022-astrolojisi","status":"publish","type":"product","link":"https:\/\/roveyayinevi.com.tr\/index.php\/urun\/2022-astrolojisi\/","title":{"rendered":"2022 Astrolojisi"},"content":{"rendered":"<p>Gahl E. Sasson taraf\u0131ndan yaz\u0131lm\u0131s olan bu temel astrolojik rehberi kullanarak, gelecek 12 aya haz\u0131rlan\u0131n, y\u0131l\u0131 simdiden planlay\u0131n. Kitap; Kabala, Astroloji, Psikoloji, Tarot ve Mitolojiyi birle\u015ftiriyor. Kitab\u0131n ilk b\u00f6lu\u0308mu\u0308, 2022 y\u0131l\u0131na genel bir bak\u0131\u015f sunarken, ikinci b\u00f6lu\u0308m ise her bur\u00e7 i\u00e7in astrolojik e\u011filimleri detayland\u0131r\u0131yor. Finansal giri\u015fimler i\u00e7in hangi gu\u0308nler iyidir? A\u015fk ve ili\u015fkiler a\u00e7\u0131s\u0131ndan hangi tarihler daha u\u011furlu? Sa\u011fl\u0131\u011f\u0131n\u0131za ne zaman dikkat etmelisiniz? Merku\u0308r retrosu ne zaman ger\u00e7ekle\u015fecek? Tutulmalar ne zaman ya\u015fanacak ve her bur\u00e7 i\u00e7in ne anlama geliyor? 2022 y\u0131l\u0131 neden numerolojide 6 say\u0131s\u0131yla ili\u015fkilendirilir ve neden sevgi ad\u0131na fedak\u00e2rl\u0131\u011f\u0131 ifade eder? Ouroboros (Kuyru\u011funu Yiyen Y\u0131lan) \u00f6nu\u0308mu\u0308zdeki y\u0131lla ne \u015fekilde ba\u011flant\u0131l\u0131? 2022&#8217;nin astrolojik sular\u0131nda zahmetsizce gezinmenize yard\u0131mc\u0131 olacak bu y\u0131ld\u0131z rehberini ka\u00e7\u0131rmay\u0131n. <\/p>\n","protected":false},"excerpt":{"rendered":"<p>Gahl E. Sasson taraf\u0131ndan yaz\u0131lm\u0131s olan bu temel astrolojik rehberi kullanarak, gelecek 12 aya haz\u0131rlan\u0131n, y\u0131l\u0131 simdiden planlay\u0131n. Kitap; Kabala, Astroloji, Psikoloji, Tarot ve Mitolojiyi birle\u015ftiriyor.<span class=\"excerpt-hellip\"> [\u2026]<\/span><\/p>\n","protected":false},"featured_media":0,"template":"","meta":{"_monsterinsights_skip_tracking":false,"_monsterinsights_sitenote_active":false,"_monsterinsights_sitenote_note":"","_monsterinsights_sitenote_category":0},"product_brand":[],"product_cat":[18082,15563],"product_tag":[],"class_list":{"0":"post-735027","1":"product","2":"type-product","3":"status-publish","5":"product_cat-astroloji-fal-ruya","6":"product_cat-hobi","7":"pa_cilt-ciltsiz","8":"pa_tur-kitap","9":"pa_yayinevi-butik-yayinlari","10":"pa_yazar-gahl-eden-sasson","12":"first","13":"instock","14":"sale","15":"shipping-taxable","16":"purchasable","17":"product-type-simple"},"_links":{"self":[{"href":"https:\/\/roveyayinevi.com.tr\/index.php\/wp-json\/wp\/v2\/product\/735027","targetHints":{"allow":["GET"]}}],"collection":[{"href":"https:\/\/roveyayinevi.com.tr\/index.php\/wp-json\/wp\/v2\/product"}],"about":[{"href":"https:\/\/roveyayinevi.com.tr\/index.php\/wp-json\/wp\/v2\/types\/product"}],"wp:attachment":[{"href":"https:\/\/roveyayinevi.com.tr\/index.php\/wp-json\/wp\/v2\/media?parent=735027"}],"wp:term":[{"taxonomy":"product_brand","embeddable":true,"href":"https:\/\/roveyayinevi.com.tr\/index.php\/wp-json\/wp\/v2\/product_brand?post=735027"},{"taxonomy":"product_cat","embeddable":true,"href":"https:\/\/roveyayinevi.com.tr\/index.php\/wp-json\/wp\/v2\/product_cat?post=735027"},{"taxonomy":"product_tag","embeddable":true,"href":"https:\/\/roveyayinevi.com.tr\/index.php\/wp-json\/wp\/v2\/product_tag?post=735027"}],"curies":[{"name":"wp","href":"https:\/\/api.w.org\/{rel}","templated":true}]}}