{"id":735026,"date":"2025-08-27T22:39:01","date_gmt":"2025-08-27T19:39:01","guid":{"rendered":"https:\/\/roveyayinevi.com.tr\/index.php\/urun\/kardes-mardes-deme-bana\/"},"modified":"2026-04-16T02:42:57","modified_gmt":"2026-04-15T23:42:57","slug":"kardes-mardes-deme-bana","status":"publish","type":"product","link":"https:\/\/roveyayinevi.com.tr\/index.php\/urun\/kardes-mardes-deme-bana\/","title":{"rendered":"Karde\u015f Marde\u015f Deme Bana!"},"content":{"rendered":"<p>Karde\u015flik, kan ba\u011f\u0131n\u0131n \u00f6tesinde bir mucize!\u201cBerk\u201d dizisiyle sevilen yazar Kaan Elbingil, ilk \u00e7ocuk roman\u0131nda, \u0130stanbul\u2019un eski dokusuna dokunan, ne\u015fesi ve tasas\u0131yla sevgi dolu bir aileyi anlat\u0131yor. Payla\u015fmay\u0131 sevmeyen bir \u201ctek \u00e7ocu\u011fun\u201d ve ekonomik s\u0131k\u0131nt\u0131larla bo\u011fu\u015fan ailesinin hayata tutunmas\u0131n\u0131, s\u00fcrpriz bir konu\u011fun d\u00f6n\u00fc\u015ft\u00fcr\u00fcc\u00fc etkisini dillendiriyor. Roman, aile olman\u0131n sadece kan ba\u011f\u0131 gerektirmedi\u011fini, payla\u015fman\u0131n ve dayan\u0131\u015fman\u0131n sihrini e\u011flenceli bir \u00fcslupla resmediyor. Her ya\u015ftan okura komik ve umut dolu bir okuma sunuyor.KonusuTek \u00e7ocuk olmaktan memnun Salih Emre, yeni mahalleye ve okuluna al\u0131\u015fmaya \u00e7al\u0131\u015f\u0131r. Bor\u00e7lardan bunalan ailesi, ona hem karde\u015f olsun hem de dil \u00f6\u011fretsin diye, yabanc\u0131 bir \u00f6\u011frenciyi evlerine davet eder. \u00c7at pat T\u00fcrk\u00e7e konu\u015fan Hans\u2019\u0131n geli\u015fi, Salih Emre\u2019yi \u00e7ileden \u00e7\u0131kar\u0131r. Ancak, kom\u015fu k\u0131z\u0131 Elif\u2019le sonunda konu\u015fmay\u0131 ba\u015farmas\u0131 ve babas\u0131n\u0131n \u00e7orbac\u0131 d\u00fckk\u00e2n\u0131nda i\u015flerin beklenmedik bi\u00e7imde yoluna girmesiyle, ya\u015fam\u0131 de\u011fi\u015fmeye ba\u015flar. Ta ki bir g\u00fcn evlerinin kap\u0131s\u0131 \u00e7al\u0131n\u0131na dek\u2026<\/p>\n","protected":false},"excerpt":{"rendered":"<p>Karde\u015flik, kan ba\u011f\u0131n\u0131n \u00f6tesinde bir mucize!\u201cBerk\u201d dizisiyle sevilen yazar Kaan Elbingil, ilk \u00e7ocuk roman\u0131nda, \u0130stanbul\u2019un eski dokusuna dokunan, ne\u015fesi ve tasas\u0131yla sevgi dolu bir aileyi anlat\u0131yor.<span class=\"excerpt-hellip\"> [\u2026]<\/span><\/p>\n","protected":false},"featured_media":0,"template":"","meta":{"_monsterinsights_skip_tracking":false,"_monsterinsights_sitenote_active":false,"_monsterinsights_sitenote_note":"","_monsterinsights_sitenote_category":0},"product_brand":[],"product_cat":[12275,12274],"product_tag":[],"class_list":{"0":"post-735026","1":"product","2":"type-product","3":"status-publish","5":"product_cat-6-12-yas-kitaplari","6":"product_cat-cocuk-ve-genclik-kitaplari","7":"pa_cilt-ciltsiz","8":"pa_tur-kitap","9":"pa_yayinevi-gunisigi-kitapligi","10":"pa_yazar-kaan-elbingil","12":"first","13":"instock","14":"sale","15":"shipping-taxable","16":"purchasable","17":"product-type-simple"},"_links":{"self":[{"href":"https:\/\/roveyayinevi.com.tr\/index.php\/wp-json\/wp\/v2\/product\/735026","targetHints":{"allow":["GET"]}}],"collection":[{"href":"https:\/\/roveyayinevi.com.tr\/index.php\/wp-json\/wp\/v2\/product"}],"about":[{"href":"https:\/\/roveyayinevi.com.tr\/index.php\/wp-json\/wp\/v2\/types\/product"}],"wp:attachment":[{"href":"https:\/\/roveyayinevi.com.tr\/index.php\/wp-json\/wp\/v2\/media?parent=735026"}],"wp:term":[{"taxonomy":"product_brand","embeddable":true,"href":"https:\/\/roveyayinevi.com.tr\/index.php\/wp-json\/wp\/v2\/product_brand?post=735026"},{"taxonomy":"product_cat","embeddable":true,"href":"https:\/\/roveyayinevi.com.tr\/index.php\/wp-json\/wp\/v2\/product_cat?post=735026"},{"taxonomy":"product_tag","embeddable":true,"href":"https:\/\/roveyayinevi.com.tr\/index.php\/wp-json\/wp\/v2\/product_tag?post=735026"}],"curies":[{"name":"wp","href":"https:\/\/api.w.org\/{rel}","templated":true}]}}