{"id":735025,"date":"2025-08-27T22:39:00","date_gmt":"2025-08-27T19:39:00","guid":{"rendered":"https:\/\/roveyayinevi.com.tr\/index.php\/urun\/marsli-rahipler\/"},"modified":"2026-04-16T02:42:57","modified_gmt":"2026-04-15T23:42:57","slug":"marsli-rahipler","status":"publish","type":"product","link":"https:\/\/roveyayinevi.com.tr\/index.php\/urun\/marsli-rahipler\/","title":{"rendered":"Marsl\u0131 Rahipler"},"content":{"rendered":"<p>\u201cSize kendimi tan\u0131tay\u0131m: Uygarl\u0131\u011f\u0131n ba\u015fa d\u00f6nd\u00fc\u011f\u00fc, hayatta kalan \u00e7ok az say\u0131daki insan\u0131n vah\u015file\u015fti\u011fi d\u00fcnyay\u0131 yeniden kurabilecek tek toplulu\u011fun bir \u00fcyesiyim. Do\u011frusu, bu ekibin i\u00e7inde hi\u00e7bir i\u015fe yaramayan tek ki\u015fiyim. San\u0131r\u0131m bu y\u00fczden ekibin lideri oldum.   \u0130nsanl\u0131\u011f\u0131n kaderini benim ellerime b\u0131rakan s\u00fcre\u00e7, t\u00fcm inan\u00e7l\u0131 insanlar\u0131n k\u0131sac\u0131k bir s\u00fcrede ortadan kaybolmas\u0131yla ba\u015flad\u0131. Bu y\u00fczden geride kalan zavall\u0131lar\u0131 nas\u0131l kurtaraca\u011f\u0131m\u0131 d\u00fc\u015f\u00fcn\u00fcrken akl\u0131ma gelen tek fikir buydu: Yeni bir inan\u00e7 sistemi kurmak!   Size hikayemi anlatmak istiyorum. Yapt\u0131\u011f\u0131m muhte\u015fem hatalardan, savunmaya \u00e7al\u0131\u015ft\u0131\u011f\u0131m ac\u0131nas\u0131 do\u011frulardan bahsetmek istiyorum. Beni yarg\u0131lamamaya \u00e7al\u0131\u015fman\u0131z\u0131 arzu ederim. Emin olun, siz benim taraf\u0131mdan yarg\u0131lanmak istemezsiniz. Arkan\u0131za yaslan\u0131n ve benim yeni d\u00fcnya d\u00fczenimin tad\u0131n\u0131 \u00e7\u0131kar\u0131n.   \u00c7\u00fcnk\u00fc Mars b\u00f6yle istiyor!\u201d <\/p>\n","protected":false},"excerpt":{"rendered":"<p>\u201cSize kendimi tan\u0131tay\u0131m: Uygarl\u0131\u011f\u0131n ba\u015fa d\u00f6nd\u00fc\u011f\u00fc, hayatta kalan \u00e7ok az say\u0131daki insan\u0131n vah\u015file\u015fti\u011fi d\u00fcnyay\u0131 yeniden kurabilecek tek toplulu\u011fun bir \u00fcyesiyim. Do\u011frusu, bu ekibin i\u00e7inde hi\u00e7bir i\u015fe<span class=\"excerpt-hellip\"> [\u2026]<\/span><\/p>\n","protected":false},"featured_media":0,"template":"","meta":{"_monsterinsights_skip_tracking":false,"_monsterinsights_sitenote_active":false,"_monsterinsights_sitenote_note":"","_monsterinsights_sitenote_category":0},"product_brand":[],"product_cat":[12291,12711],"product_tag":[],"class_list":{"0":"post-735025","1":"product","2":"type-product","3":"status-publish","5":"product_cat-edebiyat","6":"product_cat-roman-oyku","7":"pa_cilt-ciltsiz","8":"pa_tur-kitap","9":"pa_yayinevi-karakum-yayinevi","10":"pa_yazar-ismail-bicer","12":"first","13":"instock","14":"sale","15":"shipping-taxable","16":"purchasable","17":"product-type-simple"},"_links":{"self":[{"href":"https:\/\/roveyayinevi.com.tr\/index.php\/wp-json\/wp\/v2\/product\/735025","targetHints":{"allow":["GET"]}}],"collection":[{"href":"https:\/\/roveyayinevi.com.tr\/index.php\/wp-json\/wp\/v2\/product"}],"about":[{"href":"https:\/\/roveyayinevi.com.tr\/index.php\/wp-json\/wp\/v2\/types\/product"}],"wp:attachment":[{"href":"https:\/\/roveyayinevi.com.tr\/index.php\/wp-json\/wp\/v2\/media?parent=735025"}],"wp:term":[{"taxonomy":"product_brand","embeddable":true,"href":"https:\/\/roveyayinevi.com.tr\/index.php\/wp-json\/wp\/v2\/product_brand?post=735025"},{"taxonomy":"product_cat","embeddable":true,"href":"https:\/\/roveyayinevi.com.tr\/index.php\/wp-json\/wp\/v2\/product_cat?post=735025"},{"taxonomy":"product_tag","embeddable":true,"href":"https:\/\/roveyayinevi.com.tr\/index.php\/wp-json\/wp\/v2\/product_tag?post=735025"}],"curies":[{"name":"wp","href":"https:\/\/api.w.org\/{rel}","templated":true}]}}