{"id":735022,"date":"2025-08-27T22:38:56","date_gmt":"2025-08-27T19:38:56","guid":{"rendered":"https:\/\/roveyayinevi.com.tr\/index.php\/urun\/jane-eyre-12\/"},"modified":"2026-04-16T02:42:57","modified_gmt":"2026-04-15T23:42:57","slug":"jane-eyre-12","status":"publish","type":"product","link":"https:\/\/roveyayinevi.com.tr\/index.php\/urun\/jane-eyre-12\/","title":{"rendered":"Jane Eyre"},"content":{"rendered":"<p>\u201cGenelde kad\u0131nlar\u0131n sakin olmas\u0131 beklenir ama onlar da erkeklerle ayn\u0131 hislere sahiptir. Onlar\u0131n da becerilerini ortaya \u00e7\u0131karmaya, t\u0131pk\u0131 erkekler gibi bir u\u011fra\u015f edinmeye ihtiya\u00e7lar\u0131 vard\u0131r. Onlar da a\u015f\u0131r\u0131 bask\u0131dan ve s\u00fcrekli sakinlikten erkekler kadar bunal\u0131rlar. Erkeklerin \u00fcst\u00fcn yarat\u0131klar oldu\u011funu d\u00fc\u015f\u00fcnerek, kad\u0131nlar\u0131n sadece yemek yapmak, \u00e7orap \u00f6rmek, piyano \u00e7almak ve \u00e7antalara nak\u0131\u015f i\u015flemekle yetinmesini s\u00f6ylemek ba\u011fnazl\u0131kt\u0131r. Cinsiyetleri i\u00e7in onlara yeterli g\u00f6r\u00fclenlerden \u00e7ok daha fazlas\u0131n\u0131 yapmak istediklerinde, onlar\u0131 k\u0131namak veya onlarla alay etmek bencilliktir.\u201d     K\u00fc\u00e7\u00fck ya\u015fta \u00f6ks\u00fcz kalan Jane, t\u00fcm ya\u015fant\u0131s\u0131 boyunca kendini d\u0131\u015flanm\u0131\u015f hisseder. Edward Rochester\u2019\u0131n velayetindeki k\u00fc\u00e7\u00fck Ad\u00e8le\u2019e m\u00fcrebbiyelik yapmak i\u00e7in Thornfield Malikanesi\u2019ne geldi\u011findeyse, ya\u015fad\u0131\u011f\u0131 a\u015fk ve \u00f6\u011frendi\u011fi s\u0131rlarla birlikte cesareti bir kez daha s\u0131nanacakt\u0131r. Charlotte Bront\u00eb\u2019nin ya\u015fam\u0131ndan da izler ta\u015f\u0131yan Jane Eyre, din\u00ee bask\u0131n\u0131n ve erkek \u00fcst\u00fcnl\u00fc\u011f\u00fcn\u00fcn egemen oldu\u011fu 19. y\u00fczy\u0131l \u0130ngiltere\u2019sinde ge\u00e7mekte ve kad\u0131n haklar\u0131na sahip \u00e7\u0131kan ilk romanlardan biri olarak kabul edilmektedir. <\/p>\n","protected":false},"excerpt":{"rendered":"<p>\u201cGenelde kad\u0131nlar\u0131n sakin olmas\u0131 beklenir ama onlar da erkeklerle ayn\u0131 hislere sahiptir. Onlar\u0131n da becerilerini ortaya \u00e7\u0131karmaya, t\u0131pk\u0131 erkekler gibi bir u\u011fra\u015f edinmeye ihtiya\u00e7lar\u0131 vard\u0131r. Onlar<span class=\"excerpt-hellip\"> [\u2026]<\/span><\/p>\n","protected":false},"featured_media":0,"template":"","meta":{"_monsterinsights_skip_tracking":false,"_monsterinsights_sitenote_active":false,"_monsterinsights_sitenote_note":"","_monsterinsights_sitenote_category":0},"product_brand":[],"product_cat":[12291,12711],"product_tag":[],"class_list":{"0":"post-735022","1":"product","2":"type-product","3":"status-publish","5":"product_cat-edebiyat","6":"product_cat-roman-oyku","7":"pa_cilt-ciltsiz","8":"pa_tur-kitap","9":"pa_yayinevi-sms-yayinlari","10":"pa_yazar-charlotte-bronte","12":"first","13":"instock","14":"sale","15":"shipping-taxable","16":"purchasable","17":"product-type-simple"},"_links":{"self":[{"href":"https:\/\/roveyayinevi.com.tr\/index.php\/wp-json\/wp\/v2\/product\/735022","targetHints":{"allow":["GET"]}}],"collection":[{"href":"https:\/\/roveyayinevi.com.tr\/index.php\/wp-json\/wp\/v2\/product"}],"about":[{"href":"https:\/\/roveyayinevi.com.tr\/index.php\/wp-json\/wp\/v2\/types\/product"}],"wp:attachment":[{"href":"https:\/\/roveyayinevi.com.tr\/index.php\/wp-json\/wp\/v2\/media?parent=735022"}],"wp:term":[{"taxonomy":"product_brand","embeddable":true,"href":"https:\/\/roveyayinevi.com.tr\/index.php\/wp-json\/wp\/v2\/product_brand?post=735022"},{"taxonomy":"product_cat","embeddable":true,"href":"https:\/\/roveyayinevi.com.tr\/index.php\/wp-json\/wp\/v2\/product_cat?post=735022"},{"taxonomy":"product_tag","embeddable":true,"href":"https:\/\/roveyayinevi.com.tr\/index.php\/wp-json\/wp\/v2\/product_tag?post=735022"}],"curies":[{"name":"wp","href":"https:\/\/api.w.org\/{rel}","templated":true}]}}