{"id":735021,"date":"2025-08-27T22:38:55","date_gmt":"2025-08-27T19:38:55","guid":{"rendered":"https:\/\/roveyayinevi.com.tr\/index.php\/urun\/dorian-grayin-portresi-12\/"},"modified":"2026-04-12T02:49:58","modified_gmt":"2026-04-11T23:49:58","slug":"dorian-grayin-portresi-12","status":"publish","type":"product","link":"https:\/\/roveyayinevi.com.tr\/index.php\/urun\/dorian-grayin-portresi-12\/","title":{"rendered":"Dorian Gray&#8217;in Portresi"},"content":{"rendered":"<p>\u201cSiz siz olun, en parlak g\u00fcnlerinizi can s\u0131k\u0131c\u0131 \u015feyler i\u015fiterek, umutsuz vakalara \u00e7are bulmay\u0131 deneyerek ya da hayat\u0131n\u0131z\u0131 cahil, kaba saba, adi insanlara adayarak bo\u015fa harcamay\u0131n. \u0130\u00e7inde bulundu\u011fumuz \u00e7a\u011f, i\u011fren\u00e7 d\u00fc\u015f\u00fcnc\u00fclerle, yanl\u0131\u015f fikirlerle dolu. Dibine kadar ya\u015fay\u0131n! Bu muhte\u015fem hayat\u0131n\u0131z\u0131 her g\u00fcn ci\u011ferlerinize kadar \u00e7ekin. Ruhunuzu sak\u0131n ha sak\u0131n derinlere hapsetmeyin. Onu diri tutmak i\u00e7in hep yeni heyecanlar aray\u0131n. Hi\u00e7bir \u015feyden korkmay\u0131n.\u201d   Dorian Gray, y\u00fcksek sosyeteye mensup, \u00e7ok yak\u0131\u015f\u0131kl\u0131 gen\u00e7 bir adamd\u0131r. G\u00fczelli\u011finden \u00e7ok etkilenen ressam Basil Hallward, onun portresini \u00e7izerek bu g\u00fczelli\u011fi \u00e2deta \u00f6l\u00fcms\u00fczle\u015ftirmek ister. Hallward\u2019\u0131n evinde tan\u0131\u015ft\u0131\u011f\u0131 zevk ve e\u011flence d\u00fc\u015fk\u00fcn\u00fc Lort Henry Wotton, Dorian\u2019\u0131, hayatta \u00f6nemli olan tek \u015feyin g\u00fczellik oldu\u011funa ve g\u00fczelli\u011fin de ge\u00e7ici oldu\u011funa inand\u0131r\u0131r. Bu inan\u00e7la deh\u015fete d\u00fc\u015fen Dorian, hep gen\u00e7 kalabilmeyi, kendisinin yerine portresinin ya\u015flanabilmesini diler. Bu dile\u011finin kabul oldu\u011funu, yapt\u0131\u011f\u0131 her zalimli\u011fin portreye bir k\u0131r\u0131\u015f\u0131k olarak yans\u0131d\u0131\u011f\u0131n\u0131 fark etti\u011finde \u00f6\u011frenecektir.<\/p>\n","protected":false},"excerpt":{"rendered":"<p>\u201cSiz siz olun, en parlak g\u00fcnlerinizi can s\u0131k\u0131c\u0131 \u015feyler i\u015fiterek, umutsuz vakalara \u00e7are bulmay\u0131 deneyerek ya da hayat\u0131n\u0131z\u0131 cahil, kaba saba, adi insanlara adayarak bo\u015fa harcamay\u0131n.<span class=\"excerpt-hellip\"> [\u2026]<\/span><\/p>\n","protected":false},"featured_media":0,"template":"","meta":{"_monsterinsights_skip_tracking":false,"_monsterinsights_sitenote_active":false,"_monsterinsights_sitenote_note":"","_monsterinsights_sitenote_category":0},"product_brand":[],"product_cat":[12291,12711],"product_tag":[],"class_list":{"0":"post-735021","1":"product","2":"type-product","3":"status-publish","5":"product_cat-edebiyat","6":"product_cat-roman-oyku","7":"pa_cilt-ciltsiz","8":"pa_tur-kitap","9":"pa_yayinevi-sms-yayinlari","10":"pa_yazar-oscar-wilde","12":"first","13":"instock","14":"sale","15":"shipping-taxable","16":"purchasable","17":"product-type-simple"},"_links":{"self":[{"href":"https:\/\/roveyayinevi.com.tr\/index.php\/wp-json\/wp\/v2\/product\/735021","targetHints":{"allow":["GET"]}}],"collection":[{"href":"https:\/\/roveyayinevi.com.tr\/index.php\/wp-json\/wp\/v2\/product"}],"about":[{"href":"https:\/\/roveyayinevi.com.tr\/index.php\/wp-json\/wp\/v2\/types\/product"}],"wp:attachment":[{"href":"https:\/\/roveyayinevi.com.tr\/index.php\/wp-json\/wp\/v2\/media?parent=735021"}],"wp:term":[{"taxonomy":"product_brand","embeddable":true,"href":"https:\/\/roveyayinevi.com.tr\/index.php\/wp-json\/wp\/v2\/product_brand?post=735021"},{"taxonomy":"product_cat","embeddable":true,"href":"https:\/\/roveyayinevi.com.tr\/index.php\/wp-json\/wp\/v2\/product_cat?post=735021"},{"taxonomy":"product_tag","embeddable":true,"href":"https:\/\/roveyayinevi.com.tr\/index.php\/wp-json\/wp\/v2\/product_tag?post=735021"}],"curies":[{"name":"wp","href":"https:\/\/api.w.org\/{rel}","templated":true}]}}