{"id":735020,"date":"2025-08-27T22:38:54","date_gmt":"2025-08-27T19:38:54","guid":{"rendered":"https:\/\/roveyayinevi.com.tr\/index.php\/urun\/jhon-thompsons-yetiskinler-icin-piyano-kursu-1-kitap\/"},"modified":"2026-04-16T02:42:57","modified_gmt":"2026-04-15T23:42:57","slug":"jhon-thompsons-yetiskinler-icin-piyano-kursu-1-kitap","status":"publish","type":"product","link":"https:\/\/roveyayinevi.com.tr\/index.php\/urun\/jhon-thompsons-yetiskinler-icin-piyano-kursu-1-kitap\/","title":{"rendered":"Jhon Thompson&#8217;s Yeti\u015fkinler \u0130\u00e7in Piyano Kursu 1. Kitap"},"content":{"rendered":"<p>Bu kitap piyano \u00e7almak i\u00e7in bir haz\u0131rl\u0131k kitab\u0131d\u0131r. \u00d6zellikle yeti\u015fkin \u00f6\u011frenciler i\u00e7in tasarlanm\u0131\u015ft\u0131r ve esas amac\u0131 \u00f6\u011frenciye h\u0131zl\u0131ca fakat m\u00fckemmel bir \u015fekilde piyano \u00e7alma \u00f6\u011felerini anlatmaktad\u0131r. Bunun sonucunda \u00f6\u011frenci Jhon Thopmson&#8217;dan yeti\u015fkinler i\u00e7in piyano kursunun 2. kitab\u0131na ge\u00e7ebilir ve onun arkas\u0131ndan gelen piyano i\u00e7in modern kurs adl\u0131 kitapla devam edebilir. <\/p>\n","protected":false},"excerpt":{"rendered":"<p>Bu kitap piyano \u00e7almak i\u00e7in bir haz\u0131rl\u0131k kitab\u0131d\u0131r. \u00d6zellikle yeti\u015fkin \u00f6\u011frenciler i\u00e7in tasarlanm\u0131\u015ft\u0131r ve esas amac\u0131 \u00f6\u011frenciye h\u0131zl\u0131ca fakat m\u00fckemmel bir \u015fekilde piyano \u00e7alma \u00f6\u011felerini anlatmaktad\u0131r.<span class=\"excerpt-hellip\"> [\u2026]<\/span><\/p>\n","protected":false},"featured_media":0,"template":"","meta":{"_monsterinsights_skip_tracking":false,"_monsterinsights_sitenote_active":false,"_monsterinsights_sitenote_note":"","_monsterinsights_sitenote_category":0},"product_brand":[],"product_cat":[14556,20810],"product_tag":[],"class_list":{"0":"post-735020","1":"product","2":"type-product","3":"status-publish","5":"product_cat-muzik","6":"product_cat-ogrenim-kitaplari","7":"pa_cilt-ciltsiz","8":"pa_tur-kitap","9":"pa_yayinevi-porte-muzik-egitim-merkezi","10":"pa_yazar-jhon-thompson","12":"first","13":"instock","14":"sale","15":"shipping-taxable","16":"purchasable","17":"product-type-simple"},"_links":{"self":[{"href":"https:\/\/roveyayinevi.com.tr\/index.php\/wp-json\/wp\/v2\/product\/735020","targetHints":{"allow":["GET"]}}],"collection":[{"href":"https:\/\/roveyayinevi.com.tr\/index.php\/wp-json\/wp\/v2\/product"}],"about":[{"href":"https:\/\/roveyayinevi.com.tr\/index.php\/wp-json\/wp\/v2\/types\/product"}],"wp:attachment":[{"href":"https:\/\/roveyayinevi.com.tr\/index.php\/wp-json\/wp\/v2\/media?parent=735020"}],"wp:term":[{"taxonomy":"product_brand","embeddable":true,"href":"https:\/\/roveyayinevi.com.tr\/index.php\/wp-json\/wp\/v2\/product_brand?post=735020"},{"taxonomy":"product_cat","embeddable":true,"href":"https:\/\/roveyayinevi.com.tr\/index.php\/wp-json\/wp\/v2\/product_cat?post=735020"},{"taxonomy":"product_tag","embeddable":true,"href":"https:\/\/roveyayinevi.com.tr\/index.php\/wp-json\/wp\/v2\/product_tag?post=735020"}],"curies":[{"name":"wp","href":"https:\/\/api.w.org\/{rel}","templated":true}]}}