{"id":735019,"date":"2025-08-27T22:38:53","date_gmt":"2025-08-27T19:38:53","guid":{"rendered":"https:\/\/roveyayinevi.com.tr\/index.php\/urun\/rihtimda\/"},"modified":"2026-04-16T02:42:57","modified_gmt":"2026-04-15T23:42:57","slug":"rihtimda","status":"publish","type":"product","link":"https:\/\/roveyayinevi.com.tr\/index.php\/urun\/rihtimda\/","title":{"rendered":"R\u0131ht\u0131mda"},"content":{"rendered":"<p>\u201cR\u0131ht\u0131ma yakla\u015f\u0131rken ilkbahar Sessizli\u011fi ya\u015f\u0131yorum duygular\u0131mda Yapraklar sel oldu \u015fark\u0131larda Dalgalar s\u00fcr\u00fckledi sisli bir bu\u011fuyla G\u00f6rd\u00fcler k\u00f6p\u00fckler ilkbahar\u0131 Bir na\u011fme oldu k\u00f6p\u00fckler bu baharla \u0130lkbahar\u0131 ya\u015famak istiyorum bu r\u0131ht\u0131mda K\u00f6p\u00fckler ve bahar s\u0131cakl\u0131\u011f\u0131yla Sak\u0131n gitme Mevsimler bitmesin bu r\u0131ht\u0131mda\u201d <\/p>\n","protected":false},"excerpt":{"rendered":"<p>\u201cR\u0131ht\u0131ma yakla\u015f\u0131rken ilkbahar Sessizli\u011fi ya\u015f\u0131yorum duygular\u0131mda Yapraklar sel oldu \u015fark\u0131larda Dalgalar s\u00fcr\u00fckledi sisli bir bu\u011fuyla G\u00f6rd\u00fcler k\u00f6p\u00fckler ilkbahar\u0131 Bir na\u011fme oldu k\u00f6p\u00fckler bu baharla \u0130lkbahar\u0131 ya\u015famak<span class=\"excerpt-hellip\"> [\u2026]<\/span><\/p>\n","protected":false},"featured_media":0,"template":"","meta":{"_monsterinsights_skip_tracking":false,"_monsterinsights_sitenote_active":false,"_monsterinsights_sitenote_note":"","_monsterinsights_sitenote_category":0},"product_brand":[],"product_cat":[12291,12509],"product_tag":[],"class_list":{"0":"post-735019","1":"product","2":"type-product","3":"status-publish","5":"product_cat-edebiyat","6":"product_cat-siir","7":"pa_cilt-ciltsiz","8":"pa_tur-kitap","9":"pa_yayinevi-imgenin-cocuklari","10":"pa_yazar-seval-ugur","12":"first","13":"instock","14":"sale","15":"shipping-taxable","16":"purchasable","17":"product-type-simple"},"_links":{"self":[{"href":"https:\/\/roveyayinevi.com.tr\/index.php\/wp-json\/wp\/v2\/product\/735019","targetHints":{"allow":["GET"]}}],"collection":[{"href":"https:\/\/roveyayinevi.com.tr\/index.php\/wp-json\/wp\/v2\/product"}],"about":[{"href":"https:\/\/roveyayinevi.com.tr\/index.php\/wp-json\/wp\/v2\/types\/product"}],"wp:attachment":[{"href":"https:\/\/roveyayinevi.com.tr\/index.php\/wp-json\/wp\/v2\/media?parent=735019"}],"wp:term":[{"taxonomy":"product_brand","embeddable":true,"href":"https:\/\/roveyayinevi.com.tr\/index.php\/wp-json\/wp\/v2\/product_brand?post=735019"},{"taxonomy":"product_cat","embeddable":true,"href":"https:\/\/roveyayinevi.com.tr\/index.php\/wp-json\/wp\/v2\/product_cat?post=735019"},{"taxonomy":"product_tag","embeddable":true,"href":"https:\/\/roveyayinevi.com.tr\/index.php\/wp-json\/wp\/v2\/product_tag?post=735019"}],"curies":[{"name":"wp","href":"https:\/\/api.w.org\/{rel}","templated":true}]}}