{"id":735018,"date":"2025-08-27T22:38:52","date_gmt":"2025-08-27T19:38:52","guid":{"rendered":"https:\/\/roveyayinevi.com.tr\/index.php\/urun\/bulutlarin-ustunde-nehir-olsam\/"},"modified":"2026-04-16T02:42:57","modified_gmt":"2026-04-15T23:42:57","slug":"bulutlarin-ustunde-nehir-olsam","status":"publish","type":"product","link":"https:\/\/roveyayinevi.com.tr\/index.php\/urun\/bulutlarin-ustunde-nehir-olsam\/","title":{"rendered":"Bulutlar\u0131n \u00dcst\u00fcnde Nehir Olsam"},"content":{"rendered":"<p>\u201cBulutlar\u0131n \u00fczerinde nehir olsam Sana akard\u0131m hi\u00e7 durmadan Bulutlar\u0131n \u00fczerinde g\u00fcne\u015f olsam Seni \u0131s\u0131t\u0131rd\u0131m hi\u00e7 \u0131s\u0131nmadan Bulutlar\u0131n \u00fczerinde ya\u011fmur olsam Sana ya\u011fard\u0131m hi\u00e7 dinmeden Bulutlar\u0131n \u00fczerinde sen olsan Bulutlar\u0131 dondururdum sen gitmeden Bulutlar\u0131n \u00fczerinde saat olsam Zaman\u0131 durdururdum Sana kavu\u015ftu\u011fum zaman\u201d <\/p>\n","protected":false},"excerpt":{"rendered":"<p>\u201cBulutlar\u0131n \u00fczerinde nehir olsam Sana akard\u0131m hi\u00e7 durmadan Bulutlar\u0131n \u00fczerinde g\u00fcne\u015f olsam Seni \u0131s\u0131t\u0131rd\u0131m hi\u00e7 \u0131s\u0131nmadan Bulutlar\u0131n \u00fczerinde ya\u011fmur olsam Sana ya\u011fard\u0131m hi\u00e7 dinmeden Bulutlar\u0131n \u00fczerinde<span class=\"excerpt-hellip\"> [\u2026]<\/span><\/p>\n","protected":false},"featured_media":0,"template":"","meta":{"_monsterinsights_skip_tracking":false,"_monsterinsights_sitenote_active":false,"_monsterinsights_sitenote_note":"","_monsterinsights_sitenote_category":0},"product_brand":[],"product_cat":[12291,12509],"product_tag":[],"class_list":{"0":"post-735018","1":"product","2":"type-product","3":"status-publish","5":"product_cat-edebiyat","6":"product_cat-siir","7":"pa_cilt-ciltsiz","8":"pa_tur-kitap","9":"pa_yayinevi-imgenin-cocuklari","10":"pa_yazar-seval-ugur","12":"first","13":"instock","14":"sale","15":"shipping-taxable","16":"purchasable","17":"product-type-simple"},"_links":{"self":[{"href":"https:\/\/roveyayinevi.com.tr\/index.php\/wp-json\/wp\/v2\/product\/735018","targetHints":{"allow":["GET"]}}],"collection":[{"href":"https:\/\/roveyayinevi.com.tr\/index.php\/wp-json\/wp\/v2\/product"}],"about":[{"href":"https:\/\/roveyayinevi.com.tr\/index.php\/wp-json\/wp\/v2\/types\/product"}],"wp:attachment":[{"href":"https:\/\/roveyayinevi.com.tr\/index.php\/wp-json\/wp\/v2\/media?parent=735018"}],"wp:term":[{"taxonomy":"product_brand","embeddable":true,"href":"https:\/\/roveyayinevi.com.tr\/index.php\/wp-json\/wp\/v2\/product_brand?post=735018"},{"taxonomy":"product_cat","embeddable":true,"href":"https:\/\/roveyayinevi.com.tr\/index.php\/wp-json\/wp\/v2\/product_cat?post=735018"},{"taxonomy":"product_tag","embeddable":true,"href":"https:\/\/roveyayinevi.com.tr\/index.php\/wp-json\/wp\/v2\/product_tag?post=735018"}],"curies":[{"name":"wp","href":"https:\/\/api.w.org\/{rel}","templated":true}]}}