{"id":735017,"date":"2025-08-27T22:38:51","date_gmt":"2025-08-27T19:38:51","guid":{"rendered":"https:\/\/roveyayinevi.com.tr\/index.php\/urun\/ilkbaharin-son-cirpinislari\/"},"modified":"2026-01-27T03:09:11","modified_gmt":"2026-01-27T00:09:11","slug":"ilkbaharin-son-cirpinislari","status":"publish","type":"product","link":"https:\/\/roveyayinevi.com.tr\/index.php\/urun\/ilkbaharin-son-cirpinislari\/","title":{"rendered":"\u0130lkbahar\u0131n Son \u00c7\u0131rp\u0131n\u0131\u015flar\u0131"},"content":{"rendered":"<p>\u201cKad\u0131n, kumral dalgal\u0131 sa\u00e7lar\u0131n\u0131 arkaya do\u011fru savurarak aynadaki g\u00f6r\u00fcnt\u00fcs\u00fcne g\u00fcl\u00fcmsedi. Ye\u015fil ipek \u015fal\u0131n alt\u0131nda g\u00f6r\u00fcnen omuzlar\u0131 p\u00fcr\u00fczs\u00fcz g\u00f6r\u00fcn\u00fcyordu. Aynaya biraz daha yakla\u015ft\u0131. \u015euh edayla s\u00fcrmeli ye\u015fil g\u00f6zlerinin derinliklerine bakt\u0131, muzip ifadeyle g\u00f6z k\u0131rpt\u0131 kendine. G\u00fczel kad\u0131nd\u0131 Fatma. G\u00f6zleri, aynaya yans\u0131yan k\u0131z\u0131n\u0131n g\u00f6r\u00fcnt\u00fcs\u00fcne tak\u0131ld\u0131. Esma, bez bebe\u011fini kuca\u011f\u0131nda sallayarak uyutmaya \u00e7al\u0131\u015f\u0131yordu. Kendisini taklit etmeye \u00e7al\u0131\u015fan k\u0131z\u0131n\u0131 izlerken, gururla g\u00fcl\u00fcmsedi ona. Yan\u0131na giderek ba\u015f\u0131na \u00f6p\u00fcc\u00fck kondurdu. Duvardan duvara cam olan pencereden d\u0131\u015far\u0131ya bakarken romantik bir Rum \u015fark\u0131s\u0131n\u0131 m\u0131r\u0131ldanmaya ba\u015flad\u0131.\u201d<\/p>\n","protected":false},"excerpt":{"rendered":"<p>\u201cKad\u0131n, kumral dalgal\u0131 sa\u00e7lar\u0131n\u0131 arkaya do\u011fru savurarak aynadaki g\u00f6r\u00fcnt\u00fcs\u00fcne g\u00fcl\u00fcmsedi. Ye\u015fil ipek \u015fal\u0131n alt\u0131nda g\u00f6r\u00fcnen omuzlar\u0131 p\u00fcr\u00fczs\u00fcz g\u00f6r\u00fcn\u00fcyordu. Aynaya biraz daha yakla\u015ft\u0131. \u015euh edayla s\u00fcrmeli ye\u015fil<span class=\"excerpt-hellip\"> [\u2026]<\/span><\/p>\n","protected":false},"featured_media":0,"template":"","meta":{"_monsterinsights_skip_tracking":false,"_monsterinsights_sitenote_active":false,"_monsterinsights_sitenote_note":"","_monsterinsights_sitenote_category":0},"product_brand":[],"product_cat":[12291,12711],"product_tag":[],"class_list":{"0":"post-735017","1":"product","2":"type-product","3":"status-publish","5":"product_cat-edebiyat","6":"product_cat-roman-oyku","7":"pa_cilt-ciltsiz","8":"pa_tur-kitap","9":"pa_yayinevi-imgenin-cocuklari","10":"pa_yazar-suzan-kuyumcu","12":"first","13":"instock","14":"sale","15":"shipping-taxable","16":"purchasable","17":"product-type-simple"},"_links":{"self":[{"href":"https:\/\/roveyayinevi.com.tr\/index.php\/wp-json\/wp\/v2\/product\/735017","targetHints":{"allow":["GET"]}}],"collection":[{"href":"https:\/\/roveyayinevi.com.tr\/index.php\/wp-json\/wp\/v2\/product"}],"about":[{"href":"https:\/\/roveyayinevi.com.tr\/index.php\/wp-json\/wp\/v2\/types\/product"}],"wp:attachment":[{"href":"https:\/\/roveyayinevi.com.tr\/index.php\/wp-json\/wp\/v2\/media?parent=735017"}],"wp:term":[{"taxonomy":"product_brand","embeddable":true,"href":"https:\/\/roveyayinevi.com.tr\/index.php\/wp-json\/wp\/v2\/product_brand?post=735017"},{"taxonomy":"product_cat","embeddable":true,"href":"https:\/\/roveyayinevi.com.tr\/index.php\/wp-json\/wp\/v2\/product_cat?post=735017"},{"taxonomy":"product_tag","embeddable":true,"href":"https:\/\/roveyayinevi.com.tr\/index.php\/wp-json\/wp\/v2\/product_tag?post=735017"}],"curies":[{"name":"wp","href":"https:\/\/api.w.org\/{rel}","templated":true}]}}