{"id":735016,"date":"2025-08-27T22:38:50","date_gmt":"2025-08-27T19:38:50","guid":{"rendered":"https:\/\/roveyayinevi.com.tr\/index.php\/urun\/ilkbaharin-son-cirpinislari-2\/"},"modified":"2025-08-31T17:42:36","modified_gmt":"2025-08-31T14:42:36","slug":"ilkbaharin-son-cirpinislari-2","status":"publish","type":"product","link":"https:\/\/roveyayinevi.com.tr\/index.php\/urun\/ilkbaharin-son-cirpinislari-2\/","title":{"rendered":"\u0130lkbahar\u0131n Son \u00c7\u0131rp\u0131n\u0131\u015flar\u0131 &#8211; 2"},"content":{"rendered":"<p>\u201c\u0130rili ufakl\u0131 tepeleri arkalarda b\u0131rakarak h\u0131zla d\u00f6n\u00fcyor tekerlekler. Ya\u011fmurun y\u0131kad\u0131\u011f\u0131 \u0131slak do\u011fadan s\u00fcz\u00fclen \u0131\u015f\u0131k huzmeleri, i\u00e7inde bulundu\u011fumuz belirsizli\u011fi netle\u015ftirmek istercesine p\u0131r\u0131l p\u0131r\u0131l. Gidiyorduk i\u015fte! D\u00fc\u015f\u00fcnmek istemesem de, duygular\u0131m\u0131z yeni olu\u015fumlarla alabora olsa da\u2026 Korkum, alt\u0131 ya\u015f\u0131ndaki \u00e7ocu\u011fa giydirilebilen en b\u00fcy\u00fck g\u00f6mlek gibiydi. G\u00f6mle\u011fin etekleri, istenmeyen \u00e7er-\u00e7\u00f6pleri toplayacak g\u00fc\u00e7te, kollar\u0131 korkular\u0131 kucaklayacak kadar uzun\u2026\u201d <\/p>\n","protected":false},"excerpt":{"rendered":"<p>\u201c\u0130rili ufakl\u0131 tepeleri arkalarda b\u0131rakarak h\u0131zla d\u00f6n\u00fcyor tekerlekler. Ya\u011fmurun y\u0131kad\u0131\u011f\u0131 \u0131slak do\u011fadan s\u00fcz\u00fclen \u0131\u015f\u0131k huzmeleri, i\u00e7inde bulundu\u011fumuz belirsizli\u011fi netle\u015ftirmek istercesine p\u0131r\u0131l p\u0131r\u0131l. Gidiyorduk i\u015fte! D\u00fc\u015f\u00fcnmek istemesem<span class=\"excerpt-hellip\"> [\u2026]<\/span><\/p>\n","protected":false},"featured_media":0,"template":"","meta":{"_monsterinsights_skip_tracking":false,"_monsterinsights_sitenote_active":false,"_monsterinsights_sitenote_note":"","_monsterinsights_sitenote_category":0},"product_brand":[],"product_cat":[12291,12711],"product_tag":[],"class_list":{"0":"post-735016","1":"product","2":"type-product","3":"status-publish","5":"product_cat-edebiyat","6":"product_cat-roman-oyku","7":"pa_cilt-ciltsiz","8":"pa_tur-kitap","9":"pa_yayinevi-imgenin-cocuklari","10":"pa_yazar-suzan-kuyumcu","12":"first","13":"instock","14":"sale","15":"shipping-taxable","16":"purchasable","17":"product-type-simple"},"_links":{"self":[{"href":"https:\/\/roveyayinevi.com.tr\/index.php\/wp-json\/wp\/v2\/product\/735016","targetHints":{"allow":["GET"]}}],"collection":[{"href":"https:\/\/roveyayinevi.com.tr\/index.php\/wp-json\/wp\/v2\/product"}],"about":[{"href":"https:\/\/roveyayinevi.com.tr\/index.php\/wp-json\/wp\/v2\/types\/product"}],"wp:attachment":[{"href":"https:\/\/roveyayinevi.com.tr\/index.php\/wp-json\/wp\/v2\/media?parent=735016"}],"wp:term":[{"taxonomy":"product_brand","embeddable":true,"href":"https:\/\/roveyayinevi.com.tr\/index.php\/wp-json\/wp\/v2\/product_brand?post=735016"},{"taxonomy":"product_cat","embeddable":true,"href":"https:\/\/roveyayinevi.com.tr\/index.php\/wp-json\/wp\/v2\/product_cat?post=735016"},{"taxonomy":"product_tag","embeddable":true,"href":"https:\/\/roveyayinevi.com.tr\/index.php\/wp-json\/wp\/v2\/product_tag?post=735016"}],"curies":[{"name":"wp","href":"https:\/\/api.w.org\/{rel}","templated":true}]}}