{"id":735012,"date":"2025-08-27T22:38:46","date_gmt":"2025-08-27T19:38:46","guid":{"rendered":"https:\/\/roveyayinevi.com.tr\/index.php\/urun\/ingilizce-sayilar-ve-cizgi-calismalari-ilk-bilgilerim\/"},"modified":"2026-04-16T02:42:56","modified_gmt":"2026-04-15T23:42:56","slug":"ingilizce-sayilar-ve-cizgi-calismalari-ilk-bilgilerim","status":"publish","type":"product","link":"https:\/\/roveyayinevi.com.tr\/index.php\/urun\/ingilizce-sayilar-ve-cizgi-calismalari-ilk-bilgilerim\/","title":{"rendered":"\u0130ngilizce Say\u0131lar ve \u00c7izgi \u00c7al\u0131\u015fmalar\u0131 &#8211; \u0130lk Bilgilerim"},"content":{"rendered":"<p>Okul \u00d6ncesi ve \u0130lk\u00f6\u011fretim E\u011fitiminde \u00c7ocuklar\u0131n geli\u015fimine katk\u0131 sa\u011flayacak bu eser ile El becerisi ile \u00e7izgi \u00e7al\u0131\u015fmas\u0131 , Rakamlar\u0131 , Renkleri Nesneleri kavrama ve peki\u015ftirme becerisine imkan bulacaks\u0131n\u0131z . <\/p>\n","protected":false},"excerpt":{"rendered":"<p>Okul \u00d6ncesi ve \u0130lk\u00f6\u011fretim E\u011fitiminde \u00c7ocuklar\u0131n geli\u015fimine katk\u0131 sa\u011flayacak bu eser ile El becerisi ile \u00e7izgi \u00e7al\u0131\u015fmas\u0131 , Rakamlar\u0131 , Renkleri Nesneleri kavrama ve peki\u015ftirme becerisine<span class=\"excerpt-hellip\"> [\u2026]<\/span><\/p>\n","protected":false},"featured_media":0,"template":"","meta":{"_monsterinsights_skip_tracking":false,"_monsterinsights_sitenote_active":false,"_monsterinsights_sitenote_note":"","_monsterinsights_sitenote_category":0},"product_brand":[],"product_cat":[12274,12518],"product_tag":[],"class_list":{"0":"post-735012","1":"product","2":"type-product","3":"status-publish","5":"product_cat-cocuk-ve-genclik-kitaplari","6":"product_cat-okul-oncesi-kitaplar","7":"pa_cilt-ciltsiz","8":"pa_tur-kitap","9":"pa_yayinevi-profil-kitap","10":"pa_yazar-yavuz-erdogan","12":"first","13":"instock","14":"sale","15":"shipping-taxable","16":"purchasable","17":"product-type-simple"},"_links":{"self":[{"href":"https:\/\/roveyayinevi.com.tr\/index.php\/wp-json\/wp\/v2\/product\/735012","targetHints":{"allow":["GET"]}}],"collection":[{"href":"https:\/\/roveyayinevi.com.tr\/index.php\/wp-json\/wp\/v2\/product"}],"about":[{"href":"https:\/\/roveyayinevi.com.tr\/index.php\/wp-json\/wp\/v2\/types\/product"}],"wp:attachment":[{"href":"https:\/\/roveyayinevi.com.tr\/index.php\/wp-json\/wp\/v2\/media?parent=735012"}],"wp:term":[{"taxonomy":"product_brand","embeddable":true,"href":"https:\/\/roveyayinevi.com.tr\/index.php\/wp-json\/wp\/v2\/product_brand?post=735012"},{"taxonomy":"product_cat","embeddable":true,"href":"https:\/\/roveyayinevi.com.tr\/index.php\/wp-json\/wp\/v2\/product_cat?post=735012"},{"taxonomy":"product_tag","embeddable":true,"href":"https:\/\/roveyayinevi.com.tr\/index.php\/wp-json\/wp\/v2\/product_tag?post=735012"}],"curies":[{"name":"wp","href":"https:\/\/api.w.org\/{rel}","templated":true}]}}