{"id":735009,"date":"2025-08-27T22:38:43","date_gmt":"2025-08-27T19:38:43","guid":{"rendered":"https:\/\/roveyayinevi.com.tr\/index.php\/urun\/ingilizce-buyuk-kucuk-harfler-nokta-ve-kelime-tamamlama-ilk-bilgilerim\/"},"modified":"2026-04-16T02:42:56","modified_gmt":"2026-04-15T23:42:56","slug":"ingilizce-buyuk-kucuk-harfler-nokta-ve-kelime-tamamlama-ilk-bilgilerim","status":"publish","type":"product","link":"https:\/\/roveyayinevi.com.tr\/index.php\/urun\/ingilizce-buyuk-kucuk-harfler-nokta-ve-kelime-tamamlama-ilk-bilgilerim\/","title":{"rendered":"\u0130ngilizce B\u00fcy\u00fck &#8211; K\u00fc\u00e7\u00fck Harfler Nokta ve Kelime Tamamlama &#8211; \u0130lk Bilgilerim"},"content":{"rendered":"<p>Okul \u00d6ncesi ve \u0130lk\u00f6\u011fretim E\u011fitiminde \u00c7ocuklar\u0131n geli\u015fimine katk\u0131 sa\u011flayacak bu eser ile Harfler , Renkler, Kavramlar , \u00c7izgi ve tamamlama \u00e7al\u0131\u015fmalar\u0131 yan\u0131 s\u0131ra B\u00fcy\u00fck ve k\u00fc\u00e7\u00fck tan\u0131mlar\u0131n\u0131 da \u00f6\u011frenerek el becerisi e\u011fitimi yapabilirsiniz. <\/p>\n","protected":false},"excerpt":{"rendered":"<p>Okul \u00d6ncesi ve \u0130lk\u00f6\u011fretim E\u011fitiminde \u00c7ocuklar\u0131n geli\u015fimine katk\u0131 sa\u011flayacak bu eser ile Harfler , Renkler, Kavramlar , \u00c7izgi ve tamamlama \u00e7al\u0131\u015fmalar\u0131 yan\u0131 s\u0131ra B\u00fcy\u00fck ve k\u00fc\u00e7\u00fck<span class=\"excerpt-hellip\"> [\u2026]<\/span><\/p>\n","protected":false},"featured_media":0,"template":"","meta":{"_monsterinsights_skip_tracking":false,"_monsterinsights_sitenote_active":false,"_monsterinsights_sitenote_note":"","_monsterinsights_sitenote_category":0},"product_brand":[],"product_cat":[12274,12518],"product_tag":[],"class_list":{"0":"post-735009","1":"product","2":"type-product","3":"status-publish","5":"product_cat-cocuk-ve-genclik-kitaplari","6":"product_cat-okul-oncesi-kitaplar","7":"pa_cilt-ciltsiz","8":"pa_tur-kitap","9":"pa_yayinevi-profil-kitap","10":"pa_yazar-yavuz-erdogan","12":"first","13":"instock","14":"sale","15":"shipping-taxable","16":"purchasable","17":"product-type-simple"},"_links":{"self":[{"href":"https:\/\/roveyayinevi.com.tr\/index.php\/wp-json\/wp\/v2\/product\/735009","targetHints":{"allow":["GET"]}}],"collection":[{"href":"https:\/\/roveyayinevi.com.tr\/index.php\/wp-json\/wp\/v2\/product"}],"about":[{"href":"https:\/\/roveyayinevi.com.tr\/index.php\/wp-json\/wp\/v2\/types\/product"}],"wp:attachment":[{"href":"https:\/\/roveyayinevi.com.tr\/index.php\/wp-json\/wp\/v2\/media?parent=735009"}],"wp:term":[{"taxonomy":"product_brand","embeddable":true,"href":"https:\/\/roveyayinevi.com.tr\/index.php\/wp-json\/wp\/v2\/product_brand?post=735009"},{"taxonomy":"product_cat","embeddable":true,"href":"https:\/\/roveyayinevi.com.tr\/index.php\/wp-json\/wp\/v2\/product_cat?post=735009"},{"taxonomy":"product_tag","embeddable":true,"href":"https:\/\/roveyayinevi.com.tr\/index.php\/wp-json\/wp\/v2\/product_tag?post=735009"}],"curies":[{"name":"wp","href":"https:\/\/api.w.org\/{rel}","templated":true}]}}