{"id":735006,"date":"2025-08-27T22:38:40","date_gmt":"2025-08-27T19:38:40","guid":{"rendered":"https:\/\/roveyayinevi.com.tr\/index.php\/urun\/coase-ve-kurumsalcilik\/"},"modified":"2026-04-16T02:42:56","modified_gmt":"2026-04-15T23:42:56","slug":"coase-ve-kurumsalcilik","status":"publish","type":"product","link":"https:\/\/roveyayinevi.com.tr\/index.php\/urun\/coase-ve-kurumsalcilik\/","title":{"rendered":"Coase ve Kurumsalc\u0131l\u0131k"},"content":{"rendered":"<p>Ronald Coase\u2019un, modern hukuk ve iktisat disiplini aras\u0131ndaki ili\u015fkiyi ke\u015ffetti\u011fi s\u00f6ylenebilir. Bu kitap, Coase\u2019un d\u00fc\u015f\u00fcncesinin neoklasik ve kurumsalc\u0131 yakla\u015f\u0131mlarla ili\u015fkisini ele almaktad\u0131r. Kurumsalc\u0131lar\u0131n ilk ku\u015fa\u011f\u0131, marjinalist analizle \u00e7\u0131plak bireysel tercihlerin incelenmesinin, iktisat biliminin biricik y\u00f6ntembilgisi oldu\u011fu bi\u00e7iminde geli\u015fen neoklasik inanc\u0131 reddediyor ya da ciddi bir ku\u015fkuyla kar\u015f\u0131l\u0131yordu. Bu iktisat\u00e7\u0131lar, kaynaklar\u0131n k\u0131t oldu\u011fu ve hareket ettirilmelerinin maliyetli oldu\u011fu bir d\u00fcnyada, bireyleri kimi \u00f6d\u00fcnle\u015fmelere zorlayarak bu hareketlerin y\u00f6n\u00fcn\u00fc belirlemek i\u00e7in, bir dizi kurumun ortaya \u00e7\u0131kt\u0131\u011f\u0131 inanc\u0131na varm\u0131\u015flard\u0131. Ancak \u201cKurumlar\u201d, herhangi bir organizasyon i\u00e7erisinde kararlar\u0131n nas\u0131l al\u0131naca\u011f\u0131n\u0131 tan\u0131mlayan kurallar k\u00fcmesidir. Gelenek, al\u0131\u015fkanl\u0131k ya da kar\u015f\u0131l\u0131kl\u0131 benimseme yoluyla yasan\u0131n g\u00fcc\u00fcne sahip olabilirler.<\/p>\n","protected":false},"excerpt":{"rendered":"<p>Ronald Coase\u2019un, modern hukuk ve iktisat disiplini aras\u0131ndaki ili\u015fkiyi ke\u015ffetti\u011fi s\u00f6ylenebilir. Bu kitap, Coase\u2019un d\u00fc\u015f\u00fcncesinin neoklasik ve kurumsalc\u0131 yakla\u015f\u0131mlarla ili\u015fkisini ele almaktad\u0131r. Kurumsalc\u0131lar\u0131n ilk ku\u015fa\u011f\u0131, marjinalist<span class=\"excerpt-hellip\"> [\u2026]<\/span><\/p>\n","protected":false},"featured_media":0,"template":"","meta":{"_monsterinsights_skip_tracking":false,"_monsterinsights_sitenote_active":false,"_monsterinsights_sitenote_note":"","_monsterinsights_sitenote_category":0},"product_brand":[],"product_cat":[15350,17602],"product_tag":[],"class_list":{"0":"post-735006","1":"product","2":"type-product","3":"status-publish","5":"product_cat-hukuk","6":"product_cat-hukuk-uzerine","7":"pa_cilt-ciltsiz","8":"pa_tur-kitap","9":"pa_yayinevi-efil-yayinevi","10":"pa_yazar-herbert-hovenkamp","12":"first","13":"instock","14":"sale","15":"shipping-taxable","16":"purchasable","17":"product-type-simple"},"_links":{"self":[{"href":"https:\/\/roveyayinevi.com.tr\/index.php\/wp-json\/wp\/v2\/product\/735006","targetHints":{"allow":["GET"]}}],"collection":[{"href":"https:\/\/roveyayinevi.com.tr\/index.php\/wp-json\/wp\/v2\/product"}],"about":[{"href":"https:\/\/roveyayinevi.com.tr\/index.php\/wp-json\/wp\/v2\/types\/product"}],"wp:attachment":[{"href":"https:\/\/roveyayinevi.com.tr\/index.php\/wp-json\/wp\/v2\/media?parent=735006"}],"wp:term":[{"taxonomy":"product_brand","embeddable":true,"href":"https:\/\/roveyayinevi.com.tr\/index.php\/wp-json\/wp\/v2\/product_brand?post=735006"},{"taxonomy":"product_cat","embeddable":true,"href":"https:\/\/roveyayinevi.com.tr\/index.php\/wp-json\/wp\/v2\/product_cat?post=735006"},{"taxonomy":"product_tag","embeddable":true,"href":"https:\/\/roveyayinevi.com.tr\/index.php\/wp-json\/wp\/v2\/product_tag?post=735006"}],"curies":[{"name":"wp","href":"https:\/\/api.w.org\/{rel}","templated":true}]}}