{"id":735005,"date":"2025-08-27T22:38:39","date_gmt":"2025-08-27T19:38:39","guid":{"rendered":"https:\/\/roveyayinevi.com.tr\/index.php\/urun\/devlet-teorisi\/"},"modified":"2026-04-16T02:42:56","modified_gmt":"2026-04-15T23:42:56","slug":"devlet-teorisi","status":"publish","type":"product","link":"https:\/\/roveyayinevi.com.tr\/index.php\/urun\/devlet-teorisi\/","title":{"rendered":"Devlet Teorisi"},"content":{"rendered":"<p>&#8220;1970&#8217;lerde devlet tart\u0131\u015fmalar\u0131n\u0131 ileriye do\u011fru g\u00f6t\u00fcrenler Marksistlerdi, devletin bi\u00e7imini ve fonksiyonlar\u0131n\u0131 sermayenin do\u011fas\u0131 ve\/veya s\u0131n\u0131f \u00e7at\u0131\u015fmas\u0131 ile ili\u015fkilendirdiler. Marksist tart\u0131\u015fma 1980&#8217;1i y\u0131llar boyunca ziyadesiyle bitkinle\u015fti\u011finde, bayra\u011f\u0131 devleti kendi ko\u015fullar\u0131 i\u00e7inde tahlil etmekle daha \u00e7ok ilgilenen toplumbilimciler ald\u0131. Ancak, devlete olan ilginin son 20 y\u0131l i\u00e7inde iki kez yeniden canlanmas\u0131 nedeniyle, bu tarihsel tekerr\u00fcr\u00fcn\u00fcn al\u0131\u015f\u0131lm\u0131\u015f dramatik bi\u00e7imine b\u00fcr\u00fcnmesine \u015fa\u015f\u0131rmamal\u0131y\u0131z. \u00c7\u00fcnk\u00fc ilk tart\u0131\u015fma trajedi ile bitti, ikincisi ise bir farsa d\u00f6n\u00fc\u015f\u00fcyor. Maalesef, Marksist sav izleyicisini yava\u015f yava\u015f kaybetmektedir, \u00e7\u00fcnk\u00fc \u00e7o\u011fu ba\u015flang\u0131\u00e7 noktalar\u0131 ve hayat\u0131 alg\u0131lamalar\u0131, mu\u011flak form\u00fclasyonlar karma\u015fas\u0131nda g\u00f6zden kaybolmaktad\u0131r; Marksizmdeki ilgi kaymas\u0131 nedeniyle \u00f6ne \u00e7\u0131kan tezler ise bir miktar alk\u0131\u015f alm\u0131\u015ft\u0131r, di\u011fer yandan, &#8216;devlet&#8217; ve onu bilgilendiren &#8216;toplum&#8217; aras\u0131ndaki yayg\u0131n ayr\u0131m, meseleye y\u00fczeysel oldu\u011fu kadar yanl\u0131\u015f y\u00f6nlendiren bir cazibe de katmaktad\u0131r&#8230; Ne Marksizmin kendi i\u00e7indeki krizi ne de Marksizmdeki ilgi kaymas\u0131, Marksist devlet teorisinin art\u0131k bir \u00f6nemi kalmad\u0131\u011f\u0131n\u0131 ima etmektedir.&#8221;Bob Jessop<\/p>\n","protected":false},"excerpt":{"rendered":"<p>&#8220;1970&#8217;lerde devlet tart\u0131\u015fmalar\u0131n\u0131 ileriye do\u011fru g\u00f6t\u00fcrenler Marksistlerdi, devletin bi\u00e7imini ve fonksiyonlar\u0131n\u0131 sermayenin do\u011fas\u0131 ve\/veya s\u0131n\u0131f \u00e7at\u0131\u015fmas\u0131 ile ili\u015fkilendirdiler. Marksist tart\u0131\u015fma 1980&#8217;1i y\u0131llar boyunca ziyadesiyle bitkinle\u015fti\u011finde, bayra\u011f\u0131<span class=\"excerpt-hellip\"> [\u2026]<\/span><\/p>\n","protected":false},"featured_media":0,"template":"","meta":{"_monsterinsights_skip_tracking":false,"_monsterinsights_sitenote_active":false,"_monsterinsights_sitenote_note":"","_monsterinsights_sitenote_category":0},"product_brand":[],"product_cat":[13590,12337],"product_tag":[],"class_list":{"0":"post-735005","1":"product","2":"type-product","3":"status-publish","5":"product_cat-arastirma-inceleme-politika-siyaset","6":"product_cat-politika-siyaset","7":"pa_cilt-ciltsiz","8":"pa_tur-kitap","9":"pa_yayinevi-phoenix-yayinevi","10":"pa_yazar-bob-jessop","12":"first","13":"instock","14":"sale","15":"shipping-taxable","16":"purchasable","17":"product-type-simple"},"_links":{"self":[{"href":"https:\/\/roveyayinevi.com.tr\/index.php\/wp-json\/wp\/v2\/product\/735005","targetHints":{"allow":["GET"]}}],"collection":[{"href":"https:\/\/roveyayinevi.com.tr\/index.php\/wp-json\/wp\/v2\/product"}],"about":[{"href":"https:\/\/roveyayinevi.com.tr\/index.php\/wp-json\/wp\/v2\/types\/product"}],"wp:attachment":[{"href":"https:\/\/roveyayinevi.com.tr\/index.php\/wp-json\/wp\/v2\/media?parent=735005"}],"wp:term":[{"taxonomy":"product_brand","embeddable":true,"href":"https:\/\/roveyayinevi.com.tr\/index.php\/wp-json\/wp\/v2\/product_brand?post=735005"},{"taxonomy":"product_cat","embeddable":true,"href":"https:\/\/roveyayinevi.com.tr\/index.php\/wp-json\/wp\/v2\/product_cat?post=735005"},{"taxonomy":"product_tag","embeddable":true,"href":"https:\/\/roveyayinevi.com.tr\/index.php\/wp-json\/wp\/v2\/product_tag?post=735005"}],"curies":[{"name":"wp","href":"https:\/\/api.w.org\/{rel}","templated":true}]}}