{"id":735003,"date":"2025-08-27T22:38:37","date_gmt":"2025-08-27T19:38:37","guid":{"rendered":"https:\/\/roveyayinevi.com.tr\/index.php\/urun\/keman-icin-dizi-calismalari\/"},"modified":"2026-04-16T02:42:56","modified_gmt":"2026-04-15T23:42:56","slug":"keman-icin-dizi-calismalari","status":"publish","type":"product","link":"https:\/\/roveyayinevi.com.tr\/index.php\/urun\/keman-icin-dizi-calismalari\/","title":{"rendered":"Keman \u0130\u00e7in Dizi \u00c7al\u0131\u015fmalar\u0131"},"content":{"rendered":"<p>Dizi \u00e7al\u0131\u015fmalar\u0131, keman e\u011fitiminin bir par\u00e7as\u0131 olarak entonasyon \u00e7al\u0131\u015fmalar\u0131 kapsam\u0131nda kullan\u0131lmaktad\u0131r. Sol el tekni\u011fini geli\u015ftirmesinin yan\u0131nda, i\u015fitsel olarak tonal duyumu geli\u015ftirmesi bak\u0131m\u0131ndan da modern keman e\u011fitiminin \u00f6nemli bir arac\u0131d\u0131r. Parmaklar\u0131n tu\u015fe \u00fczerindeki konumunu \u00f6\u011fretici i\u015flevinin yan\u0131 s\u0131ra parmak acelitesini h\u0131zland\u0131ran bu \u00e7al\u0131\u015fmalar, g\u00fcn\u00fcm\u00fcz metotlar\u0131nda farkl\u0131 bir\u00e7ok teknik beceriyi kavratmak \u00fczere kullan\u0131lmaktad\u0131r.   Tamam\u0131 renkli ve resimli olarak haz\u0131rlanan \u201cKeman i\u00e7in Dizi \u00c7al\u0131\u015fmalar\u0131\u201d kitab\u0131, farkl\u0131 teller \u00fczerinde \u00e7e\u015fitli parmak konumlar\u0131n\u0131 kavrat\u0131c\u0131 egzersizlerinin, kar\u0131\u015f\u0131k \u00e7al\u0131\u015fma kombinasyonlar\u0131n\u0131n yan\u0131 s\u0131ra bir ve iki oktavl\u0131k basit dizi ve arpej \u00e7al\u0131\u015fmalar\u0131n\u0131 kapsamaktad\u0131r. Bu kitapta, dizi \u00e7al\u0131\u015fmalar\u0131 \u00f6ncesinde verilen al\u0131\u015ft\u0131rmalar sayesinde parmaklar\u0131n konumlar\u0131 kavrat\u0131larak seslerin tu\u015fe \u00fczerindeki yerlerinin \u00f6\u011fretilmesi hedeflenmi\u015ftir. Dizi \u00e7al\u0131\u015fmalar\u0131n\u0131 olduk\u00e7a basit bir seviyeye indirgemesi sebebiyle bu kitap hem mesleki ve hem de amat\u00f6r keman e\u011fitiminde yard\u0131mc\u0131 bir kaynak olarak, ba\u015flang\u0131\u00e7 d\u00fczeyindeki b\u00fct\u00fcn \u00f6\u011frencilere yararl\u0131 olacakt\u0131r. <\/p>\n","protected":false},"excerpt":{"rendered":"<p>Dizi \u00e7al\u0131\u015fmalar\u0131, keman e\u011fitiminin bir par\u00e7as\u0131 olarak entonasyon \u00e7al\u0131\u015fmalar\u0131 kapsam\u0131nda kullan\u0131lmaktad\u0131r. Sol el tekni\u011fini geli\u015ftirmesinin yan\u0131nda, i\u015fitsel olarak tonal duyumu geli\u015ftirmesi bak\u0131m\u0131ndan da modern keman e\u011fitiminin<span class=\"excerpt-hellip\"> [\u2026]<\/span><\/p>\n","protected":false},"featured_media":0,"template":"","meta":{"_monsterinsights_skip_tracking":false,"_monsterinsights_sitenote_active":false,"_monsterinsights_sitenote_note":"","_monsterinsights_sitenote_category":0},"product_brand":[],"product_cat":[14556,20810],"product_tag":[],"class_list":{"0":"post-735003","1":"product","2":"type-product","3":"status-publish","5":"product_cat-muzik","6":"product_cat-ogrenim-kitaplari","7":"pa_cilt-ciltsiz","8":"pa_tur-kitap","9":"pa_yayinevi-muzik-egitimi-yayinlari","10":"pa_yazar-burak-eker","12":"first","13":"instock","14":"sale","15":"shipping-taxable","16":"purchasable","17":"product-type-simple"},"_links":{"self":[{"href":"https:\/\/roveyayinevi.com.tr\/index.php\/wp-json\/wp\/v2\/product\/735003","targetHints":{"allow":["GET"]}}],"collection":[{"href":"https:\/\/roveyayinevi.com.tr\/index.php\/wp-json\/wp\/v2\/product"}],"about":[{"href":"https:\/\/roveyayinevi.com.tr\/index.php\/wp-json\/wp\/v2\/types\/product"}],"wp:attachment":[{"href":"https:\/\/roveyayinevi.com.tr\/index.php\/wp-json\/wp\/v2\/media?parent=735003"}],"wp:term":[{"taxonomy":"product_brand","embeddable":true,"href":"https:\/\/roveyayinevi.com.tr\/index.php\/wp-json\/wp\/v2\/product_brand?post=735003"},{"taxonomy":"product_cat","embeddable":true,"href":"https:\/\/roveyayinevi.com.tr\/index.php\/wp-json\/wp\/v2\/product_cat?post=735003"},{"taxonomy":"product_tag","embeddable":true,"href":"https:\/\/roveyayinevi.com.tr\/index.php\/wp-json\/wp\/v2\/product_tag?post=735003"}],"curies":[{"name":"wp","href":"https:\/\/api.w.org\/{rel}","templated":true}]}}