{"id":735001,"date":"2025-08-27T22:38:35","date_gmt":"2025-08-27T19:38:35","guid":{"rendered":"https:\/\/roveyayinevi.com.tr\/index.php\/urun\/aramiza-katilan-bucuruk\/"},"modified":"2026-04-16T02:42:56","modified_gmt":"2026-04-15T23:42:56","slug":"aramiza-katilan-bucuruk","status":"publish","type":"product","link":"https:\/\/roveyayinevi.com.tr\/index.php\/urun\/aramiza-katilan-bucuruk\/","title":{"rendered":"Aram\u0131za Kat\u0131lan B\u00fcc\u00fcr\u00fck"},"content":{"rendered":"<p>Ida zor durumda. Bir g\u00fcn, anne ve babas\u0131 yanlar\u0131nda B\u00fcc\u00fcr\u00fck\u2019\u00fc getirdi. B\u00fcc\u00fcr\u00fck gece g\u00fcnd\u00fcz ciyak ciyak agl\u0131yor, t\u00fck\u00fcr\u00fckler sa\u00e7\u0131yordu. En k\u00f6t\u00fcs\u00fcde b\u00fct\u00fcn d\u00fcnyan\u0131n sanki onun etraf\u0131nda d\u00f6n\u00fcyor gibi g\u00f6r\u00fcnmesiydi. Sonunda Ida, B\u00fcc\u00fcr\u00fck\u2019\u00fcn ise yarayacag\u0131 bir konu fark etti.Gerektiginde b\u00fct\u00fcn su\u00e7u onun \u00fczerine atabilirdi!Mutfakta su savas\u0131 m\u0131? Duvarda sulu boya izleri mi? Hepsini o yapm\u0131st\u0131!B\u00fcc\u00fcr\u00fck\u2019\u00fc eve anne ve babas\u0131 getirmisti, ama Ida B\u00fcc\u00fcr\u00fck\u2019le yaln\u0131z kald\u0131g\u0131nda g\u00fcl\u00fcmsedigini g\u00f6rd\u00fc.Belki de su B\u00fcc\u00fcr\u00fck o kadar da k\u00f6t\u00fc bir sey degildi.<\/p>\n","protected":false},"excerpt":{"rendered":"<p>Ida zor durumda. Bir g\u00fcn, anne ve babas\u0131 yanlar\u0131nda B\u00fcc\u00fcr\u00fck\u2019\u00fc getirdi. B\u00fcc\u00fcr\u00fck gece g\u00fcnd\u00fcz ciyak ciyak agl\u0131yor, t\u00fck\u00fcr\u00fckler sa\u00e7\u0131yordu. En k\u00f6t\u00fcs\u00fcde b\u00fct\u00fcn d\u00fcnyan\u0131n sanki onun etraf\u0131nda<span class=\"excerpt-hellip\"> [\u2026]<\/span><\/p>\n","protected":false},"featured_media":0,"template":"","meta":{"_monsterinsights_skip_tracking":false,"_monsterinsights_sitenote_active":false,"_monsterinsights_sitenote_note":"","_monsterinsights_sitenote_category":0},"product_brand":[],"product_cat":[12274,12284],"product_tag":[],"class_list":{"0":"post-735001","1":"product","2":"type-product","3":"status-publish","5":"product_cat-cocuk-ve-genclik-kitaplari","6":"product_cat-hikayeler","7":"pa_cilt-ciltsiz","8":"pa_tur-kitap","9":"pa_yayinevi-abm-yayinevi","10":"pa_yazar-uticha-marmon","12":"first","13":"instock","14":"sale","15":"shipping-taxable","16":"purchasable","17":"product-type-simple"},"_links":{"self":[{"href":"https:\/\/roveyayinevi.com.tr\/index.php\/wp-json\/wp\/v2\/product\/735001","targetHints":{"allow":["GET"]}}],"collection":[{"href":"https:\/\/roveyayinevi.com.tr\/index.php\/wp-json\/wp\/v2\/product"}],"about":[{"href":"https:\/\/roveyayinevi.com.tr\/index.php\/wp-json\/wp\/v2\/types\/product"}],"wp:attachment":[{"href":"https:\/\/roveyayinevi.com.tr\/index.php\/wp-json\/wp\/v2\/media?parent=735001"}],"wp:term":[{"taxonomy":"product_brand","embeddable":true,"href":"https:\/\/roveyayinevi.com.tr\/index.php\/wp-json\/wp\/v2\/product_brand?post=735001"},{"taxonomy":"product_cat","embeddable":true,"href":"https:\/\/roveyayinevi.com.tr\/index.php\/wp-json\/wp\/v2\/product_cat?post=735001"},{"taxonomy":"product_tag","embeddable":true,"href":"https:\/\/roveyayinevi.com.tr\/index.php\/wp-json\/wp\/v2\/product_tag?post=735001"}],"curies":[{"name":"wp","href":"https:\/\/api.w.org\/{rel}","templated":true}]}}