{"id":734999,"date":"2025-08-27T22:38:33","date_gmt":"2025-08-27T19:38:33","guid":{"rendered":"https:\/\/roveyayinevi.com.tr\/index.php\/urun\/gorevimiz-cekirdekleri-kurtarmak\/"},"modified":"2026-04-16T02:42:56","modified_gmt":"2026-04-15T23:42:56","slug":"gorevimiz-cekirdekleri-kurtarmak","status":"publish","type":"product","link":"https:\/\/roveyayinevi.com.tr\/index.php\/urun\/gorevimiz-cekirdekleri-kurtarmak\/","title":{"rendered":"G\u00f6revimiz \u00c7ekirdekleri Kurtarmak!"},"content":{"rendered":"<p>Hemen hemen her g\u00fcn t\u00fcketti\u011fimiz ya da t\u00fcketmemiz gereken meyvelerin \u00e7ekirdeklerine ne oluyor, hi\u00e7 d\u00fc\u015f\u00fcnd\u00fcn\u00fcz m\u00fc?Peki, bu \u00e7ekirdeklerin ayn\u0131 zamanda birer tohum oldu\u011funu biliyor musunuz?\u00c7ekirdeklere hayvanlar\u0131n yard\u0131m etti\u011fini s\u00f6ylesem, ne dersiniz?Bilenler bilmeyenlere anlatadursun, bilmeyenler kitab\u0131n sayfalar\u0131n\u0131 kar\u0131\u015ft\u0131rmaya ba\u015flas\u0131n.Bu b\u00fcy\u00fck kurtarma g\u00f6revinde sizin de pay\u0131n\u0131z olsun.<\/p>\n","protected":false},"excerpt":{"rendered":"<p>Hemen hemen her g\u00fcn t\u00fcketti\u011fimiz ya da t\u00fcketmemiz gereken meyvelerin \u00e7ekirdeklerine ne oluyor, hi\u00e7 d\u00fc\u015f\u00fcnd\u00fcn\u00fcz m\u00fc?Peki, bu \u00e7ekirdeklerin ayn\u0131 zamanda birer tohum oldu\u011funu biliyor musunuz?\u00c7ekirdeklere hayvanlar\u0131n<span class=\"excerpt-hellip\"> [\u2026]<\/span><\/p>\n","protected":false},"featured_media":0,"template":"","meta":{"_monsterinsights_skip_tracking":false,"_monsterinsights_sitenote_active":false,"_monsterinsights_sitenote_note":"","_monsterinsights_sitenote_category":0},"product_brand":[],"product_cat":[12274,12284],"product_tag":[],"class_list":{"0":"post-734999","1":"product","2":"type-product","3":"status-publish","5":"product_cat-cocuk-ve-genclik-kitaplari","6":"product_cat-hikayeler","7":"pa_cilt-ciltsiz","8":"pa_tur-kitap","9":"pa_yayinevi-abm-yayinevi","10":"pa_yazar-lider-hepgenc","12":"first","13":"instock","14":"sale","15":"shipping-taxable","16":"purchasable","17":"product-type-simple"},"_links":{"self":[{"href":"https:\/\/roveyayinevi.com.tr\/index.php\/wp-json\/wp\/v2\/product\/734999","targetHints":{"allow":["GET"]}}],"collection":[{"href":"https:\/\/roveyayinevi.com.tr\/index.php\/wp-json\/wp\/v2\/product"}],"about":[{"href":"https:\/\/roveyayinevi.com.tr\/index.php\/wp-json\/wp\/v2\/types\/product"}],"wp:attachment":[{"href":"https:\/\/roveyayinevi.com.tr\/index.php\/wp-json\/wp\/v2\/media?parent=734999"}],"wp:term":[{"taxonomy":"product_brand","embeddable":true,"href":"https:\/\/roveyayinevi.com.tr\/index.php\/wp-json\/wp\/v2\/product_brand?post=734999"},{"taxonomy":"product_cat","embeddable":true,"href":"https:\/\/roveyayinevi.com.tr\/index.php\/wp-json\/wp\/v2\/product_cat?post=734999"},{"taxonomy":"product_tag","embeddable":true,"href":"https:\/\/roveyayinevi.com.tr\/index.php\/wp-json\/wp\/v2\/product_tag?post=734999"}],"curies":[{"name":"wp","href":"https:\/\/api.w.org\/{rel}","templated":true}]}}