{"id":734997,"date":"2025-08-27T22:38:32","date_gmt":"2025-08-27T19:38:32","guid":{"rendered":"https:\/\/roveyayinevi.com.tr\/index.php\/urun\/z-kusaginda-cevrimici-ogrenme-ve-dijitallesme\/"},"modified":"2026-04-16T02:42:56","modified_gmt":"2026-04-15T23:42:56","slug":"z-kusaginda-cevrimici-ogrenme-ve-dijitallesme","status":"publish","type":"product","link":"https:\/\/roveyayinevi.com.tr\/index.php\/urun\/z-kusaginda-cevrimici-ogrenme-ve-dijitallesme\/","title":{"rendered":"Z Ku\u015fa\u011f\u0131nda \u00c7evrimi\u00e7i \u00d6\u011frenme ve Dijitalle\u015fme"},"content":{"rendered":"<p>1.      Z KU\u015eA\u011eI VE \u00c7EVR\u0130M\u0130\u00c7\u0130 \u00d6\u011eRENME 2.      \u00dcN\u0130VERS\u0130TE \u00d6\u011eRENC\u0130LER\u0130 A\u00c7ISINDAN \u00c7EVR\u0130M\u0130\u00c7\u0130 SINAV S\u0130STEMLER\u0130N\u0130N DE\u011eERLEND\u0130R\u0130LMES\u0130 3.      AKADEM\u0130SYENLER A\u00c7ISINDAN \u00c7EVR\u0130M\u0130\u00c7\u0130 SINAV S\u0130STEMLER\u0130N\u0130N DE\u011eERLEND\u0130R\u0130LMES\u0130 4.      OKURYAZARLIK 5.      B\u0130L\u0130\u015e\u0130M S\u0130STEMLER\u0130 OKURYAZARLI\u011eI \u00d6L\u00c7E\u011e\u0130 GEL\u0130\u015eT\u0130R\u0130LMES\u0130 <\/p>\n","protected":false},"excerpt":{"rendered":"<p>1. Z KU\u015eA\u011eI VE \u00c7EVR\u0130M\u0130\u00c7\u0130 \u00d6\u011eRENME 2. \u00dcN\u0130VERS\u0130TE \u00d6\u011eRENC\u0130LER\u0130 A\u00c7ISINDAN \u00c7EVR\u0130M\u0130\u00c7\u0130 SINAV S\u0130STEMLER\u0130N\u0130N DE\u011eERLEND\u0130R\u0130LMES\u0130 3. AKADEM\u0130SYENLER A\u00c7ISINDAN \u00c7EVR\u0130M\u0130\u00c7\u0130 SINAV S\u0130STEMLER\u0130N\u0130N DE\u011eERLEND\u0130R\u0130LMES\u0130 4. OKURYAZARLIK 5. B\u0130L\u0130\u015e\u0130M S\u0130STEMLER\u0130<span class=\"excerpt-hellip\"> [\u2026]<\/span><\/p>\n","protected":false},"featured_media":0,"template":"","meta":{"_monsterinsights_skip_tracking":false,"_monsterinsights_sitenote_active":false,"_monsterinsights_sitenote_note":"","_monsterinsights_sitenote_category":0},"product_brand":[],"product_cat":[13005,40995],"product_tag":[],"class_list":{"0":"post-734997","1":"product","2":"type-product","3":"status-publish","5":"product_cat-bilim-muhendislik","6":"product_cat-sosyal-bilimler","7":"pa_cilt-ciltsiz","8":"pa_tur-kitap","9":"pa_yayinevi-gazi-kitabevi","10":"pa_yazar-guler-erkal-karaman","12":"first","13":"instock","14":"sale","15":"shipping-taxable","16":"purchasable","17":"product-type-simple"},"_links":{"self":[{"href":"https:\/\/roveyayinevi.com.tr\/index.php\/wp-json\/wp\/v2\/product\/734997","targetHints":{"allow":["GET"]}}],"collection":[{"href":"https:\/\/roveyayinevi.com.tr\/index.php\/wp-json\/wp\/v2\/product"}],"about":[{"href":"https:\/\/roveyayinevi.com.tr\/index.php\/wp-json\/wp\/v2\/types\/product"}],"wp:attachment":[{"href":"https:\/\/roveyayinevi.com.tr\/index.php\/wp-json\/wp\/v2\/media?parent=734997"}],"wp:term":[{"taxonomy":"product_brand","embeddable":true,"href":"https:\/\/roveyayinevi.com.tr\/index.php\/wp-json\/wp\/v2\/product_brand?post=734997"},{"taxonomy":"product_cat","embeddable":true,"href":"https:\/\/roveyayinevi.com.tr\/index.php\/wp-json\/wp\/v2\/product_cat?post=734997"},{"taxonomy":"product_tag","embeddable":true,"href":"https:\/\/roveyayinevi.com.tr\/index.php\/wp-json\/wp\/v2\/product_tag?post=734997"}],"curies":[{"name":"wp","href":"https:\/\/api.w.org\/{rel}","templated":true}]}}