{"id":734993,"date":"2025-08-27T22:38:28","date_gmt":"2025-08-27T19:38:28","guid":{"rendered":"https:\/\/roveyayinevi.com.tr\/index.php\/urun\/gecmis-zaman-ambari\/"},"modified":"2026-04-16T02:42:56","modified_gmt":"2026-04-15T23:42:56","slug":"gecmis-zaman-ambari","status":"publish","type":"product","link":"https:\/\/roveyayinevi.com.tr\/index.php\/urun\/gecmis-zaman-ambari\/","title":{"rendered":"Ge\u00e7mi\u015f Zaman Ambar\u0131"},"content":{"rendered":"<p>Hat\u0131rlayamad\u0131\u011f\u0131 \u00e7ocuklu\u011funun izini s\u00fcren bir gen\u00e7 k\u0131z, \u00e7evrelerinde olup bitenleri anlamland\u0131rmaya \u00e7al\u0131\u015fan \u00e7ocuklar, ikizinin ard\u0131ndan otobiyografi yazmaya \u00e7al\u0131\u015fan bir karde\u015f, mezar ta\u015f\u0131 arayan bir \u00f6\u011fretim \u00fcyesi. \u00c7at\u0131\u015fan anne o\u011ful, gelin kaynana, kendiyle y\u00fczle\u015femeyen bir avukat. Ya\u015fanmam\u0131\u015f ya da her \u015feye ra\u011fmen ya\u015fanan a\u015fklar. K\u0131rsal\u0131n basit gibi g\u00f6r\u00fcnen karakteristi\u011finin alt\u0131ndaki \u00e7etrefilli yap\u0131, ili\u015fkilerin ve rollerin karma\u015f\u0131k boyutlar\u0131 \u00fczerinden anlat\u0131l\u0131yor. Ge\u00e7mi\u015f g\u00fcndeli\u011fin tela\u015f\u0131nda karakterlerin hayat\u0131na s\u0131z\u0131yor. Ge\u00e7mi\u015f Zaman Ambar\u0131 bir yandan k\u00f6y\u00fcn ve ta\u015fran\u0131n ger\u00e7ekli\u011fini karakterlerin d\u00fc\u015f\u00fcnme bi\u00e7imleri ve ruh durumlar\u0131 \u00fcst\u00fcnden anlat\u0131rken bir yandan da \u015fimdiki zamana g\u00f6lgesini d\u00fc\u015f\u00fcren ge\u00e7mi\u015fin izini s\u00fcr\u00fcyor. Oyun yazarl\u0131\u011f\u0131ndan yeti\u015fen Cihan \u00c7akan\u2019\u0131n g\u00fczel bir T\u00fcrk\u00e7esi var. Karakterlerinin ki\u015filik \u00f6zelliklerini ayr\u0131nt\u0131lar\u0131 kullanarak canland\u0131rmay\u0131 iyi biliyor. \u0130lk bak\u0131\u015fta fark edilmeyenleri g\u00f6r\u00fcp g\u00f6sterebilen bu \u00f6yk\u00fcler iyi bir \u00f6yk\u00fc yazar\u0131n\u0131n gelece\u011finin habercisi.  <\/p>\n","protected":false},"excerpt":{"rendered":"<p>Hat\u0131rlayamad\u0131\u011f\u0131 \u00e7ocuklu\u011funun izini s\u00fcren bir gen\u00e7 k\u0131z, \u00e7evrelerinde olup bitenleri anlamland\u0131rmaya \u00e7al\u0131\u015fan \u00e7ocuklar, ikizinin ard\u0131ndan otobiyografi yazmaya \u00e7al\u0131\u015fan bir karde\u015f, mezar ta\u015f\u0131 arayan bir \u00f6\u011fretim \u00fcyesi.<span class=\"excerpt-hellip\"> [\u2026]<\/span><\/p>\n","protected":false},"featured_media":0,"template":"","meta":{"_monsterinsights_skip_tracking":false,"_monsterinsights_sitenote_active":false,"_monsterinsights_sitenote_note":"","_monsterinsights_sitenote_category":0},"product_brand":[],"product_cat":[12291,12711],"product_tag":[],"class_list":{"0":"post-734993","1":"product","2":"type-product","3":"status-publish","5":"product_cat-edebiyat","6":"product_cat-roman-oyku","7":"pa_cilt-ciltsiz","8":"pa_tur-kitap","9":"pa_yayinevi-notos-kitap","10":"pa_yazar-cihan-cakan","12":"first","13":"instock","14":"sale","15":"shipping-taxable","16":"purchasable","17":"product-type-simple"},"_links":{"self":[{"href":"https:\/\/roveyayinevi.com.tr\/index.php\/wp-json\/wp\/v2\/product\/734993","targetHints":{"allow":["GET"]}}],"collection":[{"href":"https:\/\/roveyayinevi.com.tr\/index.php\/wp-json\/wp\/v2\/product"}],"about":[{"href":"https:\/\/roveyayinevi.com.tr\/index.php\/wp-json\/wp\/v2\/types\/product"}],"wp:attachment":[{"href":"https:\/\/roveyayinevi.com.tr\/index.php\/wp-json\/wp\/v2\/media?parent=734993"}],"wp:term":[{"taxonomy":"product_brand","embeddable":true,"href":"https:\/\/roveyayinevi.com.tr\/index.php\/wp-json\/wp\/v2\/product_brand?post=734993"},{"taxonomy":"product_cat","embeddable":true,"href":"https:\/\/roveyayinevi.com.tr\/index.php\/wp-json\/wp\/v2\/product_cat?post=734993"},{"taxonomy":"product_tag","embeddable":true,"href":"https:\/\/roveyayinevi.com.tr\/index.php\/wp-json\/wp\/v2\/product_tag?post=734993"}],"curies":[{"name":"wp","href":"https:\/\/api.w.org\/{rel}","templated":true}]}}