{"id":734992,"date":"2025-08-27T22:38:27","date_gmt":"2025-08-27T19:38:27","guid":{"rendered":"https:\/\/roveyayinevi.com.tr\/index.php\/urun\/padisahin-amirali-barbaros-hayreddin\/"},"modified":"2026-04-16T02:42:56","modified_gmt":"2026-04-15T23:42:56","slug":"padisahin-amirali-barbaros-hayreddin","status":"publish","type":"product","link":"https:\/\/roveyayinevi.com.tr\/index.php\/urun\/padisahin-amirali-barbaros-hayreddin\/","title":{"rendered":"Padi\u015fah\u0131n Amirali &#8211; Barbaros  Hayreddin"},"content":{"rendered":"<p>Barbaros Hayreddin bir amiral, deniz kahraman\u0131, korsan ve sava\u015f\u00e7\u0131yd\u0131. Yunanistan\u2019\u0131n Midilli Adas\u0131nda do\u011fup, Osmanl\u0131 donanmas\u0131n\u0131n kaptan\u0131deryas\u0131, Cezayir sultan\u0131, Kanuni Sultan S\u00fcleyman\u2019\u0131n dostu ve dan\u0131\u015fman\u0131 oldu. Cesareti ve ba\u015far\u0131lar\u0131yla 16. y\u00fczy\u0131l Akdeniz d\u00fcnyas\u0131n\u0131 kas\u0131p kavurdu. Karde\u015fi Oru\u00e7\u2019la birlikte Kuzey Afrika k\u0131y\u0131s\u0131na yerle\u015ftikten sonra, Akdeniz\u2019deki ya\u015fam\u0131n ve ticaretin seyrini ebediyen de\u011fi\u015ftirdi. Osmanl\u0131 donanmas\u0131n\u0131 yeniden in\u015fa etti ve t\u00fcm Avrupa\u2019y\u0131 tehdit eden Osmanl\u0131 \u0130mparatorlu\u011funun geni\u015flemesine yard\u0131mc\u0131 oldu. \u00d6ld\u00fc\u011f\u00fc zaman, o y\u0131la ait T\u00fcrk kay\u0131tlar\u0131 \u201cDenizlerin Sultan\u0131 \u00f6ld\u00fc\u201d diye duyurdu. Bu eksiksiz biyografide Ernle Bradford, Barbaros\u2019un ola\u011fan\u00fcst\u00fc ya\u015fam\u0131n\u0131, tarihin bu nefes kesici an\u0131nda Osmanl\u0131 ve Akdeniz d\u00fcnyalar\u0131n\u0131n canl\u0131 bir portresiyle birlikte yeniden yarat\u0131yor. \u201cT\u00fcrk denizcilik tarihinin en \u00f6nemli \u015fahsiyetinin yay\u0131mlanm\u0131\u015f yeg\u00e2ne biyografisi ve korsan masallar\u0131n\u0131n heyecan\u0131n\u0131 hat\u0131rlatan hareketli bir \u00f6yk\u00fc.\u201d \u2013John Freely <\/p>\n","protected":false},"excerpt":{"rendered":"<p>Barbaros Hayreddin bir amiral, deniz kahraman\u0131, korsan ve sava\u015f\u00e7\u0131yd\u0131. Yunanistan\u2019\u0131n Midilli Adas\u0131nda do\u011fup, Osmanl\u0131 donanmas\u0131n\u0131n kaptan\u0131deryas\u0131, Cezayir sultan\u0131, Kanuni Sultan S\u00fcleyman\u2019\u0131n dostu ve dan\u0131\u015fman\u0131 oldu. Cesareti<span class=\"excerpt-hellip\"> [\u2026]<\/span><\/p>\n","protected":false},"featured_media":0,"template":"","meta":{"_monsterinsights_skip_tracking":false,"_monsterinsights_sitenote_active":false,"_monsterinsights_sitenote_note":"","_monsterinsights_sitenote_category":0},"product_brand":[],"product_cat":[13946,12304],"product_tag":[],"class_list":{"0":"post-734992","1":"product","2":"type-product","3":"status-publish","5":"product_cat-biyografi-otobiyografi","6":"product_cat-tarih","7":"pa_cilt-ciltsiz","8":"pa_tur-kitap","9":"pa_yayinevi-alfa-yayinlari","10":"pa_yazar-ernle-bradford","12":"first","13":"instock","14":"sale","15":"shipping-taxable","16":"purchasable","17":"product-type-simple"},"_links":{"self":[{"href":"https:\/\/roveyayinevi.com.tr\/index.php\/wp-json\/wp\/v2\/product\/734992","targetHints":{"allow":["GET"]}}],"collection":[{"href":"https:\/\/roveyayinevi.com.tr\/index.php\/wp-json\/wp\/v2\/product"}],"about":[{"href":"https:\/\/roveyayinevi.com.tr\/index.php\/wp-json\/wp\/v2\/types\/product"}],"wp:attachment":[{"href":"https:\/\/roveyayinevi.com.tr\/index.php\/wp-json\/wp\/v2\/media?parent=734992"}],"wp:term":[{"taxonomy":"product_brand","embeddable":true,"href":"https:\/\/roveyayinevi.com.tr\/index.php\/wp-json\/wp\/v2\/product_brand?post=734992"},{"taxonomy":"product_cat","embeddable":true,"href":"https:\/\/roveyayinevi.com.tr\/index.php\/wp-json\/wp\/v2\/product_cat?post=734992"},{"taxonomy":"product_tag","embeddable":true,"href":"https:\/\/roveyayinevi.com.tr\/index.php\/wp-json\/wp\/v2\/product_tag?post=734992"}],"curies":[{"name":"wp","href":"https:\/\/api.w.org\/{rel}","templated":true}]}}