{"id":734991,"date":"2025-08-27T22:38:26","date_gmt":"2025-08-27T19:38:26","guid":{"rendered":"https:\/\/roveyayinevi.com.tr\/index.php\/urun\/istanbuldan-ne-haber\/"},"modified":"2026-04-16T02:42:56","modified_gmt":"2026-04-15T23:42:56","slug":"istanbuldan-ne-haber","status":"publish","type":"product","link":"https:\/\/roveyayinevi.com.tr\/index.php\/urun\/istanbuldan-ne-haber\/","title":{"rendered":"\u0130stanbul&#8217;dan Ne Haber"},"content":{"rendered":"<p>Bizde zengin olman\u0131n pek\u00e7ok yolu var. Ama bu yollar\u0131n hi\u00e7biri de \u00e7al\u0131\u015farak zengin olmak de\u011fildir. Zaman zaman zengin olman\u0131n modalar\u0131 \u00e7\u0131kar. &#8220;N\u00fcfuz ticareti&#8221; bunlar\u0131n en ba\u015f\u0131nda gelir. Siyasi n\u00fcfuzu olan biriyle k\u0131z al\u0131p vererek akraba olmak; iktidara alk\u0131\u015f tutmak; hi\u00e7bir ilkesi olmamak; &#8220;partiden partiye salla yemeni &#8230; &#8221; Daha bis\u00fcr\u00fc zengin olma yolu vard\u0131r. G\u00fcn\u00fcm\u00fczde en yayg\u0131n olan\u0131, bir arsa sahibi olmakt\u0131r. Nerde &#8220;imar&#8221; yap\u0131laca\u011f\u0131n\u0131n kokusunu al\u0131p da orda ucuza arsa kapatmak, az kazan\u00e7l\u0131 i\u015f midir? \u015eimdi biz, hi\u00e7kimse duymadan Bo\u011faz k\u00f6pr\u00fcs\u00fcn\u00fcn ayaklar\u0131n\u0131n nerelere at\u0131laca\u011f\u0131n\u0131 gizlice \u00f6\u011frenebilseydik de, oralarda \u00fc\u00e7er-d\u00f6rder liradan arsa kapat\u0131verseydik &#8230; Efendim? Milyoner olmu\u015f gitmi\u015ftik. Hem memleket &#8220;imar&#8221; olur, hem biz &#8220;mamur&#8221; olurduk. &#8220;Cennetin Anahtar\u0131&#8221; adl\u0131 yaz\u0131dan  <\/p>\n","protected":false},"excerpt":{"rendered":"<p>Bizde zengin olman\u0131n pek\u00e7ok yolu var. Ama bu yollar\u0131n hi\u00e7biri de \u00e7al\u0131\u015farak zengin olmak de\u011fildir. Zaman zaman zengin olman\u0131n modalar\u0131 \u00e7\u0131kar. &#8220;N\u00fcfuz ticareti&#8221; bunlar\u0131n en ba\u015f\u0131nda<span class=\"excerpt-hellip\"> [\u2026]<\/span><\/p>\n","protected":false},"featured_media":0,"template":"","meta":{"_monsterinsights_skip_tracking":false,"_monsterinsights_sitenote_active":false,"_monsterinsights_sitenote_note":"","_monsterinsights_sitenote_category":0},"product_brand":[],"product_cat":[13072,12291],"product_tag":[],"class_list":{"0":"post-734991","1":"product","2":"type-product","3":"status-publish","5":"product_cat-arastirma-inceleme-referans","6":"product_cat-edebiyat","7":"pa_cilt-ciltsiz","8":"pa_tur-kitap","9":"pa_yayinevi-nesin-yayinlari","10":"pa_yazar-aziz-nesin","12":"first","13":"instock","14":"sale","15":"shipping-taxable","16":"purchasable","17":"product-type-simple"},"_links":{"self":[{"href":"https:\/\/roveyayinevi.com.tr\/index.php\/wp-json\/wp\/v2\/product\/734991","targetHints":{"allow":["GET"]}}],"collection":[{"href":"https:\/\/roveyayinevi.com.tr\/index.php\/wp-json\/wp\/v2\/product"}],"about":[{"href":"https:\/\/roveyayinevi.com.tr\/index.php\/wp-json\/wp\/v2\/types\/product"}],"wp:attachment":[{"href":"https:\/\/roveyayinevi.com.tr\/index.php\/wp-json\/wp\/v2\/media?parent=734991"}],"wp:term":[{"taxonomy":"product_brand","embeddable":true,"href":"https:\/\/roveyayinevi.com.tr\/index.php\/wp-json\/wp\/v2\/product_brand?post=734991"},{"taxonomy":"product_cat","embeddable":true,"href":"https:\/\/roveyayinevi.com.tr\/index.php\/wp-json\/wp\/v2\/product_cat?post=734991"},{"taxonomy":"product_tag","embeddable":true,"href":"https:\/\/roveyayinevi.com.tr\/index.php\/wp-json\/wp\/v2\/product_tag?post=734991"}],"curies":[{"name":"wp","href":"https:\/\/api.w.org\/{rel}","templated":true}]}}