{"id":734988,"date":"2025-08-27T22:38:22","date_gmt":"2025-08-27T19:38:22","guid":{"rendered":"https:\/\/roveyayinevi.com.tr\/index.php\/urun\/dunbatimi-defterleri\/"},"modified":"2026-04-12T02:49:57","modified_gmt":"2026-04-11T23:49:57","slug":"dunbatimi-defterleri","status":"publish","type":"product","link":"https:\/\/roveyayinevi.com.tr\/index.php\/urun\/dunbatimi-defterleri\/","title":{"rendered":"D\u00fcnbat\u0131m\u0131 Defterleri"},"content":{"rendered":"<p>D\u00fcnbat\u0131m\u0131 Defterleri, \u0130brahim Y\u0131ld\u0131r\u0131m\u2019\u0131n kaleminden, al\u0131\u015f\u0131lm\u0131\u015f\u0131n d\u0131\u015f\u0131nda, zihin g\u0131d\u0131klay\u0131c\u0131, bol oyunlu, roman t\u00fcr\u00fcn\u00fcn s\u0131n\u0131rlar\u0131n\u0131 darmada\u011f\u0131n eden \u201cEdeb\u00ee, \u0130\u00e7tima\u00ee, Cina\u00ee, T\u0131bb\u00ee Bir Kolaj\u201d. Y\u0131ld\u0131r\u0131m, bu kez, 16-18 Nisan 2017\u2019de \u201celli saatlik\u201d bir zaman diliminde ya\u015fananlar\u0131 anlat\u0131yor\u2026  Y\u0131llar evvel yazd\u0131\u011f\u0131 M\u00e2l\u00fbmatn\u00e2me adl\u0131 eseri y\u00fcz\u00fcnden edebiyat d\u00fcnyas\u0131ndan aforoz edilmi\u015f bir yazar\u0131n, hayata veda eden son dostunun ard\u0131ndan, b\u00fct\u00fcn bir \u00f6mr\u00fcn beyhudeli\u011fi \u00fczerine kaleme ald\u0131\u011f\u0131 \u00e7\u0131\u011fl\u0131k \u00e7\u0131\u011fl\u0131\u011fa bir \u201cnisan\u201d a\u011f\u0131t\u0131! Zeyrek\u2019teki bir muayenehane ile \u015ei\u015fli\u2019deki bir binan\u0131n zemin kat\u0131nda ya\u015fananlar ve anlat\u0131c\u0131n\u0131n art arda ger\u00e7ekle\u015ftirdi\u011fi sorgulamalar! Salinger\u2019dan O\u011fuz Atay\u2019a, Anthony Burges\u2019ten Peyami Safa\u2019ya, Mihri Hatun\u2019dan Sylvia Plath\u2019a, Yusuf At\u0131lgan\u2019dan Gon\u00e7arov\u2019a nice yazar\u0131n konuk oldu\u011fu, oyunbaz bir ge\u00e7it resmi.  D\u00fcnbat\u0131m\u0131 Defterleri, Y\u0131ld\u0131r\u0131m\u2019\u0131n bug\u00fcne de\u011fin yazd\u0131klar\u0131n\u0131n s\u0131n\u0131rlar\u0131n\u0131geni\u015fletiyor.  <\/p>\n","protected":false},"excerpt":{"rendered":"<p>D\u00fcnbat\u0131m\u0131 Defterleri, \u0130brahim Y\u0131ld\u0131r\u0131m\u2019\u0131n kaleminden, al\u0131\u015f\u0131lm\u0131\u015f\u0131n d\u0131\u015f\u0131nda, zihin g\u0131d\u0131klay\u0131c\u0131, bol oyunlu, roman t\u00fcr\u00fcn\u00fcn s\u0131n\u0131rlar\u0131n\u0131 darmada\u011f\u0131n eden \u201cEdeb\u00ee, \u0130\u00e7tima\u00ee, Cina\u00ee, T\u0131bb\u00ee Bir Kolaj\u201d. Y\u0131ld\u0131r\u0131m, bu kez, 16-18<span class=\"excerpt-hellip\"> [\u2026]<\/span><\/p>\n","protected":false},"featured_media":0,"template":"","meta":{"_monsterinsights_skip_tracking":false,"_monsterinsights_sitenote_active":false,"_monsterinsights_sitenote_note":"","_monsterinsights_sitenote_category":0},"product_brand":[],"product_cat":[12291,12711],"product_tag":[],"class_list":{"0":"post-734988","1":"product","2":"type-product","3":"status-publish","5":"product_cat-edebiyat","6":"product_cat-roman-oyku","7":"pa_cilt-ciltsiz","8":"pa_tur-kitap","9":"pa_yayinevi-kirmizi-kedi-yayinevi","10":"pa_yazar-ibrahim-yildirim","12":"first","13":"instock","14":"sale","15":"shipping-taxable","16":"purchasable","17":"product-type-simple"},"_links":{"self":[{"href":"https:\/\/roveyayinevi.com.tr\/index.php\/wp-json\/wp\/v2\/product\/734988","targetHints":{"allow":["GET"]}}],"collection":[{"href":"https:\/\/roveyayinevi.com.tr\/index.php\/wp-json\/wp\/v2\/product"}],"about":[{"href":"https:\/\/roveyayinevi.com.tr\/index.php\/wp-json\/wp\/v2\/types\/product"}],"wp:attachment":[{"href":"https:\/\/roveyayinevi.com.tr\/index.php\/wp-json\/wp\/v2\/media?parent=734988"}],"wp:term":[{"taxonomy":"product_brand","embeddable":true,"href":"https:\/\/roveyayinevi.com.tr\/index.php\/wp-json\/wp\/v2\/product_brand?post=734988"},{"taxonomy":"product_cat","embeddable":true,"href":"https:\/\/roveyayinevi.com.tr\/index.php\/wp-json\/wp\/v2\/product_cat?post=734988"},{"taxonomy":"product_tag","embeddable":true,"href":"https:\/\/roveyayinevi.com.tr\/index.php\/wp-json\/wp\/v2\/product_tag?post=734988"}],"curies":[{"name":"wp","href":"https:\/\/api.w.org\/{rel}","templated":true}]}}