{"id":734982,"date":"2025-08-27T22:38:15","date_gmt":"2025-08-27T19:38:15","guid":{"rendered":"https:\/\/roveyayinevi.com.tr\/index.php\/urun\/gokkusagina-asik-olan-kadin\/"},"modified":"2026-04-16T02:42:55","modified_gmt":"2026-04-15T23:42:55","slug":"gokkusagina-asik-olan-kadin","status":"publish","type":"product","link":"https:\/\/roveyayinevi.com.tr\/index.php\/urun\/gokkusagina-asik-olan-kadin\/","title":{"rendered":"G\u00f6kku\u015fa\u011f\u0131na A\u015f\u0131k Olan Kad\u0131n"},"content":{"rendered":"<p>Bildi\u011fim tek \u015fey; bu adam\u0131n, par\u00e7alad\u0131\u011f\u0131 ruhumu tek bir g\u00fcl\u00fc\u015f\u00fcyle onarabilecek g\u00fc\u00e7te oldu\u011fuydu. Can\u0131 isterse k\u0131r\u0131p d\u00f6kt\u00fc\u011f\u00fc her \u015feyi tek bir hareketiyle toplama g\u00fcc\u00fcne sahipti. Tek bir bak\u0131\u015f\u0131yla beni hayata d\u00f6nd\u00fcr\u00fcp nefesim olabiliyordu. Ve bence, bunun fark\u0131nda oldu\u011fu i\u00e7in benden ka\u00e7\u0131yordu. Hayat\u0131nda hi\u00e7 sevilmemi\u015f, duygular\u0131na kar\u015f\u0131l\u0131k alamam\u0131\u015f, belki de ger\u00e7ek anlamda sevmeyi bilmeyen bir adamd\u0131 o. Ben de \u00f6yleydim. Biz ayn\u0131yd\u0131k, birdik. <\/p>\n","protected":false},"excerpt":{"rendered":"<p>Bildi\u011fim tek \u015fey; bu adam\u0131n, par\u00e7alad\u0131\u011f\u0131 ruhumu tek bir g\u00fcl\u00fc\u015f\u00fcyle onarabilecek g\u00fc\u00e7te oldu\u011fuydu. Can\u0131 isterse k\u0131r\u0131p d\u00f6kt\u00fc\u011f\u00fc her \u015feyi tek bir hareketiyle toplama g\u00fcc\u00fcne sahipti. Tek<span class=\"excerpt-hellip\"> [\u2026]<\/span><\/p>\n","protected":false},"featured_media":0,"template":"","meta":{"_monsterinsights_skip_tracking":false,"_monsterinsights_sitenote_active":false,"_monsterinsights_sitenote_note":"","_monsterinsights_sitenote_category":0},"product_brand":[],"product_cat":[12291,12711],"product_tag":[],"class_list":{"0":"post-734982","1":"product","2":"type-product","3":"status-publish","5":"product_cat-edebiyat","6":"product_cat-roman-oyku","7":"pa_cilt-ciltsiz","8":"pa_tur-kitap","9":"pa_yayinevi-luna-yayinlari","10":"pa_yazar-kubra-ozcelik","12":"first","13":"instock","14":"sale","15":"shipping-taxable","16":"purchasable","17":"product-type-simple"},"_links":{"self":[{"href":"https:\/\/roveyayinevi.com.tr\/index.php\/wp-json\/wp\/v2\/product\/734982","targetHints":{"allow":["GET"]}}],"collection":[{"href":"https:\/\/roveyayinevi.com.tr\/index.php\/wp-json\/wp\/v2\/product"}],"about":[{"href":"https:\/\/roveyayinevi.com.tr\/index.php\/wp-json\/wp\/v2\/types\/product"}],"wp:attachment":[{"href":"https:\/\/roveyayinevi.com.tr\/index.php\/wp-json\/wp\/v2\/media?parent=734982"}],"wp:term":[{"taxonomy":"product_brand","embeddable":true,"href":"https:\/\/roveyayinevi.com.tr\/index.php\/wp-json\/wp\/v2\/product_brand?post=734982"},{"taxonomy":"product_cat","embeddable":true,"href":"https:\/\/roveyayinevi.com.tr\/index.php\/wp-json\/wp\/v2\/product_cat?post=734982"},{"taxonomy":"product_tag","embeddable":true,"href":"https:\/\/roveyayinevi.com.tr\/index.php\/wp-json\/wp\/v2\/product_tag?post=734982"}],"curies":[{"name":"wp","href":"https:\/\/api.w.org\/{rel}","templated":true}]}}