{"id":734981,"date":"2025-08-27T22:38:13","date_gmt":"2025-08-27T19:38:13","guid":{"rendered":"https:\/\/roveyayinevi.com.tr\/index.php\/urun\/senso\/"},"modified":"2026-04-16T02:42:55","modified_gmt":"2026-04-15T23:42:55","slug":"senso","status":"publish","type":"product","link":"https:\/\/roveyayinevi.com.tr\/index.php\/urun\/senso\/","title":{"rendered":"Senso"},"content":{"rendered":"<p>Bir yanl\u0131\u015f anla\u015f\u0131lma sonucunda, birbirini hi\u00e7 tan\u0131mayan iki insan\u0131n kendilerini alakadar etmeyen bir d\u00fc\u011f\u00fcnde kar\u015f\u0131 kar\u015f\u0131ya gelmesinin hik\u00e2yesi. G\u00fcney \u0130talya\u2019da, eski bir otelin etraf\u0131ndaki devasa park, Germano ve Elena\u2019n\u0131n birbirine tutunma mek\u00e2n\u0131 oluyor. Kendilerini gecenin kollar\u0131na b\u0131rakan \u00e7ift, hayat\u0131n anlam\u0131yla y\u00fczle\u015fiyor. Kendinden ka\u00e7amayanlar\u0131n ka\u00e7amak \u00f6yk\u00fcs\u00fc. <\/p>\n","protected":false},"excerpt":{"rendered":"<p>Bir yanl\u0131\u015f anla\u015f\u0131lma sonucunda, birbirini hi\u00e7 tan\u0131mayan iki insan\u0131n kendilerini alakadar etmeyen bir d\u00fc\u011f\u00fcnde kar\u015f\u0131 kar\u015f\u0131ya gelmesinin hik\u00e2yesi. G\u00fcney \u0130talya\u2019da, eski bir otelin etraf\u0131ndaki devasa park,<span class=\"excerpt-hellip\"> [\u2026]<\/span><\/p>\n","protected":false},"featured_media":0,"template":"","meta":{"_monsterinsights_skip_tracking":false,"_monsterinsights_sitenote_active":false,"_monsterinsights_sitenote_note":"","_monsterinsights_sitenote_category":0},"product_brand":[],"product_cat":[12416,12291],"product_tag":[],"class_list":{"0":"post-734981","1":"product","2":"type-product","3":"status-publish","5":"product_cat-cizgi-roman","6":"product_cat-edebiyat","7":"pa_cilt-ciltsiz","8":"pa_tur-kitap","9":"pa_yayinevi-kara-karga-yayinlari","10":"pa_yazar-alfred","12":"first","13":"instock","14":"sale","15":"shipping-taxable","16":"purchasable","17":"product-type-simple"},"_links":{"self":[{"href":"https:\/\/roveyayinevi.com.tr\/index.php\/wp-json\/wp\/v2\/product\/734981","targetHints":{"allow":["GET"]}}],"collection":[{"href":"https:\/\/roveyayinevi.com.tr\/index.php\/wp-json\/wp\/v2\/product"}],"about":[{"href":"https:\/\/roveyayinevi.com.tr\/index.php\/wp-json\/wp\/v2\/types\/product"}],"wp:attachment":[{"href":"https:\/\/roveyayinevi.com.tr\/index.php\/wp-json\/wp\/v2\/media?parent=734981"}],"wp:term":[{"taxonomy":"product_brand","embeddable":true,"href":"https:\/\/roveyayinevi.com.tr\/index.php\/wp-json\/wp\/v2\/product_brand?post=734981"},{"taxonomy":"product_cat","embeddable":true,"href":"https:\/\/roveyayinevi.com.tr\/index.php\/wp-json\/wp\/v2\/product_cat?post=734981"},{"taxonomy":"product_tag","embeddable":true,"href":"https:\/\/roveyayinevi.com.tr\/index.php\/wp-json\/wp\/v2\/product_tag?post=734981"}],"curies":[{"name":"wp","href":"https:\/\/api.w.org\/{rel}","templated":true}]}}