{"id":734980,"date":"2025-08-27T22:38:13","date_gmt":"2025-08-27T19:38:13","guid":{"rendered":"https:\/\/roveyayinevi.com.tr\/index.php\/urun\/yoldas-siyasi-aidiyet-uzerine-bir-deneme\/"},"modified":"2026-04-16T02:42:55","modified_gmt":"2026-04-15T23:42:55","slug":"yoldas-siyasi-aidiyet-uzerine-bir-deneme","status":"publish","type":"product","link":"https:\/\/roveyayinevi.com.tr\/index.php\/urun\/yoldas-siyasi-aidiyet-uzerine-bir-deneme\/","title":{"rendered":"Yolda\u015f &#8211; Siyasi Aidiyet \u00dczerine Bir Deneme"},"content":{"rendered":"<p>Yirminci y\u00fczy\u0131lda d\u00fcnyan\u0131n d\u00f6rt bir yan\u0131nda milyonlarca insan birbirine \u201cyolda\u015f\u201d diye hitap etti. \u015eimdiyse solda daha yayg\u0131n olarak \u201cm\u00fcttefik\u201dlerden bahsediliyor. Yolda\u015f\u2019ta Jodi Dean i\u015fte bu de\u011fi\u015fimin \u00e7a\u011fda\u015f solun temel sorununa i\u015faret etti\u011fini s\u00f6yl\u00fcyor: in\u015fa edilip s\u00fcrd\u00fcr\u00fclmesi, savunulmas\u0131 gereken bir siyasi aidiyet ili\u015fkisinin yerine siyasi kimliklerin ge\u00e7mesine\u2026   Dean bir yolda\u015fl\u0131k kuram\u0131 ortaya koyuyor. Yolda\u015flar bir siyasi m\u00fccadelenin ayn\u0131 saf\u0131nda yer alan e\u015fitlerdir. Adalet m\u00fccadelesi i\u00e7in g\u00f6n\u00fcll\u00fc olarak bir araya gelen yolda\u015flar\u0131n ili\u015fkisi, disiplinin, sevincin, cesaretin ve co\u015fkunun damgas\u0131n\u0131 ta\u015f\u0131r. Dean yolda\u015fl\u0131\u011f\u0131n e\u015fitlik\u00e7ili\u011fini \u0131rk ve cinsiyet farkl\u0131l\u0131klar\u0131 \u0131\u015f\u0131\u011f\u0131nda de\u011ferlendirirken Harry Haywood, C.L.R. James, Alexandra Kollontay ve Doris Lessing gibi pek \u00e7ok tarihi ve edebi ismin deneyimlerine ba\u015fvuruyor. Ve e\u011fer \u201cSol\u201d olacaksak, yolda\u015f olmam\u0131z gerekti\u011fini savunuyor. \u201cYolda\u015f ayakta kalmay\u0131 bilen bir m\u00fccadeleciden de, m\u00fcttefikten de fazlas\u0131d\u0131r. Yolda\u015flar, \u00f6zg\u00fcr ve e\u015fitlik\u00e7i bir d\u00fcnya i\u00e7in verilen m\u00fccadelede ayn\u0131 safta duran insanlard\u0131r.\u201d<\/p>\n","protected":false},"excerpt":{"rendered":"<p>Yirminci y\u00fczy\u0131lda d\u00fcnyan\u0131n d\u00f6rt bir yan\u0131nda milyonlarca insan birbirine \u201cyolda\u015f\u201d diye hitap etti. \u015eimdiyse solda daha yayg\u0131n olarak \u201cm\u00fcttefik\u201dlerden bahsediliyor. Yolda\u015f\u2019ta Jodi Dean i\u015fte bu de\u011fi\u015fimin<span class=\"excerpt-hellip\"> [\u2026]<\/span><\/p>\n","protected":false},"featured_media":0,"template":"","meta":{"_monsterinsights_skip_tracking":false,"_monsterinsights_sitenote_active":false,"_monsterinsights_sitenote_note":"","_monsterinsights_sitenote_category":0},"product_brand":[],"product_cat":[13059,12337],"product_tag":[],"class_list":{"0":"post-734980","1":"product","2":"type-product","3":"status-publish","5":"product_cat-diger-politika-siyaset","6":"product_cat-politika-siyaset","7":"pa_cilt-ciltsiz","8":"pa_tur-kitap","9":"pa_yayinevi-minotor-kitap","10":"pa_yazar-jodi-dean","12":"first","13":"instock","14":"sale","15":"shipping-taxable","16":"purchasable","17":"product-type-simple"},"_links":{"self":[{"href":"https:\/\/roveyayinevi.com.tr\/index.php\/wp-json\/wp\/v2\/product\/734980","targetHints":{"allow":["GET"]}}],"collection":[{"href":"https:\/\/roveyayinevi.com.tr\/index.php\/wp-json\/wp\/v2\/product"}],"about":[{"href":"https:\/\/roveyayinevi.com.tr\/index.php\/wp-json\/wp\/v2\/types\/product"}],"wp:attachment":[{"href":"https:\/\/roveyayinevi.com.tr\/index.php\/wp-json\/wp\/v2\/media?parent=734980"}],"wp:term":[{"taxonomy":"product_brand","embeddable":true,"href":"https:\/\/roveyayinevi.com.tr\/index.php\/wp-json\/wp\/v2\/product_brand?post=734980"},{"taxonomy":"product_cat","embeddable":true,"href":"https:\/\/roveyayinevi.com.tr\/index.php\/wp-json\/wp\/v2\/product_cat?post=734980"},{"taxonomy":"product_tag","embeddable":true,"href":"https:\/\/roveyayinevi.com.tr\/index.php\/wp-json\/wp\/v2\/product_tag?post=734980"}],"curies":[{"name":"wp","href":"https:\/\/api.w.org\/{rel}","templated":true}]}}