{"id":734979,"date":"2025-08-27T22:38:12","date_gmt":"2025-08-27T19:38:12","guid":{"rendered":"https:\/\/roveyayinevi.com.tr\/index.php\/urun\/yoklugumdan-aklimda-kalanlar\/"},"modified":"2026-04-16T02:42:55","modified_gmt":"2026-04-15T23:42:55","slug":"yoklugumdan-aklimda-kalanlar","status":"publish","type":"product","link":"https:\/\/roveyayinevi.com.tr\/index.php\/urun\/yoklugumdan-aklimda-kalanlar\/","title":{"rendered":"Yoklu\u011fumdan Akl\u0131mda Kalanlar"},"content":{"rendered":"<p>Kad\u0131nlar\u0131n sessiz kalmas\u0131n\u0131 tercih eden bir toplumda kad\u0131n bir yazar\u0131n kendi sesini bulma \u00f6yk\u00fcs\u00fc, sanat\u00e7\u0131n\u0131n gen\u00e7 bir kad\u0131n olarak portresi\u2026 Yoklu\u011fumdan Akl\u0131mda Kalanlar\u2019da Rebecca Solnit 1980\u2019lerin San Francisco\u2019sunda, kad\u0131na y\u00f6nelik \u015fiddetin hem sokakta hem de toplumun t\u00fcm tabakalar\u0131nda yayg\u0131n oldu\u011fu, kad\u0131nlar\u0131n k\u00fclt\u00fcrel arenadan kolayca d\u0131\u015fland\u0131\u011f\u0131 bir ortamda yazar olarak ortaya \u00e7\u0131k\u0131\u015f\u0131n\u0131 anlat\u0131yor. En b\u00fcy\u00fck \u00f6\u011fretmenim dedi\u011fi kentteki savrulu\u015flar\u0131n\u0131, fakirli\u011fi ve \u00fcmidi; on dokuz ya\u015f\u0131ndayken ki\u015fisel d\u00f6n\u00fc\u015f\u00fcm\u00fcne ev sahipli\u011fi yapmaya ba\u015flayan k\u00fc\u00e7\u00fck apartman dairesini; punk rock\u2019\u0131n hem \u00f6fkesine hem de i\u00e7indeki patlay\u0131c\u0131 enerjiye nas\u0131l bi\u00e7im ve ses kazand\u0131rd\u0131\u011f\u0131n\u0131 tarif ediyor. Kad\u0131nlar\u0131 k\u00fc\u00e7\u00fcmseyen, onlar\u0131n s\u00f6z\u00fcne inanmayan otorite fig\u00fcrlerinden bahseden Solnit, geriye d\u00f6n\u00fcp bakt\u0131\u011f\u0131nda t\u00fcm bunlar\u0131 hem ge\u00e7mi\u015fte hem de bug\u00fcn h\u00e2l\u00e2 kad\u0131nlar\u0131n ola\u011fan durumu olan sessizle\u015ftirilmi\u015fli\u011fin sonu\u00e7lar\u0131 olarak g\u00f6r\u00fcyor ve bizlere de yazarl\u0131\u011fa, kad\u0131n haklar\u0131 savunucusu olmaya giden yolda bununla nas\u0131l m\u00fccadele etti\u011finin \u00f6yk\u00fcs\u00fcn\u00fc anlat\u0131yor.Kendisini hem insan hem de yazar olarak \u00f6zg\u00fcrle\u015ftiren g\u00fc\u00e7leri; yani kitaplar\u0131, cinsiyet, aile ve sevincin ne gibi farkl\u0131 g\u00f6r\u00fcn\u00fcmlere b\u00fcr\u00fcnebilece\u011fi konusunda kendisine ba\u015fka ba\u015fka bak\u0131\u015f a\u00e7\u0131lar\u0131 kazand\u0131ran etraf\u0131ndaki gey erkekleri ve sonunda Amerikan Bat\u0131s\u0131\u2019n\u0131n o u\u00e7suz bucaks\u0131z topraklar\u0131na var\u0131\u015f\u0131n\u0131, o topraklar\u0131n \u00f6teden beri g\u00f6z ard\u0131 edilen \u00e7at\u0131\u015fmalar\u0131na dahil olu\u015funu irdelerken bir yandan da b\u00fct\u00fcn bu etkilerin kendisine \u00f6zg\u00fcn bir yazar olmay\u0131 nas\u0131l \u00f6\u011fretti\u011fine ve pek \u00e7ok ba\u015fka insana hitap eden, onlara g\u00fc\u00e7 kazand\u0131ran bir sese nas\u0131l kavu\u015fturdu\u011funa de\u011finiyor. <\/p>\n","protected":false},"excerpt":{"rendered":"<p>Kad\u0131nlar\u0131n sessiz kalmas\u0131n\u0131 tercih eden bir toplumda kad\u0131n bir yazar\u0131n kendi sesini bulma \u00f6yk\u00fcs\u00fc, sanat\u00e7\u0131n\u0131n gen\u00e7 bir kad\u0131n olarak portresi\u2026 Yoklu\u011fumdan Akl\u0131mda Kalanlar\u2019da Rebecca Solnit 1980\u2019lerin<span class=\"excerpt-hellip\"> [\u2026]<\/span><\/p>\n","protected":false},"featured_media":0,"template":"","meta":{"_monsterinsights_skip_tracking":false,"_monsterinsights_sitenote_active":false,"_monsterinsights_sitenote_note":"","_monsterinsights_sitenote_category":0},"product_brand":[],"product_cat":[12777,12291],"product_tag":[],"class_list":{"0":"post-734979","1":"product","2":"type-product","3":"status-publish","5":"product_cat-deneme","6":"product_cat-edebiyat","7":"pa_cilt-ciltsiz","8":"pa_tur-kitap","9":"pa_yayinevi-minotor-kitap","10":"pa_yazar-rebecca-solnit","12":"first","13":"instock","14":"sale","15":"shipping-taxable","16":"purchasable","17":"product-type-simple"},"_links":{"self":[{"href":"https:\/\/roveyayinevi.com.tr\/index.php\/wp-json\/wp\/v2\/product\/734979","targetHints":{"allow":["GET"]}}],"collection":[{"href":"https:\/\/roveyayinevi.com.tr\/index.php\/wp-json\/wp\/v2\/product"}],"about":[{"href":"https:\/\/roveyayinevi.com.tr\/index.php\/wp-json\/wp\/v2\/types\/product"}],"wp:attachment":[{"href":"https:\/\/roveyayinevi.com.tr\/index.php\/wp-json\/wp\/v2\/media?parent=734979"}],"wp:term":[{"taxonomy":"product_brand","embeddable":true,"href":"https:\/\/roveyayinevi.com.tr\/index.php\/wp-json\/wp\/v2\/product_brand?post=734979"},{"taxonomy":"product_cat","embeddable":true,"href":"https:\/\/roveyayinevi.com.tr\/index.php\/wp-json\/wp\/v2\/product_cat?post=734979"},{"taxonomy":"product_tag","embeddable":true,"href":"https:\/\/roveyayinevi.com.tr\/index.php\/wp-json\/wp\/v2\/product_tag?post=734979"}],"curies":[{"name":"wp","href":"https:\/\/api.w.org\/{rel}","templated":true}]}}