{"id":734978,"date":"2025-08-27T22:38:10","date_gmt":"2025-08-27T19:38:10","guid":{"rendered":"https:\/\/roveyayinevi.com.tr\/index.php\/urun\/kisin-yuregi-zaman-carki-9\/"},"modified":"2026-04-16T02:42:55","modified_gmt":"2026-04-15T23:42:55","slug":"kisin-yuregi-zaman-carki-9","status":"publish","type":"product","link":"https:\/\/roveyayinevi.com.tr\/index.php\/urun\/kisin-yuregi-zaman-carki-9\/","title":{"rendered":"K\u0131\u015f\u0131n Y\u00fcre\u011fi &#8211; Zaman \u00c7ark\u0131 9"},"content":{"rendered":"<p>\u201cZaman \u00c7ark\u0131 d\u00f6ner, \u00c7a\u011flar gelip ge\u00e7er, efsanele\u015fen an\u0131lar b\u0131rak\u0131r ard\u0131nda. Efsaneler solarak mit olur ve onlar\u0131 do\u011furan \u00c7a\u011f yeniden geldi\u011finde mitler bile unutulur.\u201d   Fantastik edebiyat\u0131n devi Robert Jordan\u2019\u0131n kaleminden \u00e7\u0131kan Zaman \u00c7ark\u0131 destan\u0131 d\u00fcnya \u00e7ap\u0131nda milyonlar\u0131n hayal g\u00fcc\u00fcnde yer etti. Ayr\u0131nt\u0131l\u0131 d\u00fcnyas\u0131, en ince detay\u0131na kadar d\u00fc\u015f\u00fcn\u00fclm\u00fc\u015f b\u00fcy\u00fc sistemi, g\u00f6n\u00fcllere taht kuran karakterleri Zaman \u00c7ark\u0131\u2019n\u0131n okurlar taraf\u0131ndan bu kadar sevilmesinin sadece birka\u00e7 sebebi. Zaman \u00c7ark\u0131\u2019n\u0131n etkileri, Patrick Rothfuss, Brandon Sanderson, Brent Weeks gibi g\u00fcn\u00fcm\u00fcz\u00fcn en b\u00fcy\u00fck fantastik yazarlar\u0131n\u0131n eserlerinde g\u00f6r\u00fclebilir.   Yenidendo\u011fan Ejder Rand al\u2019Thor, Karanl\u0131k Varl\u0131k\u2019\u0131n lekeledi\u011fi saidin\u2019e, Ger\u00e7ek Kaynak\u2019\u0131n eril yar\u0131s\u0131na yenik d\u00fc\u015f\u00fcyordu. Asha\u2019man takip\u00e7ileri de daha \u00f6nce Kahramanlar \u00c7a\u011f\u0131\u2019na son veren delili\u011fin belirtilerini g\u00f6steriyorlard\u0131.   Rand bocalarken sava\u015ftan mustarip bir yere Karanl\u0131k \u00e7\u00f6k\u00fcyordu. Ebou Dar\u2019da Seanchan g\u00fc\u00e7leri ac\u0131mas\u0131z sald\u0131r\u0131lar\u0131n\u0131 s\u00fcrd\u00fcr\u00fcyordu. Shayol Ghul\u2019deyse Ejder\u2019i yok etmek i\u00e7in Terkedilmi\u015fler g\u00fc\u00e7lerini birle\u015ftirmekteydi.   Rand\u2019\u0131n tek \u015fans\u0131 imk\u00e2ns\u0131z\u0131 denemek ve saidin\u2019deki lekeyi ortadan kald\u0131rmakt\u0131. Fakat bunu becermek i\u00e7in daha \u00f6nce hi\u00e7 kimsenin kendini riske atmad\u0131\u011f\u0131, Kahramanlar \u00c7a\u011f\u0131\u2019ndan kalma bir g\u00fc\u00e7te uzmanla\u015fmas\u0131 gerekiyordu; Yarat\u0131l\u0131\u015f\u2019\u0131 ortadan kald\u0131rabilecek ve Zaman\u2019\u0131n kendisine son verebilecek bir g\u00fc\u00e7.   Ejderha, bir kez daha zaman\u0131n r\u00fczg\u00e2rlar\u0131nda havalanacak.   \u201cRobert Jordan\u2019\u0131n fantastik edebiyat\u0131n k\u00fclt\u00fcr\u00fcm\u00fczde yer edinmesindeki etkisi muazzam.\u201d \u2013Guy Gavriel Kay   \u201cRobert Jordan \u00f6yle b\u00fcy\u00fck bir romanc\u0131 ki ben dahil bir jenerasyonu k\u00f6k\u00fcnden etkiledi. Ona ne kadar te\u015fekk\u00fcr etsem az.\u201d \u2013Peter V. Brett <\/p>\n","protected":false},"excerpt":{"rendered":"<p>\u201cZaman \u00c7ark\u0131 d\u00f6ner, \u00c7a\u011flar gelip ge\u00e7er, efsanele\u015fen an\u0131lar b\u0131rak\u0131r ard\u0131nda. Efsaneler solarak mit olur ve onlar\u0131 do\u011furan \u00c7a\u011f yeniden geldi\u011finde mitler bile unutulur.\u201d Fantastik edebiyat\u0131n devi<span class=\"excerpt-hellip\"> [\u2026]<\/span><\/p>\n","protected":false},"featured_media":0,"template":"","meta":{"_monsterinsights_skip_tracking":false,"_monsterinsights_sitenote_active":false,"_monsterinsights_sitenote_note":"","_monsterinsights_sitenote_category":0},"product_brand":[],"product_cat":[12291,14777],"product_tag":[],"class_list":{"0":"post-734978","1":"product","2":"type-product","3":"status-publish","5":"product_cat-edebiyat","6":"product_cat-fantastik","7":"pa_cilt-ciltsiz","8":"pa_tur-kitap","9":"pa_yayinevi-ithaki-yayinlari","10":"pa_yazar-robert-jordan","12":"first","13":"instock","14":"sale","15":"shipping-taxable","16":"purchasable","17":"product-type-simple"},"_links":{"self":[{"href":"https:\/\/roveyayinevi.com.tr\/index.php\/wp-json\/wp\/v2\/product\/734978","targetHints":{"allow":["GET"]}}],"collection":[{"href":"https:\/\/roveyayinevi.com.tr\/index.php\/wp-json\/wp\/v2\/product"}],"about":[{"href":"https:\/\/roveyayinevi.com.tr\/index.php\/wp-json\/wp\/v2\/types\/product"}],"wp:attachment":[{"href":"https:\/\/roveyayinevi.com.tr\/index.php\/wp-json\/wp\/v2\/media?parent=734978"}],"wp:term":[{"taxonomy":"product_brand","embeddable":true,"href":"https:\/\/roveyayinevi.com.tr\/index.php\/wp-json\/wp\/v2\/product_brand?post=734978"},{"taxonomy":"product_cat","embeddable":true,"href":"https:\/\/roveyayinevi.com.tr\/index.php\/wp-json\/wp\/v2\/product_cat?post=734978"},{"taxonomy":"product_tag","embeddable":true,"href":"https:\/\/roveyayinevi.com.tr\/index.php\/wp-json\/wp\/v2\/product_tag?post=734978"}],"curies":[{"name":"wp","href":"https:\/\/api.w.org\/{rel}","templated":true}]}}