{"id":734977,"date":"2025-08-27T22:38:09","date_gmt":"2025-08-27T19:38:09","guid":{"rendered":"https:\/\/roveyayinevi.com.tr\/index.php\/urun\/hancer-yolu-zaman-carki-8\/"},"modified":"2026-04-16T02:42:55","modified_gmt":"2026-04-15T23:42:55","slug":"hancer-yolu-zaman-carki-8","status":"publish","type":"product","link":"https:\/\/roveyayinevi.com.tr\/index.php\/urun\/hancer-yolu-zaman-carki-8\/","title":{"rendered":"Han\u00e7er Yolu &#8211; Zaman \u00c7ark\u0131 8"},"content":{"rendered":"<p>\u201cZaman \u00c7ark\u0131 d\u00f6ner, \u00c7a\u011flar gelip ge\u00e7er, efsanele\u015fen an\u0131lar b\u0131rak\u0131r ard\u0131nda. Efsaneler solarak mit olur ve onlar\u0131 do\u011furan \u00c7a\u011f yeniden geldi\u011finde mitler bile unutulur.\u201dFantastik edebiyat\u0131n devi Robert Jordan\u2019\u0131n kaleminden \u00e7\u0131kan Zaman \u00c7ark\u0131 destan\u0131 d\u00fcnya \u00e7ap\u0131nda milyonlar\u0131n hayal g\u00fcc\u00fcnde yer etti. Ayr\u0131nt\u0131l\u0131 d\u00fcnyas\u0131, en ince detay\u0131na kadar d\u00fc\u015f\u00fcn\u00fclm\u00fc\u015f b\u00fcy\u00fc sistemi, g\u00f6n\u00fcllere taht kuran karakterleri Zaman \u00c7ark\u0131\u2019n\u0131n okurlar taraf\u0131ndan bu kadar sevilmesinin sadece birka\u00e7 sebebi. Zaman \u00c7ark\u0131\u2019n\u0131n etkileri, Patrick Rothfuss, Brandon Sanderson, Brent Weeks gibi g\u00fcn\u00fcm\u00fcz\u00fcn en b\u00fcy\u00fck fantastik yazarlar\u0131n\u0131n eserlerinde g\u00f6r\u00fclebilir.   Yenidendo\u011fan Ejder Rand al\u2019Thor, Illian\u2019\u0131 ele ge\u00e7irmi\u015f, Terkedilmi\u015f Sammael\u2019i ma\u011flup etmi\u015f ve Seanchan ordular\u0131n\u0131 ezip ge\u00e7mi\u015fti. Nynaeve, Aviendha ve Elayne ise Karanl\u0131k Varl\u0131k\u2019\u0131n hava \u00fczerindeki h\u00e2kimiyetini k\u0131rm\u0131\u015f ve Andor taht\u0131n\u0131 yeniden almaya haz\u0131rlan\u0131yordu. Ve Egwene al\u2019Vere, s\u00fcrg\u00fcn Aes Sedailerin lideri, ordular\u0131n\u0131 Beyaz Kule\u2019ye s\u00fcr\u00fcyordu.   Fakat Rand ve takip\u00e7isi Asha\u2019man, erkek Tek G\u00fc\u00e7 kullan\u0131c\u0131lar\u0131n\u0131n kaderi olan delili\u011fe kap\u0131l\u0131yordu. Karanl\u0131k Varl\u0131k\u2019\u0131n Ger\u00e7ek Kaynak\u2019taki lekesini ortadan kald\u0131ramazlarsa Karanl\u0131k\u2019a kar\u015f\u0131 verilecek Son Sava\u015f\u2019\u0131 g\u00f6remeyebilirlerdi.   Rand ak\u0131l sa\u011fl\u0131\u011f\u0131n\u0131 korumaya \u00e7abalarken Seanchan kar\u015f\u0131 sald\u0131r\u0131 i\u00e7in haz\u0131rlan\u0131yordu. Salidar\u2019daki Egwene al\u2019Vere ise Tar Valon\u2019u geri almak ve Aes Sedai\u2019yi birle\u015ftirmek i\u00e7in bir ordu toplamaktayd\u0131.   Ejderha, bir kez daha zaman\u0131n r\u00fczg\u00e2rlar\u0131nda havalanacak.   \u201cJordan\u2019\u0131n kalemi \u00e7ok sa\u011flam! Karakterleri, ince ince i\u015fledi\u011fi t\u00fcm o detaylar!\u201d \u2013Clint McElroy   \u201cD\u00fcnyas\u0131 geni\u015f, detaylar\u0131 yo\u011fun, karakterleri ikna edici muazzam bir kahramanl\u0131k fantazyas\u0131.\u201d \u2013L. Sprague de Camp <\/p>\n","protected":false},"excerpt":{"rendered":"<p>\u201cZaman \u00c7ark\u0131 d\u00f6ner, \u00c7a\u011flar gelip ge\u00e7er, efsanele\u015fen an\u0131lar b\u0131rak\u0131r ard\u0131nda. Efsaneler solarak mit olur ve onlar\u0131 do\u011furan \u00c7a\u011f yeniden geldi\u011finde mitler bile unutulur.\u201dFantastik edebiyat\u0131n devi Robert<span class=\"excerpt-hellip\"> [\u2026]<\/span><\/p>\n","protected":false},"featured_media":0,"template":"","meta":{"_monsterinsights_skip_tracking":false,"_monsterinsights_sitenote_active":false,"_monsterinsights_sitenote_note":"","_monsterinsights_sitenote_category":0},"product_brand":[],"product_cat":[12291,14777],"product_tag":[],"class_list":{"0":"post-734977","1":"product","2":"type-product","3":"status-publish","5":"product_cat-edebiyat","6":"product_cat-fantastik","7":"pa_cilt-ciltsiz","8":"pa_tur-kitap","9":"pa_yayinevi-ithaki-yayinlari","10":"pa_yazar-robert-jordan","12":"first","13":"instock","14":"sale","15":"shipping-taxable","16":"purchasable","17":"product-type-simple"},"_links":{"self":[{"href":"https:\/\/roveyayinevi.com.tr\/index.php\/wp-json\/wp\/v2\/product\/734977","targetHints":{"allow":["GET"]}}],"collection":[{"href":"https:\/\/roveyayinevi.com.tr\/index.php\/wp-json\/wp\/v2\/product"}],"about":[{"href":"https:\/\/roveyayinevi.com.tr\/index.php\/wp-json\/wp\/v2\/types\/product"}],"wp:attachment":[{"href":"https:\/\/roveyayinevi.com.tr\/index.php\/wp-json\/wp\/v2\/media?parent=734977"}],"wp:term":[{"taxonomy":"product_brand","embeddable":true,"href":"https:\/\/roveyayinevi.com.tr\/index.php\/wp-json\/wp\/v2\/product_brand?post=734977"},{"taxonomy":"product_cat","embeddable":true,"href":"https:\/\/roveyayinevi.com.tr\/index.php\/wp-json\/wp\/v2\/product_cat?post=734977"},{"taxonomy":"product_tag","embeddable":true,"href":"https:\/\/roveyayinevi.com.tr\/index.php\/wp-json\/wp\/v2\/product_tag?post=734977"}],"curies":[{"name":"wp","href":"https:\/\/api.w.org\/{rel}","templated":true}]}}