{"id":734975,"date":"2025-08-27T22:38:07","date_gmt":"2025-08-27T19:38:07","guid":{"rendered":"https:\/\/roveyayinevi.com.tr\/index.php\/urun\/dunyanin-omurgasi-drizzt-efsanesi-12-kitap\/"},"modified":"2026-04-16T02:42:55","modified_gmt":"2026-04-15T23:42:55","slug":"dunyanin-omurgasi-drizzt-efsanesi-12-kitap","status":"publish","type":"product","link":"https:\/\/roveyayinevi.com.tr\/index.php\/urun\/dunyanin-omurgasi-drizzt-efsanesi-12-kitap\/","title":{"rendered":"D\u00fcnyan\u0131n Omurgas\u0131 &#8211; Drizzt Efsanesi 12. Kitap"},"content":{"rendered":"<p>Abis\u2019in i\u015fkence odalar\u0131nda bir g\u00fcn ge\u00e7irmek bile en sa\u011flam iradeli insanlar\u0131 delirtmeye yeter. Buzyeli Vadisi\u2019nden Wulfgar orada tam alt\u0131 y\u0131l ge\u00e7irmi\u015fti. Errtu\u2019nun elinden kurtulmas\u0131na ra\u011fmen k\u00e2buslar\u0131ndan ka\u00e7may\u0131 ba\u015faramayan Wulfgar kendini Luskan\u2019da bulur. Burada sava\u015f \u00e7ekicini kaybeden, cinayetle su\u00e7lanan Wulfgar, kefaret yolculu\u011fundaki ilk ad\u0131m\u0131 atacakt\u0131r. \u00d6zg\u00fcrl\u00fc\u011fe duyulan ihtiyac\u0131 pek az ki\u015fi yalanlayabilir; tan\u0131\u015ft\u0131\u011f\u0131m herkes \u00f6zg\u00fcr irade sahibi olmay\u0131 arzuluyor ya da \u00f6yle oldu\u011funu san\u0131yor. Ne gariptir ki, bir\u00e7o\u011fu \u00f6zg\u00fcrl\u00fc\u011f\u00fcn geri yans\u0131yan h\u00e2li olan bedelini kabullenmeyi reddediyor: Sorumlulu\u011fu. <\/p>\n","protected":false},"excerpt":{"rendered":"<p>Abis\u2019in i\u015fkence odalar\u0131nda bir g\u00fcn ge\u00e7irmek bile en sa\u011flam iradeli insanlar\u0131 delirtmeye yeter. Buzyeli Vadisi\u2019nden Wulfgar orada tam alt\u0131 y\u0131l ge\u00e7irmi\u015fti. Errtu\u2019nun elinden kurtulmas\u0131na ra\u011fmen k\u00e2buslar\u0131ndan<span class=\"excerpt-hellip\"> [\u2026]<\/span><\/p>\n","protected":false},"featured_media":0,"template":"","meta":{"_monsterinsights_skip_tracking":false,"_monsterinsights_sitenote_active":false,"_monsterinsights_sitenote_note":"","_monsterinsights_sitenote_category":0},"product_brand":[],"product_cat":[12291,14777],"product_tag":[],"class_list":{"0":"post-734975","1":"product","2":"type-product","3":"status-publish","5":"product_cat-edebiyat","6":"product_cat-fantastik","7":"pa_cilt-ciltsiz","8":"pa_tur-kitap","9":"pa_yayinevi-ithaki-yayinlari","10":"pa_yazar-r-a-salvatore","12":"first","13":"instock","14":"sale","15":"shipping-taxable","16":"purchasable","17":"product-type-simple"},"_links":{"self":[{"href":"https:\/\/roveyayinevi.com.tr\/index.php\/wp-json\/wp\/v2\/product\/734975","targetHints":{"allow":["GET"]}}],"collection":[{"href":"https:\/\/roveyayinevi.com.tr\/index.php\/wp-json\/wp\/v2\/product"}],"about":[{"href":"https:\/\/roveyayinevi.com.tr\/index.php\/wp-json\/wp\/v2\/types\/product"}],"wp:attachment":[{"href":"https:\/\/roveyayinevi.com.tr\/index.php\/wp-json\/wp\/v2\/media?parent=734975"}],"wp:term":[{"taxonomy":"product_brand","embeddable":true,"href":"https:\/\/roveyayinevi.com.tr\/index.php\/wp-json\/wp\/v2\/product_brand?post=734975"},{"taxonomy":"product_cat","embeddable":true,"href":"https:\/\/roveyayinevi.com.tr\/index.php\/wp-json\/wp\/v2\/product_cat?post=734975"},{"taxonomy":"product_tag","embeddable":true,"href":"https:\/\/roveyayinevi.com.tr\/index.php\/wp-json\/wp\/v2\/product_tag?post=734975"}],"curies":[{"name":"wp","href":"https:\/\/api.w.org\/{rel}","templated":true}]}}